{"id":939,"date":"2022-02-23T10:27:12","date_gmt":"2022-02-23T10:27:12","guid":{"rendered":"http:\/\/kreisheimatbund.de\/?page_id=939"},"modified":"2022-02-23T10:31:15","modified_gmt":"2022-02-23T10:31:15","slug":"satzung","status":"publish","type":"page","link":"https:\/\/kreisheimatbund.de\/?page_id=939","title":{"rendered":"Satzung"},"content":{"rendered":"\t\t<div data-elementor-type=\"wp-page\" data-elementor-id=\"939\" class=\"elementor elementor-939\">\n\t\t\t\t\t\t<section class=\"elementor-section elementor-top-section elementor-element elementor-element-c62c9ea elementor-section-boxed elementor-section-height-default elementor-section-height-default\" data-id=\"c62c9ea\" data-element_type=\"section\" data-e-type=\"section\">\n\t\t\t\t\t\t<div class=\"elementor-container elementor-column-gap-default\">\n\t\t\t\t\t<div class=\"elementor-column elementor-col-100 elementor-top-column elementor-element elementor-element-615a4ee\" data-id=\"615a4ee\" data-element_type=\"column\" data-e-type=\"column\">\n\t\t\t<div class=\"elementor-widget-wrap elementor-element-populated\">\n\t\t\t\t\t\t<div class=\"elementor-element elementor-element-0c3e7f5 elementor-widget elementor-widget-text-editor\" data-id=\"0c3e7f5\" data-element_type=\"widget\" data-e-type=\"widget\" data-widget_type=\"text-editor.default\">\n\t\t\t\t<div class=\"elementor-widget-container\">\n\t\t\t\t\t\t\t\t\t<p style=\"text-align: center;\"><span style=\"color: #000000;\"><strong>SATZUNG <\/strong>(April 2000)<\/span><br \/><span style=\"color: #000000;\">\u00a0\u00a0<\/span><br \/><span style=\"color: #000000;\">\u00a0<\/span><br \/><span style=\"color: #000000;\">Vorwort<\/span><\/p><p>\u00a0<\/p><p><span style=\"color: #000000;\">Die Heimatfreunde des Kreises und der Stadt Peine schlie\u00dfen sich in diesem\u00a0KREISHEIMATBUND\u00a0zur Pflege und F\u00f6rderung des Heimatgedankens zusammen.<\/span><\/p><p><span style=\"color: #000000;\">Der Kreisheimatbund steht in der Nachfolge des\u00a0\u201eHeimatvereins f\u00fcr Peine und Umgebung e.V.\u201c\u00a0vom 28. September 1928, hervorgegangen aus dem\u00a0\u00a0&#8222;Verein f\u00fcr Heimatgeschichte, Kunst und Wissenschaft zu Peine&#8220;\u00a0 vom 26. Mai 1911, hervorgegangen aus dem\u00a0\u201eVersch\u00f6nerungsverein\u201c vom 22. November 1893.<\/span><\/p><p><span style=\"color: #000000;\">\u00a0<\/span><\/p><p><span style=\"color: #000000;\">I. Name und Sitz des Vereins<\/span><\/p><p><span style=\"color: #000000;\">\u00a71<\/span><\/p><p><span style=\"color: #000000;\">Der Verein f\u00fchrt den Namen\u00a0Kreisheimatbund Peine e.V.\u00a0und hat seinen Sitz in Peine. Er ist in das Vereinsregister eingetragen.<\/span><\/p><p><span style=\"color: #000000;\">\u00a72<\/span><\/p><p><span style=\"color: #000000;\">II. Aufgaben des Vereins<\/span><\/p><p><span style=\"color: #000000;\">Der Verein stellt sich folgenden gemeinn\u00fctzigen Aufgaben:<\/span><\/p><p><span style=\"color: #000000;\">1 . Erforschung von Land und Leuten im Heimatgebiet in Vergangenheit und Gegenwart,<\/span><\/p><p><span style=\"color: #000000;\">2. Pflege von Heimatsinn und Heimatliebe durch gegenwartsbezogene Vermittlung der Erkenntnisse dieser Forschung in Vortr\u00e4gen und Ausstellungen,<\/span><\/p><p><span style=\"color: #000000;\">3 . Sicherung, Erhaltung und Schutz aller heimatkundlich und kunstgeschichtlich bedeutsamen Denkm\u00e4ler im Kreisgebiet,<\/span><\/p><p><span style=\"color: #000000;\">4. Schutz des nat\u00fcrlichen Landschaftsbildes, der Pflanzen- und Tierwelt sowie Pflege der alt\u00fcberkommenen erhaltungsw\u00fcrdigen Kulturlandschaft und des heimatlichen Stadt- und Dorfbildes,<\/span><\/p><p><span style=\"color: #000000;\">5.\u00a0Pflege und Belebung alten und neuen heimatgebundenen Brauchtums und der plattdeutschen Mundart,<\/span><\/p><p><span style=\"color: #000000;\">6. Mitarbeit im Kreismuseum und Sammlung aller erreichbarer Kulturg\u00fcter, Urkunden und Gegenst\u00e4nde, die der Forschung und der lebensnahen Weitergabe der Forschungsergebnisse dienen k\u00f6nnen,<\/span><\/p><p><span style=\"color: #000000;\">7. F\u00f6rderung der Forschungen und der Ver\u00f6ffentlichung heimatkundlicher Forschungsergebnisse und Arbeiten.<\/span><\/p><p><span style=\"color: #000000;\">\u00a73<\/span><\/p><p><span style=\"color: #000000;\">Der Verein ist selbstlos t\u00e4tig; er verfolgt keine eigenwirtschaftlichen Zwecke. Die Mittel des Vereins d\u00fcrfen nur f\u00fcr die satzungsgem\u00e4\u00dfen Aufgaben verwendet werden. Die Mitglieder erhalten keine Zuwendungen aus Mitteln des Vereins. Es darf keine Person durch Ausgaben, die dem Zweck des Vereins fremd sind, oder durch unverh\u00e4ltnism\u00e4\u00dfig hohe Verg\u00fctungen beg\u00fcnstigt werden.<\/span><\/p><p>\u00a0<\/p><p><span style=\"color: #000000;\">Zur Erf\u00fcllung dieser Aufgaben ist der Kreisheimatbund bestrebt,<\/span><\/p><p><span style=\"color: #000000;\">1. alle Kr\u00e4fte zusammenzuf\u00fchren, die gewillt und geeignet sind, in diesem Sinne zu arbeiten,<\/span><\/p><p><span style=\"color: #000000;\">2. enge Verbindung mit Stadt und Landkreis Peine sowie den Landgemeinden zu pflegen und mit allen geeigneten Vereinigungen im Kreisgebiet, die auf kulturellem und heimatpflegerischen Gebiet t\u00e4tig sind, zusammenzuarbeiten,<\/span><\/p><p><span style=\"color: #000000;\">3. durch Zusammenarbeit mit dem \/ der<\/span><\/p><p><span style=\"color: #000000;\">1. Nieders\u00e4chsischem Heimatbund e.V., Hannover,<\/span><\/p><p><span style=\"color: #000000;\">2. Museumsverband f\u00fcr Niedersachsen und Bremen e.V.,<\/span><\/p><p><span style=\"color: #000000;\">3. Historischen Verein f\u00fcr Niedersachsen, Hannover,<\/span><\/p><p><span style=\"color: #000000;\">4. Wilhelm-Busch-Gesellschaft, Hannover,<\/span><\/p><p><span style=\"color: #000000;\">5. Kulturring f\u00fcr Stadt und Kreis Peine, Peine,<\/span><\/p><p><span style=\"color: #000000;\">6. Peiner Biologische Arbeitsgemeinschaft, Peine,<\/span><\/p><p><span style=\"color: #000000;\">7. Braunschweigische Landschaft e.V., Braunschweig,<\/span><\/p><p><span style=\"color: #000000;\">8. Peiner Arch\u00e4ologischen Arbeitsgemeinschaft,<\/span><\/p><p><span style=\"color: #000000;\">und anderen geeigneten Verb\u00e4nden den Austausch von Forschungsergebnissen zu f\u00f6rdern,<\/span><\/p><p><span style=\"color: #000000;\">4. heimatkundliche Veranstaltungen durchzuf\u00fchren.<\/span><\/p><p><span style=\"color: #000000;\">III. Mitglieder<\/span><\/p><p><span style=\"color: #000000;\">\u00a74<\/span><\/p><p><span style=\"color: #000000;\">Nat\u00fcrliche und juristische Personen, K\u00f6rperschaften des \u00f6ffentlichen Rechts und Vereine k\u00f6nnen als Mitglieder des Kreisheimatbundes aufgenommen werden. Die Aufnahme ist schriftlich zu beantragen. \u00dcber die Aufnahme entscheidet der Vorstand, \u00fcber die Ablehnung der erweiterte Vorstand. Die Mitgliederrechte und Mitgliederpflichten beginnen mit dem Eintrittsdatum in den Kreisheimatbund.<\/span><\/p><p><span style=\"color: #000000;\">\u00a75<\/span><\/p><p><span style=\"color: #000000;\">Der Mindestjahresbeitrag wird von der Jahresmitgliederversammlung festgesetzt. Freiwillige Zuwendungen sind jederzeit erw\u00fcnscht. Die im Laufe des Jahres aufgenommenen Mitglieder zahlen anteiligen Jahresbeitrag. Bei besonderen Gr\u00fcnden kann der Vorstand einzelnen Mitgliedern den Beitrag erm\u00e4\u00dfigen oder erlassen.<\/span><\/p><p><span style=\"color: #000000;\">\u00a76<\/span><\/p><p><span style=\"color: #000000;\">Die Mitglieder sollten die Aufgaben des Kreisheimatbundes im Rahmen ihrer M\u00f6glichkeiten f\u00f6rdern und unterst\u00fctzen. Die Mitgliedschaft berechtigt zur Teilnahme an den Veranstaltungen und zur stimmberechtigten Teilnahme an der Mitgliederversammlung.<\/span><\/p><p><span style=\"color: #000000;\">\u00a77<\/span><\/p><p><span style=\"color: #000000;\">Die Mitglieder in den Landgemeinden k\u00f6nnen sich zwecks Durchf\u00fchrung \u00f6rtlicher Arbeits- und Vortragsabende unter einem Obmann zu Gemeinschaften zusammenschlie\u00dfen. Die Zusammenarbeit mit dem Vorstand ist sicherzustellen<\/span><\/p><p><span style=\"color: #000000;\">\u00a78<\/span><\/p><p><span style=\"color: #000000;\">Der Austritt aus dem Kreisheimatbund ist nur am Ende des Gesch\u00e4ftsjahres zul\u00e4ssig; er ist sp\u00e4testens bis zum 10. November des laufenden Jahres dem Vorstand gegen\u00fcber schriftlich zu erkl\u00e4ren. Von der Mitgliedschaft k\u00f6nnen ausgeschlossen werden:<\/span><\/p><p><span style=\"color: #000000;\">a. Mitglieder, die mit zwei oder mehreren Jahresbeitr\u00e4gen im R\u00fcckstand sind und trotz zweimaliger schriftlicher Aufforderung nicht bezahlt haben,<\/span><\/p><p><span style=\"color: #000000;\">b. Mitglieder, die durch ihr Verhalten das Ansehen des Kreisheimatbundes sch\u00e4digen oder seinen Interessen entgegenarbeiten.<\/span><\/p><p><span style=\"color: #000000;\">\u00dcber den Ausschlu\u00df beschlie\u00dft der erweiterte Vorstand. Der Ausschlu\u00df wird vier Wochen nach der schriftlichen Mitteilung g\u00fcltig, sofern nicht innerhalb dieser Frist die Entscheidung der Mitgliederversammlung beantragt wird.<\/span><\/p><p><span style=\"color: #000000;\">Die Jahresmitgliederversammlung kann Personen, die sich um die Ziele und Zwecke des Kreisheimatbundes besondere Verdienste erworben haben, auf Vorschlag des Vorstandes zu Ehrenmitgliedern ernennen. Die Ehrenmitglieder haben volle Mitgliederrechte, zahlen aber keinen Beitrag.<\/span><\/p><p><span style=\"color: #000000;\">\u00a79<\/span><\/p><p><span style=\"color: #000000;\">IV. Organe<\/span><\/p><p><span style=\"color: #000000;\">Organe des Kreisheimatbundes sind:<\/span><\/p><p><span style=\"color: #000000;\">a. der gesch\u00e4ftsf\u00fchrende Vorstand,<\/span><\/p><p><span style=\"color: #000000;\">b. der erweiterte Vorstand,<\/span><\/p><p><span style=\"color: #000000;\">c. der Beirat,<\/span><\/p><p><span style=\"color: #000000;\">d. die Mitgliederversammlung.<\/span><\/p><p><span style=\"color: #000000;\">\u00a710<\/span><\/p><p><span style=\"color: #000000;\">Der gesch\u00e4ftsf\u00fchrende Vorstand setzt sich zusammen aus:<\/span><\/p><p><span style=\"color: #000000;\">1. dem\/der 1. Vorsitzenden<\/span><\/p><p><span style=\"color: #000000;\">2. dem\/der 2. Vorsitzenden<\/span><\/p><p><span style=\"color: #000000;\">3. dem\/der Schriftf\u00fchrer\/in<\/span><\/p><p><span style=\"color: #000000;\">4. dem\/der Schatzmeister\/in<\/span><\/p><p><span style=\"color: #000000;\">\u00a711<\/span><\/p><p><span style=\"color: #000000;\">Vorstand im Sinne des \u00a7 26 BGB sind der\/die 1. Vorsitzende oder der\/die 2. Vorsitzende gemeinsam mit einem weiteren Vorstandsmitglied.<\/span><\/p><p><span style=\"color: #000000;\">\u00a712<\/span><\/p><p><span style=\"color: #000000;\">Der\/Die Schriftf\u00fchrer\/in ist daf\u00fcr verantwortlich, da\u00df \u00fcber die Sitzungen des Vorstandes und der Mitgliederversammlung Protokolle gef\u00fchrt werden. Protokolle sind von dem\/der jeweiligen Vorsitzenden und dem\/der Schriftf\u00fchrer\/in zu unterzeichnen.<\/span><\/p><p><span style=\"color: #000000;\">\u00a713<\/span><\/p><p><span style=\"color: #000000;\">Der\/die Schatzmeister\/in verwaltet das Vereinsverm\u00f6gen, erhebt j\u00e4hrlich die Beitr\u00e4ge und leistet die Zahlungen. \u00dcber alle Zahlungen m\u00fcssen Belege vorliegen, die von dem\/der 1. Vorsitzenden oder im Falle seiner Verhinderung von dem\/der 2. Vorsitzenden zur Zahlung angewiesen sind. Die Kassenf\u00fchrung ist vor der Mitgliederversammlung, von zwei sachkundigen Mitgliedern zu pr\u00fcfen.<\/span><\/p><p><span style=\"color: #000000;\">\u00a714<\/span><\/p><p><span style=\"color: #000000;\">Die Mitglieder des gesch\u00e4ftsf\u00fchrenden Vorstandes werden von der Mitgliederversammlung auf zwei Jahre gew\u00e4hlt; eine Wiederwahl ist zul\u00e4ssig. Die weiteren Mitglieder des erweiterten Vorstandes sind Mitglieder kraft ihres Amtes. Sie werden nach Anh\u00f6rung der Mitgliederversammlung vom gesch\u00e4ftsf\u00fchrenden Vorstand bestellt und verpflichtet.<\/span><\/p><p><span style=\"color: #000000;\">\u00a715<\/span><\/p><p><span style=\"color: #000000;\">Der erweiterte Vorstand setzt sich zusammen aus den Mitgliedern des gesch\u00e4ftsf\u00fchrenden Vorstandes, dem\/der\/den Beauftragten f\u00fcr arch\u00e4ologische Bodendenkmalpflege in Stadt und Landkreis Peine, dem\/der Leiter\/in des Kreismuseums. Der erweiterte Vorstand soll sich mit Fragen des Museums sowie der Planung und Durchf\u00fchrung von sonstigen Ausstellungen und Veranstaltungen befassen.<\/span><\/p><p><span style=\"color: #000000;\">\u00a716<\/span><\/p><p><span style=\"color: #000000;\">Der Beirat soll den Vorstand in seiner Arbeit unterst\u00fctzen und beraten; er soll in der Regel aus 10 Mitgliedern bestehen. Die Mitglieder werden vom Vorstand berufen und von der Mitgliederversammlung best\u00e4tigt. Der erweiterte Vorstand und der Beirat sind mindestens einmal j\u00e4hrlich, au\u00dferdem vor wichtigen und grunds\u00e4tzlichen Entscheidungen, zu gemeinsamen Sitzungen einzuberufen.<\/span><\/p><p><span style=\"color: #000000;\">\u00a717<\/span><\/p><p><span style=\"color: #000000;\">Zur Durchf\u00fchrung der Aufgaben gem\u00e4\u00df \u00a7 2 der Satzung werden vom Vorstand f\u00fcr die einzelnen Sachgebiete Fachgruppen gebildet. F\u00fcr jede Fachgruppe wird ein geeignetes Mitglied als Leiter\/in bestimmt.<\/span><\/p><p><span style=\"color: #000000;\">Die Leiter\/innen k\u00f6nnen von Fall zu Fall zu den Sitzungen des erweiterten Vorstandes hinzugezogen werden. Die Fachgruppenleiter\/innen arbeiten in ihrem Fachgebiet im Rahmen der Aufgabenstellungen gem\u00e4\u00df \u00a7 2 der Satzung selbst\u00e4ndig. Sie suchen sich ihre Mitarbeiter\/innen in allen Orten und allen Bev\u00f6lkerungsschichten des Heimatgebietes. Die Mitarbeiter\/innen sollen nach M\u00f6glichkeit Mitglieder des Kreisheimatbundes sein oder es mit der Zeit werden. Die Fachgruppenleiter\/innen arbeiten mit dem Vorstand zusammen; \u00fcber besondere Vorkommnisse ist der Vorstand sofort zu unterrichten. \u00dcber die T\u00e4tigkeit der Fachgruppen, ist in der Jahresmitgliederversammlung zu berichten.<\/span><\/p><p><span style=\"color: #000000;\">\u00a718<\/span><\/p><p><span style=\"color: #000000;\">Alle Arbeiten in den Organen werden von den Mitgliedern im Sinne der Gemeinn\u00fctzigkeit ehrenamtlich geleistet.<\/span><\/p><p><span style=\"color: #000000;\">\u00a719<\/span><\/p><p><span style=\"color: #000000;\">Im Laufe des ersten Kalendervierteljahres ist vom Vorstand die Jahresmitgliederversammlung einzuberufen. Weitere Mitgliederversammlungen sind au\u00dferdem einzuberufen vom Vorstand oder wenn mindestens 10% der Mitglieder sie schriftlich unter Angabe der Gr\u00fcnde beim Vorstand beantragen. Die Einberufung zu den Mitgliederversammlungen erfolgt unter Angabe der Tagesordnung mindestens eine Woche vorher durch schriftliche Benachrichtigung der Mitglieder.<\/span><\/p><p><span style=\"color: #000000;\">\u00a720<\/span><\/p><p><span style=\"color: #000000;\">Die Mitgliederversammlung beschlie\u00dft \u00fcber:<\/span><\/p><p><span style=\"color: #000000;\">1. die Wahl des Vorstandes,<\/span><\/p><p><span style=\"color: #000000;\">2. die Wahl der Rechnungspr\u00fcfer f\u00fcr das laufende Gesch\u00e4ftsjahr,<\/span><\/p><p><span style=\"color: #000000;\">3. die Abnahme der Jahresrechnung und \u00fcber die Entlastung des\/der Schatzmeister\/s\/in und des Vorstandes,<\/span><\/p><p><span style=\"color: #000000;\">4. Satzungs\u00e4nderungen,<\/span><\/p><p><span style=\"color: #000000;\">5.\u00a0die Ernennung von Ehrenmitgliedern und die Best\u00e4tigung der Beiratsmitglieder,<\/span><\/p><p><span style=\"color: #000000;\">6. die Aufl\u00f6sung.<\/span><\/p><p><span style=\"color: #000000;\">Die Mitgliederversammlung beschlie\u00dft mit der einfachen Mehrheit der erschienenen Mitglieder. Bei Stimmengleichheit gilt der Antrag als abgelehnt. Jedes Mitglied hat eine Stimme, ebenso je ein Vertreter einer juristischen Person, eines Vereins oder einer \u00f6ffentlichen K\u00f6rperschaft. Bei den Entlastungsbeschl\u00fcssen haben die Vorstandsmitglieder kein Stimmrecht. Satzungs\u00e4nderungen erfordern eine Mehrheit von 2\/3 der erschienenen Mitglieder.<\/span><\/p><p><span style=\"color: #000000;\">Es wird durch Handzeichen abgestimmt, es sei denn, ein Mitglied w\u00fcnscht geheime Wahl. Personalwahlen gem\u00e4\u00df Ziffer 1, 2 und 5 sind im allgemeinen geheim, \u00f6ffentliche Wahl kann beantragt werden.<\/span><\/p><p><span style=\"color: #000000;\">\u00a721<\/span><\/p><p><span style=\"color: #000000;\">Jedes Mitglied hat das Recht, G\u00e4ste einzuf\u00fchren, sofern G\u00e4ste nicht durch den\/die Vorsitzenden f\u00fcr einzelne Veranstaltungen ausgeschlossen werden. G\u00e4ste haben kein Stimmrecht.<\/span><\/p><p><span style=\"color: #000000;\">\u00a722<\/span><\/p><p><span style=\"color: #000000;\">Das Gesch\u00e4ftsjahr des Kreisheimatbundes ist das Kalenderjahr.<\/span><\/p><p>\u00a0<\/p><p><span style=\"color: #000000;\">V. Aufl\u00f6sung<\/span><\/p><p><span style=\"color: #000000;\">\u00a723<\/span><\/p><p><span style=\"color: #000000;\">Die Aufl\u00f6sung des Kreisheimatbundes kann nur durch eine Mehrheit von\u00a03\/4\u00a0der erschienenen Mitglieder in zwei aufeinander folgenden Mitgliederversammlungen beschlossen werden. Zwischen den Mitgliederversammlungen mu\u00df ein Zeitraum von mindesten 14 Tagen liegen.<\/span><\/p><p><span style=\"color: #000000;\">Bei Aufl\u00f6sung des Kreisheimatbundes Peine e.V. oder bei Wegfall seines bisherigen Zweckes fallen das Verm\u00f6gen und die vorhandenen Sammlungen an das bestehende Kreismuseum Peine zum Zwecke der Auff\u00fcllung des vorhandenen Museumsgutes. Sollte zu diesem Zeitpunkt das Kreismuseum nicht mehr bestehen, fallen das Verm\u00f6gen und die Sammlungen an den Museumsverband f\u00fcr Niedersachsen und Bremen e.V. Liquidatoren sind die Vorstandsmitglieder mit denen in den \u00a7\u00a7 48-53 des B\u00fcrgerlichen Gesetzbuches aufgef\u00fchrten Rechten und Pflichten.<\/span><\/p><p><span style=\"color: #000000;\">\u00a724<\/span><\/p><p><span style=\"color: #000000;\">Die vorstehende Satzung wurde in der beschlu\u00dff\u00e4higen Jahresmitgliederversammlung am 17. April 2000 angenommen.<\/span><\/p><p><span style=\"color: #000000;\">Peine, April 2000<\/span><\/p>\t\t\t\t\t\t\t\t<\/div>\n\t\t\t\t<\/div>\n\t\t\t\t\t<\/div>\n\t\t<\/div>\n\t\t\t\t\t<\/div>\n\t\t<\/section>\n\t\t\t\t<\/div>\n\t\t","protected":false},"excerpt":{"rendered":"<p>SATZUNG (April 2000)\u00a0\u00a0\u00a0Vorwort \u00a0 Die Heimatfreunde des Kreises und der Stadt Peine schlie\u00dfen sich in diesem\u00a0KREISHEIMATBUND\u00a0zur Pflege und F\u00f6rderung des Heimatgedankens zusammen. Der Kreisheimatbund steht in der Nachfolge des\u00a0\u201eHeimatvereins f\u00fcr Peine und Umgebung e.V.\u201c\u00a0vom 28. September 1928, hervorgegangen aus dem\u00a0\u00a0&#8222;Verein f\u00fcr Heimatgeschichte, Kunst und Wissenschaft zu Peine&#8220;\u00a0 vom 26. Mai 1911, hervorgegangen aus dem\u00a0\u201eVersch\u00f6nerungsverein\u201c vom 22. November 1893. \u00a0 I. Name und Sitz des Vereins \u00a71 Der Verein f\u00fchrt den Namen\u00a0Kreisheimatbund Peine e.V.\u00a0und hat seinen &hellip; <\/p>\n","protected":false},"author":1,"featured_media":0,"parent":0,"menu_order":0,"comment_status":"closed","ping_status":"closed","template":"","meta":{"footnotes":""},"class_list":["post-939","page","type-page","status-publish","hentry","latest_post"],"_links":{"self":[{"href":"https:\/\/kreisheimatbund.de\/index.php?rest_route=\/wp\/v2\/pages\/939","targetHints":{"allow":["GET"]}}],"collection":[{"href":"https:\/\/kreisheimatbund.de\/index.php?rest_route=\/wp\/v2\/pages"}],"about":[{"href":"https:\/\/kreisheimatbund.de\/index.php?rest_route=\/wp\/v2\/types\/page"}],"author":[{"embeddable":true,"href":"https:\/\/kreisheimatbund.de\/index.php?rest_route=\/wp\/v2\/users\/1"}],"replies":[{"embeddable":true,"href":"https:\/\/kreisheimatbund.de\/index.php?rest_route=%2Fwp%2Fv2%2Fcomments&post=939"}],"version-history":[{"count":7,"href":"https:\/\/kreisheimatbund.de\/index.php?rest_route=\/wp\/v2\/pages\/939\/revisions"}],"predecessor-version":[{"id":947,"href":"https:\/\/kreisheimatbund.de\/index.php?rest_route=\/wp\/v2\/pages\/939\/revisions\/947"}],"wp:attachment":[{"href":"https:\/\/kreisheimatbund.de\/index.php?rest_route=%2Fwp%2Fv2%2Fmedia&parent=939"}],"curies":[{"name":"wp","href":"https:\/\/api.w.org\/{rel}","templated":true}]}}