{"id":891,"date":"2022-02-09T13:54:21","date_gmt":"2022-02-09T13:54:21","guid":{"rendered":"http:\/\/kreisheimatbund.de\/?page_id=891"},"modified":"2022-02-23T10:07:20","modified_gmt":"2022-02-23T10:07:20","slug":"gadenstedt","status":"publish","type":"page","link":"https:\/\/kreisheimatbund.de\/?page_id=891","title":{"rendered":"Gadenstedt"},"content":{"rendered":"\t\t<div data-elementor-type=\"wp-page\" data-elementor-id=\"891\" class=\"elementor elementor-891\">\n\t\t\t\t\t\t<section class=\"elementor-section elementor-top-section elementor-element elementor-element-090d73a elementor-section-boxed elementor-section-height-default elementor-section-height-default\" data-id=\"090d73a\" data-element_type=\"section\" data-e-type=\"section\">\n\t\t\t\t\t\t<div class=\"elementor-container elementor-column-gap-default\">\n\t\t\t\t\t<div class=\"elementor-column elementor-col-100 elementor-top-column elementor-element elementor-element-4b32898\" data-id=\"4b32898\" data-element_type=\"column\" data-e-type=\"column\">\n\t\t\t<div class=\"elementor-widget-wrap elementor-element-populated\">\n\t\t\t\t\t\t<div class=\"elementor-element elementor-element-c06f9eb elementor-widget elementor-widget-image\" data-id=\"c06f9eb\" data-element_type=\"widget\" data-e-type=\"widget\" data-widget_type=\"image.default\">\n\t\t\t\t<div class=\"elementor-widget-container\">\n\t\t\t\t\t\t\t\t\t\t\t\t<figure class=\"wp-caption\">\n\t\t\t\t\t\t\t\t\t\t<img fetchpriority=\"high\" decoding=\"async\" width=\"650\" height=\"258\" src=\"https:\/\/kreisheimatbund.de\/wp-content\/uploads\/2022\/02\/Heimatstube_Gadenstedt_ges.jpg\" class=\"attachment-large size-large wp-image-921\" alt=\"\" srcset=\"https:\/\/kreisheimatbund.de\/wp-content\/uploads\/2022\/02\/Heimatstube_Gadenstedt_ges.jpg 650w, https:\/\/kreisheimatbund.de\/wp-content\/uploads\/2022\/02\/Heimatstube_Gadenstedt_ges-300x119.jpg 300w, https:\/\/kreisheimatbund.de\/wp-content\/uploads\/2022\/02\/Heimatstube_Gadenstedt_ges-151x60.jpg 151w\" sizes=\"(max-width: 650px) 100vw, 650px\" \/>\t\t\t\t\t\t\t\t\t\t\t<figcaption class=\"widget-image-caption wp-caption-text\">Blick in die Dauerausstellung der Heimatstube Gadenstedt<\/figcaption>\n\t\t\t\t\t\t\t\t\t\t<\/figure>\n\t\t\t\t\t\t\t\t\t<\/div>\n\t\t\t\t<\/div>\n\t\t\t\t\t<\/div>\n\t\t<\/div>\n\t\t\t\t\t<\/div>\n\t\t<\/section>\n\t\t\t\t<section class=\"elementor-section elementor-top-section elementor-element elementor-element-485ca6d elementor-section-boxed elementor-section-height-default elementor-section-height-default\" data-id=\"485ca6d\" data-element_type=\"section\" data-e-type=\"section\">\n\t\t\t\t\t\t<div class=\"elementor-container elementor-column-gap-default\">\n\t\t\t\t\t<div class=\"elementor-column elementor-col-100 elementor-top-column elementor-element elementor-element-54a526f\" data-id=\"54a526f\" data-element_type=\"column\" data-e-type=\"column\">\n\t\t\t<div class=\"elementor-widget-wrap elementor-element-populated\">\n\t\t\t\t\t\t<div class=\"elementor-element elementor-element-082a182 elementor-widget elementor-widget-text-editor\" data-id=\"082a182\" data-element_type=\"widget\" data-e-type=\"widget\" data-widget_type=\"text-editor.default\">\n\t\t\t\t<div class=\"elementor-widget-container\">\n\t\t\t\t\t\t\t\t\t<p><span style=\"color: #000000;\"><b><span style=\"font-family: Times New Roman,Times,Times NewRoman,serif;\">\u00dcber den Verein<br \/><\/span><\/b><span style=\"font-family: Times New Roman,Times,Times NewRoman,serif;\">Die Heimatgruppe Gadenstedt e.V. wurde 1988 gegr\u00fcndet und unterh\u00e4lt in der ehemaligen &#8222;Schule II&#8220;, Am Thie 1 die Heimatstube Gadenstedt.<br \/>Die umfangreiche Ausstellung \u00fcber 3 Etagen setzt sich zusammen aus Ger\u00e4ten,\u00a0 Gebrauchs-<br \/>gegenst\u00e4nden,\u00a0 Kleidung und M\u00f6bel\u00a0 aus Handwerk, Landwirtschaft und Haushalt, sowie einer Spielzeugsammlung und\u00a0 Fotodokumenten. Halbj\u00e4hrlich findet ein Tag\u00a0 der offen T\u00fcr statt. In Ausstellungen und Multimediapr\u00e4sentationen werden jeweils besondere Aspekte der Dorfgeschichte ausgearbeitet und dargestellt.<\/span><\/span><\/p>\t\t\t\t\t\t\t\t<\/div>\n\t\t\t\t<\/div>\n\t\t\t\t\t<\/div>\n\t\t<\/div>\n\t\t\t\t\t<\/div>\n\t\t<\/section>\n\t\t\t\t<section class=\"elementor-section elementor-top-section elementor-element elementor-element-f7c2950 elementor-section-boxed elementor-section-height-default elementor-section-height-default\" data-id=\"f7c2950\" data-element_type=\"section\" data-e-type=\"section\">\n\t\t\t\t\t\t<div class=\"elementor-container elementor-column-gap-default\">\n\t\t\t\t\t<div class=\"elementor-column elementor-col-100 elementor-top-column elementor-element elementor-element-8717d41\" data-id=\"8717d41\" data-element_type=\"column\" data-e-type=\"column\">\n\t\t\t<div class=\"elementor-widget-wrap elementor-element-populated\">\n\t\t\t\t\t\t<section class=\"elementor-section elementor-inner-section elementor-element elementor-element-cff3e57 elementor-section-boxed elementor-section-height-default elementor-section-height-default\" data-id=\"cff3e57\" data-element_type=\"section\" data-e-type=\"section\">\n\t\t\t\t\t\t<div class=\"elementor-container elementor-column-gap-default\">\n\t\t\t\t\t<div class=\"elementor-column elementor-col-50 elementor-inner-column elementor-element elementor-element-1a7a88a\" data-id=\"1a7a88a\" data-element_type=\"column\" data-e-type=\"column\">\n\t\t\t<div class=\"elementor-widget-wrap elementor-element-populated\">\n\t\t\t\t\t\t<div class=\"elementor-element elementor-element-1024176 elementor-widget elementor-widget-text-editor\" data-id=\"1024176\" data-element_type=\"widget\" data-e-type=\"widget\" data-widget_type=\"text-editor.default\">\n\t\t\t\t<div class=\"elementor-widget-container\">\n\t\t\t\t\t\t\t\t\t<p><span style=\"color: #000000;\"><b><span style=\"font-family: Times New Roman,Times,Times NewRoman,serif;\">Heimatstube Gadenstedt:<br \/><\/span><\/b><span style=\"font-family: Times New Roman,Times,Times NewRoman,serif;\">Am Thie 1<br \/>31246 Ilsede<br \/>\u00d6ffnungszeiten:<br \/>Mittwochs 16:00 &#8211; 18:00 Uhr<br \/>(au\u00dfer an Feiertagen) und nach Vereinbarung<\/span><\/span><\/p>\t\t\t\t\t\t\t\t<\/div>\n\t\t\t\t<\/div>\n\t\t\t\t\t<\/div>\n\t\t<\/div>\n\t\t\t\t<div class=\"elementor-column elementor-col-50 elementor-inner-column elementor-element elementor-element-2dc011f\" data-id=\"2dc011f\" data-element_type=\"column\" data-e-type=\"column\">\n\t\t\t<div class=\"elementor-widget-wrap elementor-element-populated\">\n\t\t\t\t\t\t<div class=\"elementor-element elementor-element-998a13d elementor-widget elementor-widget-text-editor\" data-id=\"998a13d\" data-element_type=\"widget\" data-e-type=\"widget\" data-widget_type=\"text-editor.default\">\n\t\t\t\t<div class=\"elementor-widget-container\">\n\t\t\t\t\t\t\t\t\t<p><span style=\"color: #000000;\"><b><span style=\"font-family: Times New Roman,Times,Times NewRoman,serif;\">Kontakt:<br \/><\/span><\/b><span style=\"font-family: Times New Roman,Times,Times NewRoman,serif;\">Heimatgruppe Gadenstedt e.V.<br \/>Am Thie 1<br \/>31246 Ilsede<br \/>Ansprechpartner: Joachim Kunst<br \/>Email:\u00a0<\/span><\/span><a style=\"font-family: var( --e-global-typography-text-font-family ), Sans-serif; font-weight: var( --e-global-typography-text-font-weight ); background-color: #ffffff;\" href=\"mailto:Heimatgruppe-Gadenstedt@t-online.de\" target=\"_blank\" rel=\"noopener\">Heimatgruppe-Gadenstedt@t-online.de<\/a><\/p>\t\t\t\t\t\t\t\t<\/div>\n\t\t\t\t<\/div>\n\t\t\t\t\t<\/div>\n\t\t<\/div>\n\t\t\t\t\t<\/div>\n\t\t<\/section>\n\t\t\t\t\t<\/div>\n\t\t<\/div>\n\t\t\t\t\t<\/div>\n\t\t<\/section>\n\t\t\t\t<\/div>\n\t\t","protected":false},"excerpt":{"rendered":"<p>Blick in die Dauerausstellung der Heimatstube Gadenstedt \u00dcber den VereinDie Heimatgruppe Gadenstedt e.V. wurde 1988 gegr\u00fcndet und unterh\u00e4lt in der ehemaligen &#8222;Schule II&#8220;, Am Thie 1 die Heimatstube Gadenstedt.Die umfangreiche Ausstellung \u00fcber 3 Etagen setzt sich zusammen aus Ger\u00e4ten,\u00a0 Gebrauchs-gegenst\u00e4nden,\u00a0 Kleidung und M\u00f6bel\u00a0 aus Handwerk, Landwirtschaft und Haushalt, sowie einer Spielzeugsammlung und\u00a0 Fotodokumenten. Halbj\u00e4hrlich findet ein Tag\u00a0 der offen T\u00fcr statt. In Ausstellungen und Multimediapr\u00e4sentationen werden jeweils besondere Aspekte der Dorfgeschichte ausgearbeitet und dargestellt. Heimatstube &hellip; <\/p>\n","protected":false},"author":1,"featured_media":0,"parent":0,"menu_order":0,"comment_status":"closed","ping_status":"closed","template":"","meta":{"footnotes":""},"class_list":["post-891","page","type-page","status-publish","hentry","latest_post"],"_links":{"self":[{"href":"https:\/\/kreisheimatbund.de\/index.php?rest_route=\/wp\/v2\/pages\/891","targetHints":{"allow":["GET"]}}],"collection":[{"href":"https:\/\/kreisheimatbund.de\/index.php?rest_route=\/wp\/v2\/pages"}],"about":[{"href":"https:\/\/kreisheimatbund.de\/index.php?rest_route=\/wp\/v2\/types\/page"}],"author":[{"embeddable":true,"href":"https:\/\/kreisheimatbund.de\/index.php?rest_route=\/wp\/v2\/users\/1"}],"replies":[{"embeddable":true,"href":"https:\/\/kreisheimatbund.de\/index.php?rest_route=%2Fwp%2Fv2%2Fcomments&post=891"}],"version-history":[{"count":4,"href":"https:\/\/kreisheimatbund.de\/index.php?rest_route=\/wp\/v2\/pages\/891\/revisions"}],"predecessor-version":[{"id":924,"href":"https:\/\/kreisheimatbund.de\/index.php?rest_route=\/wp\/v2\/pages\/891\/revisions\/924"}],"wp:attachment":[{"href":"https:\/\/kreisheimatbund.de\/index.php?rest_route=%2Fwp%2Fv2%2Fmedia&parent=891"}],"curies":[{"name":"wp","href":"https:\/\/api.w.org\/{rel}","templated":true}]}}