{"id":876,"date":"2022-02-09T13:52:22","date_gmt":"2022-02-09T13:52:22","guid":{"rendered":"http:\/\/kreisheimatbund.de\/?page_id=876"},"modified":"2023-08-21T15:48:46","modified_gmt":"2023-08-21T15:48:46","slug":"rosenthal-2","status":"publish","type":"page","link":"https:\/\/kreisheimatbund.de\/?page_id=876","title":{"rendered":"Rosenthal"},"content":{"rendered":"\t\t<div data-elementor-type=\"wp-page\" data-elementor-id=\"876\" class=\"elementor elementor-876\">\n\t\t\t\t\t\t<section class=\"elementor-section elementor-top-section elementor-element elementor-element-e1bbf08 elementor-section-boxed elementor-section-height-default elementor-section-height-default\" data-id=\"e1bbf08\" data-element_type=\"section\" data-e-type=\"section\">\n\t\t\t\t\t\t<div class=\"elementor-container elementor-column-gap-default\">\n\t\t\t\t\t<div class=\"elementor-column elementor-col-100 elementor-top-column elementor-element elementor-element-b3b2fe8\" data-id=\"b3b2fe8\" data-element_type=\"column\" data-e-type=\"column\">\n\t\t\t<div class=\"elementor-widget-wrap elementor-element-populated\">\n\t\t\t\t\t\t<section class=\"elementor-section elementor-inner-section elementor-element elementor-element-3f64a8d elementor-section-boxed elementor-section-height-default elementor-section-height-default\" data-id=\"3f64a8d\" data-element_type=\"section\" data-e-type=\"section\">\n\t\t\t\t\t\t<div class=\"elementor-container elementor-column-gap-default\">\n\t\t\t\t\t<div class=\"elementor-column elementor-col-50 elementor-inner-column elementor-element elementor-element-f7428ef\" data-id=\"f7428ef\" data-element_type=\"column\" data-e-type=\"column\">\n\t\t\t<div class=\"elementor-widget-wrap elementor-element-populated\">\n\t\t\t\t\t\t<div class=\"elementor-element elementor-element-73e0248 elementor-widget elementor-widget-image\" data-id=\"73e0248\" data-element_type=\"widget\" data-e-type=\"widget\" data-widget_type=\"image.default\">\n\t\t\t\t<div class=\"elementor-widget-container\">\n\t\t\t\t\t\t\t\t\t\t\t\t<figure class=\"wp-caption\">\n\t\t\t\t\t\t\t\t\t\t<img decoding=\"async\" width=\"250\" height=\"179\" src=\"https:\/\/kreisheimatbund.de\/wp-content\/uploads\/2022\/02\/Rosenthal_Reko.jpg\" class=\"attachment-large size-large wp-image-916\" alt=\"\" srcset=\"https:\/\/kreisheimatbund.de\/wp-content\/uploads\/2022\/02\/Rosenthal_Reko.jpg 250w, https:\/\/kreisheimatbund.de\/wp-content\/uploads\/2022\/02\/Rosenthal_Reko-84x60.jpg 84w\" sizes=\"(max-width: 250px) 100vw, 250px\" \/>\t\t\t\t\t\t\t\t\t\t\t<figcaption class=\"widget-image-caption wp-caption-text\">Rekonstruktion der Stadt Rosenthal von Thomas K\u00fcntzel 2001<\/figcaption>\n\t\t\t\t\t\t\t\t\t\t<\/figure>\n\t\t\t\t\t\t\t\t\t<\/div>\n\t\t\t\t<\/div>\n\t\t\t\t\t<\/div>\n\t\t<\/div>\n\t\t\t\t<div class=\"elementor-column elementor-col-50 elementor-inner-column elementor-element elementor-element-dde9822\" data-id=\"dde9822\" data-element_type=\"column\" data-e-type=\"column\">\n\t\t\t<div class=\"elementor-widget-wrap elementor-element-populated\">\n\t\t\t\t\t\t<div class=\"elementor-element elementor-element-5341fd6 elementor-widget elementor-widget-image\" data-id=\"5341fd6\" data-element_type=\"widget\" data-e-type=\"widget\" data-widget_type=\"image.default\">\n\t\t\t\t<div class=\"elementor-widget-container\">\n\t\t\t\t\t\t\t\t\t\t\t\t<figure class=\"wp-caption\">\n\t\t\t\t\t\t\t\t\t\t<img decoding=\"async\" width=\"250\" height=\"165\" src=\"https:\/\/kreisheimatbund.de\/wp-content\/uploads\/2022\/02\/Rosenthal.jpg\" class=\"attachment-large size-large wp-image-915\" alt=\"\" srcset=\"https:\/\/kreisheimatbund.de\/wp-content\/uploads\/2022\/02\/Rosenthal.jpg 250w, https:\/\/kreisheimatbund.de\/wp-content\/uploads\/2022\/02\/Rosenthal-91x60.jpg 91w\" sizes=\"(max-width: 250px) 100vw, 250px\" \/>\t\t\t\t\t\t\t\t\t\t\t<figcaption class=\"widget-image-caption wp-caption-text\">Gutshof Rosenthal<\/figcaption>\n\t\t\t\t\t\t\t\t\t\t<\/figure>\n\t\t\t\t\t\t\t\t\t<\/div>\n\t\t\t\t<\/div>\n\t\t\t\t\t<\/div>\n\t\t<\/div>\n\t\t\t\t\t<\/div>\n\t\t<\/section>\n\t\t\t\t\t<\/div>\n\t\t<\/div>\n\t\t\t\t\t<\/div>\n\t\t<\/section>\n\t\t\t\t<section class=\"elementor-section elementor-top-section elementor-element elementor-element-feddbbe elementor-section-boxed elementor-section-height-default elementor-section-height-default\" data-id=\"feddbbe\" data-element_type=\"section\" data-e-type=\"section\">\n\t\t\t\t\t\t<div class=\"elementor-container elementor-column-gap-default\">\n\t\t\t\t\t<div class=\"elementor-column elementor-col-100 elementor-top-column elementor-element elementor-element-900c446\" data-id=\"900c446\" data-element_type=\"column\" data-e-type=\"column\">\n\t\t\t<div class=\"elementor-widget-wrap elementor-element-populated\">\n\t\t\t\t\t\t<div class=\"elementor-element elementor-element-a5fc4ce elementor-widget elementor-widget-text-editor\" data-id=\"a5fc4ce\" data-element_type=\"widget\" data-e-type=\"widget\" data-widget_type=\"text-editor.default\">\n\t\t\t\t<div class=\"elementor-widget-container\">\n\t\t\t\t\t\t\t\t\t<p><strong><span style=\"color: #000000;\">Vom Dorf zur Stadt zum Dorf<\/span><\/strong><\/p><p><span style=\"color: #000000; font-family: Arial,Helvetica,Univers,Zurich BT;\">Der Ort, 5 km westlich von Peine gelegen, hat eine vielbewegte Vergangenheit hinter sich &#8211; wechselvoller und dramatischer als manch benachbartes Dorf! Rosenthal war im 13. Jahrhundert zeitweise Stadt, als zwischen den Hildesheimer Bisch\u00f6fen, den Reichsministerialen von Wolfenb\u00fcttel und den braunschweigischen Herz\u00f6gen schwere K\u00e4mpfe um die Herrschaft in der Grafschaft Peine tobten. Rosenthal diente dabei als St\u00fctzpunkt der Hildesheimer Bisch\u00f6fe. Am Ende der Auseinandersetzungen waren Stadt und Burg Peine fest in hildesheimischer Hand, und die \u201cStadt\u201d Rosenthal wurde \u00fcberfl\u00fcssig. Rosenthal sank wieder zum Dorf ab.<br \/>Ungew\u00f6hnlich sind schon die Anf\u00e4nge des Dorfes. Das urspr\u00fcngliche Dorf wurde bei der Gr\u00fcndung der Stadt (oder wenige Zeit danach) aufgegeben. 1204 erscheint erstmals der hildesheimische Ministeriale Wilhelm von Rosenthal, der sich wohl nach seiner dortigen Burg nannte. Wahrscheinlich ist der Ort aber weitaus \u00e4lter. Die Lage des \u201calten Dorfes\u201d konnte nach fast 800 Jahren k\u00fcrzlich wieder identifiziert werden.<br \/>Um 1223 gr\u00fcndete der Hildesheimische Bischof die \u201cStadt\u201d Rosenthal: mit einem Marktplatz, einer Pfarrkirche, breiten, geraden Stra\u00dfen, einem doppelten Wassergraben und hohen W\u00e4llen. Die Bewohner bezeichneten sich als \u201cB\u00fcrger\u201d (\u201cburgenses\u201d) und f\u00fchrten ein Siegel. 1256 wurden Burg und Stadt von den Welfen zerst\u00f6rt. Die Burg lag seither w\u00fcst, und der Ort verlor seinen Rechtsstatus als \u201cStadt\u201d.<br \/>Das zur Burg geh\u00f6rige Gut wurde von den Hildesheimer Bisch\u00f6fen an verschiedene Adelige verlehnt. So befand es sich im 15. Jh. im Besitz der Familie von Dalem, dann der Familie von \u00dctze und von Veltheim (ab 1449), ab 1698 bei Leopold Freiherrn von Wolff-Metternich. 1742 erhielt das Hildesheimer Kloster St. Michael das Gut, verkaufte es jedoch 1784 an Benedict von Doetinchem. 1854 kam das Gut an Carl von Thielen. Er war mit Bertha von Hahn verheiratet, der Tochter des Verlegers Heinrich Wilhelm Hahn aus Hannover. Dieser lie\u00df 1854-1856 das Schloss errichten. \u00dcber die Enkelin von Thielens, Rose von Thielen kam das Gut an die Familie von Sch\u00fctz zu Holzhausen.<br \/>Rosenthal lag anfangs in der \u201ckleinen Grafschaft Lauenrode\u201d, die der Hildesheimer Bischof 1236 an sich bringen konnte. Nach dem Sieg \u00fcber die Herren von Wolfenb\u00fcttel entstand aus dem \u00f6stlichen Teil der \u201ckleinen Grafschaft\u201d und dem westlichen Teil der Grafschaft Peine das Amt Peine mit dem Unterbezirk (Vogtei) Rosenthal. Nach der Hildesheimer Stiftsfehde blieb die Vogtei Rosenthal zwar dem Hochstift erhalten, aber die Lehnsbriefe wurden bis zum Drei\u00dfigj\u00e4hrigen Krieg von den braunschweigischen Herz\u00f6gen ausgestellt. Im 19. Jahrhundert wurde Rosenthal der Vogtei Peine angegliedert, geh\u00f6rte 1852-1854 zum Amt Hohenhameln, dann aber wieder zum Amt Peine.<br \/>Das Dorf Rosenthal bestand 1643 aus 43 Feuerstellen und besa\u00df 1803 590 Einwohner. Um 1700 gab es 5 Vollbauern, 1 Halbsp\u00e4nner und ca. 40-45 K\u00f6tner. 1866 erfolgte die Verkoppelung: Das Ackerland wurde aufgeteilt, die Dreifelderwirtschaft aufgegeben und die Frondienste abgel\u00f6st. Nach dem 2. Weltkrieg stieg die Einwohnerzahl bis 1950 zun\u00e4chst auf 1574 Einwohner, sank dann aber wieder auf 1158 Einwohner (1974). Bei der Verwaltungsreform wurde Rosenthal 1974 der Stadt Peine angegliedert.<\/span><\/p><p><span style=\"font-family: Arial,Helvetica,Univers,Zurich BT;\">Thomas K\u00fcntzel M.A., Untere Masch Stra\u00dfe 16, 37073 G\u00f6ttingen<\/span><\/p>\t\t\t\t\t\t\t\t<\/div>\n\t\t\t\t<\/div>\n\t\t\t\t\t<\/div>\n\t\t<\/div>\n\t\t\t\t\t<\/div>\n\t\t<\/section>\n\t\t\t\t<section class=\"elementor-section elementor-top-section elementor-element elementor-element-45c261d elementor-section-boxed elementor-section-height-default elementor-section-height-default\" data-id=\"45c261d\" data-element_type=\"section\" data-e-type=\"section\">\n\t\t\t\t\t\t<div class=\"elementor-container elementor-column-gap-default\">\n\t\t\t\t\t<div class=\"elementor-column elementor-col-100 elementor-top-column elementor-element elementor-element-2ed460c\" data-id=\"2ed460c\" data-element_type=\"column\" data-e-type=\"column\">\n\t\t\t<div class=\"elementor-widget-wrap elementor-element-populated\">\n\t\t\t\t\t\t<section class=\"elementor-section elementor-inner-section elementor-element elementor-element-55de147 elementor-section-boxed elementor-section-height-default elementor-section-height-default\" data-id=\"55de147\" data-element_type=\"section\" data-e-type=\"section\">\n\t\t\t\t\t\t<div class=\"elementor-container elementor-column-gap-default\">\n\t\t\t\t\t<div class=\"elementor-column elementor-col-50 elementor-inner-column elementor-element elementor-element-d97aff4\" data-id=\"d97aff4\" data-element_type=\"column\" data-e-type=\"column\">\n\t\t\t<div class=\"elementor-widget-wrap\">\n\t\t\t\t\t\t\t<\/div>\n\t\t<\/div>\n\t\t\t\t<div class=\"elementor-column elementor-col-50 elementor-inner-column elementor-element elementor-element-3cd8736\" data-id=\"3cd8736\" data-element_type=\"column\" data-e-type=\"column\">\n\t\t\t<div class=\"elementor-widget-wrap elementor-element-populated\">\n\t\t\t\t\t\t<div class=\"elementor-element elementor-element-cc85f91 elementor-widget elementor-widget-text-editor\" data-id=\"cc85f91\" data-element_type=\"widget\" data-e-type=\"widget\" data-widget_type=\"text-editor.default\">\n\t\t\t\t<div class=\"elementor-widget-container\">\n\t\t\t\t\t\t\t\t\t<p style=\"color: #000000; font-family: 'Times New Roman'; font-size: medium; text-align: center;\"><span style=\"font-family: Arial, Helvetica, Univers, Zurich BT;\"><b>Heimatverein Rosenthal<\/b><\/span><\/p><p style=\"color: #000000; font-family: 'Times New Roman'; font-size: medium; text-align: center;\"><span style=\"font-family: Arial,Helvetica,Univers,Zurich BT;\">Kontaktadresse:<br \/>Heisternblick 20<br \/>31226 Peine OT Rosenthal<br \/><\/span><\/p><h3 style=\"text-align: center;\"><a href=\"https:\/\/www.heimatverein-rosenthal.de\/\">https:\/\/www.heimatverein-rosenthal.de\/<\/a><\/h3>\t\t\t\t\t\t\t\t<\/div>\n\t\t\t\t<\/div>\n\t\t\t\t\t<\/div>\n\t\t<\/div>\n\t\t\t\t\t<\/div>\n\t\t<\/section>\n\t\t\t\t\t<\/div>\n\t\t<\/div>\n\t\t\t\t\t<\/div>\n\t\t<\/section>\n\t\t\t\t<\/div>\n\t\t","protected":false},"excerpt":{"rendered":"<p>Rekonstruktion der Stadt Rosenthal von Thomas K\u00fcntzel 2001 Gutshof Rosenthal Vom Dorf zur Stadt zum Dorf Der Ort, 5 km westlich von Peine gelegen, hat eine vielbewegte Vergangenheit hinter sich &#8211; wechselvoller und dramatischer als manch benachbartes Dorf! Rosenthal war im 13. Jahrhundert zeitweise Stadt, als zwischen den Hildesheimer Bisch\u00f6fen, den Reichsministerialen von Wolfenb\u00fcttel und den braunschweigischen Herz\u00f6gen schwere K\u00e4mpfe um die Herrschaft in der Grafschaft Peine tobten. Rosenthal diente dabei als St\u00fctzpunkt der Hildesheimer &hellip; <\/p>\n","protected":false},"author":1,"featured_media":0,"parent":0,"menu_order":0,"comment_status":"closed","ping_status":"closed","template":"","meta":{"footnotes":""},"class_list":["post-876","page","type-page","status-publish","hentry","latest_post"],"_links":{"self":[{"href":"https:\/\/kreisheimatbund.de\/index.php?rest_route=\/wp\/v2\/pages\/876","targetHints":{"allow":["GET"]}}],"collection":[{"href":"https:\/\/kreisheimatbund.de\/index.php?rest_route=\/wp\/v2\/pages"}],"about":[{"href":"https:\/\/kreisheimatbund.de\/index.php?rest_route=\/wp\/v2\/types\/page"}],"author":[{"embeddable":true,"href":"https:\/\/kreisheimatbund.de\/index.php?rest_route=\/wp\/v2\/users\/1"}],"replies":[{"embeddable":true,"href":"https:\/\/kreisheimatbund.de\/index.php?rest_route=%2Fwp%2Fv2%2Fcomments&post=876"}],"version-history":[{"count":14,"href":"https:\/\/kreisheimatbund.de\/index.php?rest_route=\/wp\/v2\/pages\/876\/revisions"}],"predecessor-version":[{"id":1150,"href":"https:\/\/kreisheimatbund.de\/index.php?rest_route=\/wp\/v2\/pages\/876\/revisions\/1150"}],"wp:attachment":[{"href":"https:\/\/kreisheimatbund.de\/index.php?rest_route=%2Fwp%2Fv2%2Fmedia&parent=876"}],"curies":[{"name":"wp","href":"https:\/\/api.w.org\/{rel}","templated":true}]}}