{"id":873,"date":"2022-02-09T13:51:58","date_gmt":"2022-02-09T13:51:58","guid":{"rendered":"http:\/\/kreisheimatbund.de\/?page_id=873"},"modified":"2022-02-23T09:46:06","modified_gmt":"2022-02-23T09:46:06","slug":"edemissen","status":"publish","type":"page","link":"https:\/\/kreisheimatbund.de\/?page_id=873","title":{"rendered":"Edemissen"},"content":{"rendered":"\t\t<div data-elementor-type=\"wp-page\" data-elementor-id=\"873\" class=\"elementor elementor-873\">\n\t\t\t\t\t\t<section class=\"elementor-section elementor-top-section elementor-element elementor-element-2fcbf51 elementor-section-boxed elementor-section-height-default elementor-section-height-default\" data-id=\"2fcbf51\" data-element_type=\"section\" data-e-type=\"section\">\n\t\t\t\t\t\t<div class=\"elementor-container elementor-column-gap-default\">\n\t\t\t\t\t<div class=\"elementor-column elementor-col-100 elementor-top-column elementor-element elementor-element-9709982\" data-id=\"9709982\" data-element_type=\"column\" data-e-type=\"column\">\n\t\t\t<div class=\"elementor-widget-wrap elementor-element-populated\">\n\t\t\t\t\t\t<section class=\"elementor-section elementor-inner-section elementor-element elementor-element-6f909da elementor-section-boxed elementor-section-height-default elementor-section-height-default\" data-id=\"6f909da\" data-element_type=\"section\" data-e-type=\"section\">\n\t\t\t\t\t\t<div class=\"elementor-container elementor-column-gap-default\">\n\t\t\t\t\t<div class=\"elementor-column elementor-col-50 elementor-inner-column elementor-element elementor-element-042989f\" data-id=\"042989f\" data-element_type=\"column\" data-e-type=\"column\">\n\t\t\t<div class=\"elementor-widget-wrap elementor-element-populated\">\n\t\t\t\t\t\t<div class=\"elementor-element elementor-element-fbf3d1e elementor-widget elementor-widget-text-editor\" data-id=\"fbf3d1e\" data-element_type=\"widget\" data-e-type=\"widget\" data-widget_type=\"text-editor.default\">\n\t\t\t\t<div class=\"elementor-widget-container\">\n\t\t\t\t\t\t\t\t\t<p><b><span style=\"font-family: Calibri,sans-serif;\">\u00dcber den Verein:<\/span><\/b><\/p><p><b><span style=\"font-family: Calibri,sans-serif;\"><br \/><\/span><\/b><span style=\"font-family: Calibri,sans-serif;\">Der Heimat- und Archivverein Edemissen e. V. (gegr\u00fcndet 1982) hat die \u00f6ffentliche Aufgabe \u00fcbernommen, &#8222;Schriftgut&#8220; von heimat-<br \/>geschichtlichem Interesse zu sammeln, zu katalogisieren und sachgerecht aufzubewahren.<\/span><\/p><p>Neben dem Hauptort Edemissen werden auch die eingemeindeten Ortsteile in die Arbeit mit einbezogen.<\/p><p>Das Baudenkmal &#8222;Zehntspeicher&#8220; des ehemaligen Gografenhofes steht seit 1999 f\u00fcr interessante und abwechslungsreiche Veranstaltungen zur Verf\u00fcgung.<\/p>\t\t\t\t\t\t\t\t<\/div>\n\t\t\t\t<\/div>\n\t\t\t\t\t<\/div>\n\t\t<\/div>\n\t\t\t\t<div class=\"elementor-column elementor-col-50 elementor-inner-column elementor-element elementor-element-0369aed\" data-id=\"0369aed\" data-element_type=\"column\" data-e-type=\"column\">\n\t\t\t<div class=\"elementor-widget-wrap elementor-element-populated\">\n\t\t\t\t\t\t<div class=\"elementor-element elementor-element-409907e elementor-widget elementor-widget-image\" data-id=\"409907e\" data-element_type=\"widget\" data-e-type=\"widget\" data-widget_type=\"image.default\">\n\t\t\t\t<div class=\"elementor-widget-container\">\n\t\t\t\t\t\t\t\t\t\t\t\t<figure class=\"wp-caption\">\n\t\t\t\t\t\t\t\t\t\t<img decoding=\"async\" width=\"250\" height=\"170\" src=\"https:\/\/kreisheimatbund.de\/wp-content\/uploads\/2022\/02\/Edemissen_Zehntspeicher.jpg\" class=\"attachment-large size-large wp-image-907\" alt=\"\" srcset=\"https:\/\/kreisheimatbund.de\/wp-content\/uploads\/2022\/02\/Edemissen_Zehntspeicher.jpg 250w, https:\/\/kreisheimatbund.de\/wp-content\/uploads\/2022\/02\/Edemissen_Zehntspeicher-88x60.jpg 88w\" sizes=\"(max-width: 250px) 100vw, 250px\" \/>\t\t\t\t\t\t\t\t\t\t\t<figcaption class=\"widget-image-caption wp-caption-text\">Zehntspeicher<\/figcaption>\n\t\t\t\t\t\t\t\t\t\t<\/figure>\n\t\t\t\t\t\t\t\t\t<\/div>\n\t\t\t\t<\/div>\n\t\t\t\t<div class=\"elementor-element elementor-element-e09e28a elementor-widget elementor-widget-text-editor\" data-id=\"e09e28a\" data-element_type=\"widget\" data-e-type=\"widget\" data-widget_type=\"text-editor.default\">\n\t\t\t\t<div class=\"elementor-widget-container\">\n\t\t\t\t\t\t\t\t\t<p style=\"text-align: center;\"><b><span style=\"font-family: Calibri,sans-serif;\">Kontakt:<br \/><\/span><\/b><span style=\"font-family: Calibri,sans-serif;\">Dr. Franz Josef Beck, 1.Vorsitzender<\/span><\/p><p style=\"text-align: center;\"><span style=\"font-family: Calibri,sans-serif;\">Im Gr\u00fcnen Garten<br \/>31234 Edemissen<br \/><\/span><\/p><table id=\"CM1559d6bd6acb9e14a7e5e9d48\" class=\"cm_table\"><tbody class=\"cm_table\"><tr class=\"cm_table cm_firstrow\"><td class=\"cm_table cm_firstcol\"><p>Telefon:<\/p><p>E-Mail:<\/p><\/td><td class=\"cm_table cm_lastcol\"><p>05177 &#8211; 985999<\/p><p><span class=\"cm_anchor\">hav-e@web.de<\/span><\/p><\/td><\/tr><\/tbody><\/table><p style=\"text-align: center;\"><span style=\"font-family: Calibri,sans-serif;\"><br \/><\/span><a href=\"http:\/\/www.heimatgeschichte-edemissen.de\/\" target=\"_blank\" rel=\"noopener\">www.heimatgeschichte-edemissen.de<\/a><\/p>\t\t\t\t\t\t\t\t<\/div>\n\t\t\t\t<\/div>\n\t\t\t\t\t<\/div>\n\t\t<\/div>\n\t\t\t\t\t<\/div>\n\t\t<\/section>\n\t\t\t\t\t<\/div>\n\t\t<\/div>\n\t\t\t\t\t<\/div>\n\t\t<\/section>\n\t\t\t\t<\/div>\n\t\t","protected":false},"excerpt":{"rendered":"<p>\u00dcber den Verein: Der Heimat- und Archivverein Edemissen e. V. (gegr\u00fcndet 1982) hat die \u00f6ffentliche Aufgabe \u00fcbernommen, &#8222;Schriftgut&#8220; von heimat-geschichtlichem Interesse zu sammeln, zu katalogisieren und sachgerecht aufzubewahren. Neben dem Hauptort Edemissen werden auch die eingemeindeten Ortsteile in die Arbeit mit einbezogen. Das Baudenkmal &#8222;Zehntspeicher&#8220; des ehemaligen Gografenhofes steht seit 1999 f\u00fcr interessante und abwechslungsreiche Veranstaltungen zur Verf\u00fcgung. Zehntspeicher Kontakt:Dr. Franz Josef Beck, 1.Vorsitzender Im Gr\u00fcnen Garten31234 Edemissen Telefon: E-Mail: 05177 &#8211; 985999 hav-e@web.de www.heimatgeschichte-edemissen.de<\/p>\n","protected":false},"author":1,"featured_media":0,"parent":0,"menu_order":0,"comment_status":"closed","ping_status":"closed","template":"","meta":{"footnotes":""},"class_list":["post-873","page","type-page","status-publish","hentry","latest_post"],"_links":{"self":[{"href":"https:\/\/kreisheimatbund.de\/index.php?rest_route=\/wp\/v2\/pages\/873","targetHints":{"allow":["GET"]}}],"collection":[{"href":"https:\/\/kreisheimatbund.de\/index.php?rest_route=\/wp\/v2\/pages"}],"about":[{"href":"https:\/\/kreisheimatbund.de\/index.php?rest_route=\/wp\/v2\/types\/page"}],"author":[{"embeddable":true,"href":"https:\/\/kreisheimatbund.de\/index.php?rest_route=\/wp\/v2\/users\/1"}],"replies":[{"embeddable":true,"href":"https:\/\/kreisheimatbund.de\/index.php?rest_route=%2Fwp%2Fv2%2Fcomments&post=873"}],"version-history":[{"count":7,"href":"https:\/\/kreisheimatbund.de\/index.php?rest_route=\/wp\/v2\/pages\/873\/revisions"}],"predecessor-version":[{"id":913,"href":"https:\/\/kreisheimatbund.de\/index.php?rest_route=\/wp\/v2\/pages\/873\/revisions\/913"}],"wp:attachment":[{"href":"https:\/\/kreisheimatbund.de\/index.php?rest_route=%2Fwp%2Fv2%2Fmedia&parent=873"}],"curies":[{"name":"wp","href":"https:\/\/api.w.org\/{rel}","templated":true}]}}