{"id":785,"date":"2022-02-01T09:33:45","date_gmt":"2022-02-01T09:33:45","guid":{"rendered":"http:\/\/kreisheimatbund.de\/?page_id=785"},"modified":"2022-02-01T09:36:09","modified_gmt":"2022-02-01T09:36:09","slug":"trentelmoor","status":"publish","type":"page","link":"https:\/\/kreisheimatbund.de\/?page_id=785","title":{"rendered":"Trentelmoor"},"content":{"rendered":"\t\t<div data-elementor-type=\"wp-page\" data-elementor-id=\"785\" class=\"elementor elementor-785\">\n\t\t\t\t\t\t<section class=\"elementor-section elementor-top-section elementor-element elementor-element-f436952 elementor-section-boxed elementor-section-height-default elementor-section-height-default\" data-id=\"f436952\" data-element_type=\"section\" data-e-type=\"section\">\n\t\t\t\t\t\t<div class=\"elementor-container elementor-column-gap-default\">\n\t\t\t\t\t<div class=\"elementor-column elementor-col-100 elementor-top-column elementor-element elementor-element-a2af208\" data-id=\"a2af208\" data-element_type=\"column\" data-e-type=\"column\">\n\t\t\t<div class=\"elementor-widget-wrap elementor-element-populated\">\n\t\t\t\t\t\t<div class=\"elementor-element elementor-element-257e2f2 elementor-widget elementor-widget-heading\" data-id=\"257e2f2\" data-element_type=\"widget\" data-e-type=\"widget\" data-widget_type=\"heading.default\">\n\t\t\t\t<div class=\"elementor-widget-container\">\n\t\t\t\t\t<h2 class=\"elementor-heading-title elementor-size-default\">Pollenanalytische Untersuchungen<\/h2>\t\t\t\t<\/div>\n\t\t\t\t<\/div>\n\t\t\t\t<div class=\"elementor-element elementor-element-f80f761 elementor-widget-divider--view-line elementor-widget elementor-widget-divider\" data-id=\"f80f761\" data-element_type=\"widget\" data-e-type=\"widget\" data-widget_type=\"divider.default\">\n\t\t\t\t<div class=\"elementor-widget-container\">\n\t\t\t\t\t\t\t<div class=\"elementor-divider\">\n\t\t\t<span class=\"elementor-divider-separator\">\n\t\t\t\t\t\t<\/span>\n\t\t<\/div>\n\t\t\t\t\t\t<\/div>\n\t\t\t\t<\/div>\n\t\t\t\t<section class=\"elementor-section elementor-inner-section elementor-element elementor-element-f2bd6d4 elementor-section-boxed elementor-section-height-default elementor-section-height-default\" data-id=\"f2bd6d4\" data-element_type=\"section\" data-e-type=\"section\">\n\t\t\t\t\t\t<div class=\"elementor-container elementor-column-gap-default\">\n\t\t\t\t\t<div class=\"elementor-column elementor-col-50 elementor-inner-column elementor-element elementor-element-41b56e2\" data-id=\"41b56e2\" data-element_type=\"column\" data-e-type=\"column\">\n\t\t\t<div class=\"elementor-widget-wrap elementor-element-populated\">\n\t\t\t\t\t\t<div class=\"elementor-element elementor-element-a50433f elementor-widget elementor-widget-image\" data-id=\"a50433f\" data-element_type=\"widget\" data-e-type=\"widget\" data-widget_type=\"image.default\">\n\t\t\t\t<div class=\"elementor-widget-container\">\n\t\t\t\t\t\t\t\t\t\t\t\t<figure class=\"wp-caption\">\n\t\t\t\t\t\t\t\t\t\t<img fetchpriority=\"high\" decoding=\"async\" width=\"400\" height=\"267\" src=\"https:\/\/kreisheimatbund.de\/wp-content\/uploads\/2022\/02\/2002_Moor.jpg\" class=\"attachment-large size-large wp-image-787\" alt=\"\" srcset=\"https:\/\/kreisheimatbund.de\/wp-content\/uploads\/2022\/02\/2002_Moor.jpg 400w, https:\/\/kreisheimatbund.de\/wp-content\/uploads\/2022\/02\/2002_Moor-300x200.jpg 300w, https:\/\/kreisheimatbund.de\/wp-content\/uploads\/2022\/02\/2002_Moor-90x60.jpg 90w, https:\/\/kreisheimatbund.de\/wp-content\/uploads\/2022\/02\/2002_Moor-374x249.jpg 374w\" sizes=\"(max-width: 400px) 100vw, 400px\" \/>\t\t\t\t\t\t\t\t\t\t\t<figcaption class=\"widget-image-caption wp-caption-text\">Exkursion ins Barumer Moor zur Vorbereitung der pollenanalytischen Untersuchungen der Uni G\u00f6ttingen. S. K\u00f6nig, M.A., Dr. F. Schl\u00fctz, Prof. Dr. H. Oelke,Dr. R. Holl\u00e4nder und A. Henrich.<\/figcaption>\n\t\t\t\t\t\t\t\t\t\t<\/figure>\n\t\t\t\t\t\t\t\t\t<\/div>\n\t\t\t\t<\/div>\n\t\t\t\t\t<\/div>\n\t\t<\/div>\n\t\t\t\t<div class=\"elementor-column elementor-col-50 elementor-inner-column elementor-element elementor-element-efebb0b\" data-id=\"efebb0b\" data-element_type=\"column\" data-e-type=\"column\">\n\t\t\t<div class=\"elementor-widget-wrap elementor-element-populated\">\n\t\t\t\t\t\t<div class=\"elementor-element elementor-element-1105b60 elementor-widget elementor-widget-text-editor\" data-id=\"1105b60\" data-element_type=\"widget\" data-e-type=\"widget\" data-widget_type=\"text-editor.default\">\n\t\t\t\t<div class=\"elementor-widget-container\">\n\t\t\t\t\t\t\t\t\t<p><strong>Neue Altersdaten aus dem Trentelmoor<\/strong><\/p><p><strong><br \/><\/strong>Auf Anregung des Kreisheimatbundes Peine wurden im Zeit- raum 2000\/2001 moderne pollenanalytische Untersuchungen im Peiner Trentelmoor durchgef\u00fchrt.<br \/>Die Arbeiten wurden von der Uni G\u00f6ttingen (Albrecht-von- Haller-Institut f\u00fcr Pflanzenwissenschaften, Abt. Palynologie und Quart\u00e4rwissenschaften) im Rahmen einer Diplomarbeit durchgef\u00fchrt (A. Henrich).<br \/>Wesentliches Fragestellung war der Nachweis und die Datierung praehistorischer Siedlungsaktivit\u00e4ten.<br \/>Die radiometrischen Altersdatierungen wurden vom Kreisheimatbund finanziert.<\/p><p>\u00a0<\/p>\t\t\t\t\t\t\t\t<\/div>\n\t\t\t\t<\/div>\n\t\t\t\t\t<\/div>\n\t\t<\/div>\n\t\t\t\t\t<\/div>\n\t\t<\/section>\n\t\t\t\t<div class=\"elementor-element elementor-element-adbccc0 elementor-widget elementor-widget-text-editor\" data-id=\"adbccc0\" data-element_type=\"widget\" data-e-type=\"widget\" data-widget_type=\"text-editor.default\">\n\t\t\t\t<div class=\"elementor-widget-container\">\n\t\t\t\t\t\t\t\t\t<h5>Vegetations-\u00a0und siedlungsgeschichtliche Untersuchungen am Trentelmoor bei Peine<br \/>Diplomarbeit von Wilhelm Alfred Henrich, Albrecht-von-Haller-Institut f\u00fcr Pflanzenwissenschaften, Abt. Palynologie und Quart\u00e4rwissenschaften, Georg-August-Universit\u00e4t G\u00f6ttigen, 2001<\/h5><p>\u00a0<\/p>\t\t\t\t\t\t\t\t<\/div>\n\t\t\t\t<\/div>\n\t\t\t\t\t<\/div>\n\t\t<\/div>\n\t\t\t\t\t<\/div>\n\t\t<\/section>\n\t\t\t\t<\/div>\n\t\t","protected":false},"excerpt":{"rendered":"<p>Pollenanalytische Untersuchungen Exkursion ins Barumer Moor zur Vorbereitung der pollenanalytischen Untersuchungen der Uni G\u00f6ttingen. S. K\u00f6nig, M.A., Dr. F. Schl\u00fctz, Prof. Dr. H. Oelke,Dr. R. Holl\u00e4nder und A. Henrich. Neue Altersdaten aus dem Trentelmoor Auf Anregung des Kreisheimatbundes Peine wurden im Zeit- raum 2000\/2001 moderne pollenanalytische Untersuchungen im Peiner Trentelmoor durchgef\u00fchrt.Die Arbeiten wurden von der Uni G\u00f6ttingen (Albrecht-von- Haller-Institut f\u00fcr Pflanzenwissenschaften, Abt. Palynologie und Quart\u00e4rwissenschaften) im Rahmen einer Diplomarbeit durchgef\u00fchrt (A. Henrich).Wesentliches Fragestellung war der &hellip; <\/p>\n","protected":false},"author":1,"featured_media":0,"parent":0,"menu_order":0,"comment_status":"closed","ping_status":"closed","template":"","meta":{"footnotes":""},"class_list":["post-785","page","type-page","status-publish","hentry","latest_post"],"_links":{"self":[{"href":"https:\/\/kreisheimatbund.de\/index.php?rest_route=\/wp\/v2\/pages\/785","targetHints":{"allow":["GET"]}}],"collection":[{"href":"https:\/\/kreisheimatbund.de\/index.php?rest_route=\/wp\/v2\/pages"}],"about":[{"href":"https:\/\/kreisheimatbund.de\/index.php?rest_route=\/wp\/v2\/types\/page"}],"author":[{"embeddable":true,"href":"https:\/\/kreisheimatbund.de\/index.php?rest_route=\/wp\/v2\/users\/1"}],"replies":[{"embeddable":true,"href":"https:\/\/kreisheimatbund.de\/index.php?rest_route=%2Fwp%2Fv2%2Fcomments&post=785"}],"version-history":[{"count":4,"href":"https:\/\/kreisheimatbund.de\/index.php?rest_route=\/wp\/v2\/pages\/785\/revisions"}],"predecessor-version":[{"id":791,"href":"https:\/\/kreisheimatbund.de\/index.php?rest_route=\/wp\/v2\/pages\/785\/revisions\/791"}],"wp:attachment":[{"href":"https:\/\/kreisheimatbund.de\/index.php?rest_route=%2Fwp%2Fv2%2Fmedia&parent=785"}],"curies":[{"name":"wp","href":"https:\/\/api.w.org\/{rel}","templated":true}]}}