{"id":769,"date":"2022-02-01T08:55:22","date_gmt":"2022-02-01T08:55:22","guid":{"rendered":"http:\/\/kreisheimatbund.de\/?page_id=769"},"modified":"2022-02-09T10:41:07","modified_gmt":"2022-02-09T10:41:07","slug":"fuerstenau-2","status":"publish","type":"page","link":"https:\/\/kreisheimatbund.de\/?page_id=769","title":{"rendered":"F\u00fcrstenau (Grabstein des Grafen)"},"content":{"rendered":"\t\t<div data-elementor-type=\"wp-page\" data-elementor-id=\"769\" class=\"elementor elementor-769\">\n\t\t\t\t\t\t<section class=\"elementor-section elementor-top-section elementor-element elementor-element-441262b elementor-section-boxed elementor-section-height-default elementor-section-height-default\" data-id=\"441262b\" data-element_type=\"section\" data-e-type=\"section\">\n\t\t\t\t\t\t<div class=\"elementor-container elementor-column-gap-default\">\n\t\t\t\t\t<div class=\"elementor-column elementor-col-100 elementor-top-column elementor-element elementor-element-bcc0a74\" data-id=\"bcc0a74\" data-element_type=\"column\" data-e-type=\"column\">\n\t\t\t<div class=\"elementor-widget-wrap elementor-element-populated\">\n\t\t\t\t\t\t<div class=\"elementor-element elementor-element-d65540e elementor-widget elementor-widget-heading\" data-id=\"d65540e\" data-element_type=\"widget\" data-e-type=\"widget\" data-widget_type=\"heading.default\">\n\t\t\t\t<div class=\"elementor-widget-container\">\n\t\t\t\t\t<h2 class=\"elementor-heading-title elementor-size-default\">Grabstein des Grafen Hans von Schweinitz und Krain<\/h2>\t\t\t\t<\/div>\n\t\t\t\t<\/div>\n\t\t\t\t<div class=\"elementor-element elementor-element-2a6136d elementor-widget-divider--view-line elementor-widget elementor-widget-divider\" data-id=\"2a6136d\" data-element_type=\"widget\" data-e-type=\"widget\" data-widget_type=\"divider.default\">\n\t\t\t\t<div class=\"elementor-widget-container\">\n\t\t\t\t\t\t\t<div class=\"elementor-divider\">\n\t\t\t<span class=\"elementor-divider-separator\">\n\t\t\t\t\t\t<\/span>\n\t\t<\/div>\n\t\t\t\t\t\t<\/div>\n\t\t\t\t<\/div>\n\t\t\t\t<section class=\"elementor-section elementor-inner-section elementor-element elementor-element-3097dbf elementor-section-boxed elementor-section-height-default elementor-section-height-default\" data-id=\"3097dbf\" data-element_type=\"section\" data-e-type=\"section\">\n\t\t\t\t\t\t<div class=\"elementor-container elementor-column-gap-default\">\n\t\t\t\t\t<div class=\"elementor-column elementor-col-50 elementor-inner-column elementor-element elementor-element-e0d6309\" data-id=\"e0d6309\" data-element_type=\"column\" data-e-type=\"column\">\n\t\t\t<div class=\"elementor-widget-wrap elementor-element-populated\">\n\t\t\t\t\t\t<div class=\"elementor-element elementor-element-54fa372 elementor-widget elementor-widget-image\" data-id=\"54fa372\" data-element_type=\"widget\" data-e-type=\"widget\" data-widget_type=\"image.default\">\n\t\t\t\t<div class=\"elementor-widget-container\">\n\t\t\t\t\t\t\t\t\t\t\t\t\t\t\t<img fetchpriority=\"high\" decoding=\"async\" width=\"400\" height=\"650\" src=\"https:\/\/kreisheimatbund.de\/wp-content\/uploads\/2022\/02\/0702031705_KHB_F_rstenau.jpg\" class=\"attachment-large size-large wp-image-773\" alt=\"\" srcset=\"https:\/\/kreisheimatbund.de\/wp-content\/uploads\/2022\/02\/0702031705_KHB_F_rstenau.jpg 400w, https:\/\/kreisheimatbund.de\/wp-content\/uploads\/2022\/02\/0702031705_KHB_F_rstenau-185x300.jpg 185w, https:\/\/kreisheimatbund.de\/wp-content\/uploads\/2022\/02\/0702031705_KHB_F_rstenau-37x60.jpg 37w\" sizes=\"(max-width: 400px) 100vw, 400px\" \/>\t\t\t\t\t\t\t\t\t\t\t\t\t\t\t<\/div>\n\t\t\t\t<\/div>\n\t\t\t\t\t<\/div>\n\t\t<\/div>\n\t\t\t\t<div class=\"elementor-column elementor-col-50 elementor-inner-column elementor-element elementor-element-078d33a\" data-id=\"078d33a\" data-element_type=\"column\" data-e-type=\"column\">\n\t\t\t<div class=\"elementor-widget-wrap elementor-element-populated\">\n\t\t\t\t\t\t<div class=\"elementor-element elementor-element-97f64fa elementor-widget elementor-widget-text-editor\" data-id=\"97f64fa\" data-element_type=\"widget\" data-e-type=\"widget\" data-widget_type=\"text-editor.default\">\n\t\t\t\t<div class=\"elementor-widget-container\">\n\t\t\t\t\t\t\t\t\t<p align=\"LEFT\"><span style=\"color: #000000; font-family: Humnst777 BT;\">Grabstein des Grafen Hans-Julius von Schweinitz und Krain<\/span><\/p>\n<p align=\"LEFT\"><span style=\"color: #000000; font-family: Humnst777 Lt BT;\">geb. 10.04.1729 gest. 27.08.1754<\/span><\/p>\n<p>\u00a0<\/p>\n<p><span style=\"color: #000000; font-family: Humnst777 Lt BT;\">Der erste Teil der Inschrift des Steins lautet:<\/span><\/p>\n<p align=\"JUSTIFY\"><span style=\"font-family: Humnst777 Lt BT;\">Hans-Julius \/ Graf von Schweinitz und Krain \/ Freiherr von Kauder \/ geb. den 10. April 1729 gest. 27.Aug.1754 \/ erhielt unter diesen Steine seinen durch \/ Stein schmerzten von Kindheit an \/ abgematteten Leib eine \/ Ruhestatt \/ &#8230;<\/span><\/p>\n<p align=\"LEFT\"><span style=\"font-family: Humnst777 Lt BT;\">Der zweite Teil ist leider nur fragmentarisch erhalten.<\/span><\/p>\t\t\t\t\t\t\t\t<\/div>\n\t\t\t\t<\/div>\n\t\t\t\t\t<\/div>\n\t\t<\/div>\n\t\t\t\t\t<\/div>\n\t\t<\/section>\n\t\t\t\t<section class=\"elementor-section elementor-inner-section elementor-element elementor-element-6cb77b0 elementor-section-boxed elementor-section-height-default elementor-section-height-default\" data-id=\"6cb77b0\" data-element_type=\"section\" data-e-type=\"section\">\n\t\t\t\t\t\t<div class=\"elementor-container elementor-column-gap-default\">\n\t\t\t\t\t<div class=\"elementor-column elementor-col-50 elementor-inner-column elementor-element elementor-element-99aa3da\" data-id=\"99aa3da\" data-element_type=\"column\" data-e-type=\"column\">\n\t\t\t<div class=\"elementor-widget-wrap elementor-element-populated\">\n\t\t\t\t\t\t<div class=\"elementor-element elementor-element-8534f8f elementor-widget elementor-widget-image\" data-id=\"8534f8f\" data-element_type=\"widget\" data-e-type=\"widget\" data-widget_type=\"image.default\">\n\t\t\t\t<div class=\"elementor-widget-container\">\n\t\t\t\t\t\t\t\t\t\t\t\t<figure class=\"wp-caption\">\n\t\t\t\t\t\t\t\t\t\t<img decoding=\"async\" width=\"400\" height=\"314\" src=\"https:\/\/kreisheimatbund.de\/wp-content\/uploads\/2022\/02\/0702031704_KHB_F_rstenau.jpg\" class=\"attachment-large size-large wp-image-774\" alt=\"\" srcset=\"https:\/\/kreisheimatbund.de\/wp-content\/uploads\/2022\/02\/0702031704_KHB_F_rstenau.jpg 400w, https:\/\/kreisheimatbund.de\/wp-content\/uploads\/2022\/02\/0702031704_KHB_F_rstenau-300x236.jpg 300w, https:\/\/kreisheimatbund.de\/wp-content\/uploads\/2022\/02\/0702031704_KHB_F_rstenau-76x60.jpg 76w\" sizes=\"(max-width: 400px) 100vw, 400px\" \/>\t\t\t\t\t\t\t\t\t\t\t<figcaption class=\"widget-image-caption wp-caption-text\">Die Gr\u00e4fin v. Schweinitz und Krain und der Ortsheimatpfleger Norbert Tegtbuhr bei der Enth\u00fcllung des restaurierten Grabsteins.<\/figcaption>\n\t\t\t\t\t\t\t\t\t\t<\/figure>\n\t\t\t\t\t\t\t\t\t<\/div>\n\t\t\t\t<\/div>\n\t\t\t\t\t<\/div>\n\t\t<\/div>\n\t\t\t\t<div class=\"elementor-column elementor-col-50 elementor-inner-column elementor-element elementor-element-d74f0a4\" data-id=\"d74f0a4\" data-element_type=\"column\" data-e-type=\"column\">\n\t\t\t<div class=\"elementor-widget-wrap elementor-element-populated\">\n\t\t\t\t\t\t<div class=\"elementor-element elementor-element-1683e7c elementor-widget elementor-widget-text-editor\" data-id=\"1683e7c\" data-element_type=\"widget\" data-e-type=\"widget\" data-widget_type=\"text-editor.default\">\n\t\t\t\t<div class=\"elementor-widget-container\">\n\t\t\t\t\t\t\t\t\t<p><span style=\"color: #000000; font-family: ZapfHumnst Dm BT;\">1992 wurde auf dem Hof von Horst Rickert in Zweidorf bei Bauarbeiten eine gro\u00dfe Sandsteinplatte aufgenommen, die sich als wiederverwendeter Grabstein entpuppte und ehemals aus der Kirche hier auf dem Haselhof stammte.<\/span><\/p>\n<p align=\"JUSTIFY\"><span style=\"font-family: ZapfHumnst Dm BT;\">Bei den Arbeiten wurde der Stein leider in ein gro\u00dfst\u00fcckiges 50-Teile-Puzzle verwandelt, dennoch waren die Helmzier des Wappens und weitere Teile noch gut erkennbar.<\/span><\/p>\n<p align=\"JUSTIFY\"><span style=\"font-family: ZapfHumnst Dm BT;\">Der damalige Beauftragte f\u00fcr \u00e4rch\u00e4ologische Bodendenkmalpflege f\u00fcr den Landkreis Peine Jens Koch und der Ortsheimatpfleger Norbert Tegtbuhr veranla\u00dften die Bergung und Verbringung der St\u00fccke in das Magazin des Landkreises Peine in Edesse.<\/span><\/p>\n<p align=\"JUSTIFY\"><span style=\"font-family: ZapfHumnst Dm BT;\">Dort lagerten Sie bis zum Umzug des Magazins nach V\u00f6hrum.<\/span><\/p>\n<p><span style=\"font-family: ZapfHumnst Dm BT;\">Frau Thon-Dreessen vom Amt f\u00fcr Bauen und Wohnen des Landkreises Peine sorgte f\u00fcr den Transport nach Vechelde zum Steinmetzbetrieb Peter Ziemann zwecks Restaurierung des Steines.<\/span><\/p>\t\t\t\t\t\t\t\t<\/div>\n\t\t\t\t<\/div>\n\t\t\t\t\t<\/div>\n\t\t<\/div>\n\t\t\t\t\t<\/div>\n\t\t<\/section>\n\t\t\t\t<section class=\"elementor-section elementor-inner-section elementor-element elementor-element-93bd5f9 elementor-section-boxed elementor-section-height-default elementor-section-height-default\" data-id=\"93bd5f9\" data-element_type=\"section\" data-e-type=\"section\">\n\t\t\t\t\t\t<div class=\"elementor-container elementor-column-gap-default\">\n\t\t\t\t\t<div class=\"elementor-column elementor-col-50 elementor-inner-column elementor-element elementor-element-ecf37a7\" data-id=\"ecf37a7\" data-element_type=\"column\" data-e-type=\"column\">\n\t\t\t<div class=\"elementor-widget-wrap elementor-element-populated\">\n\t\t\t\t\t\t<div class=\"elementor-element elementor-element-6e50f18 elementor-widget elementor-widget-image\" data-id=\"6e50f18\" data-element_type=\"widget\" data-e-type=\"widget\" data-widget_type=\"image.default\">\n\t\t\t\t<div class=\"elementor-widget-container\">\n\t\t\t\t\t\t\t\t\t\t\t\t<figure class=\"wp-caption\">\n\t\t\t\t\t\t\t\t\t\t<img decoding=\"async\" width=\"400\" height=\"276\" src=\"https:\/\/kreisheimatbund.de\/wp-content\/uploads\/2022\/02\/0702031702_KHB_F_rstenau.jpg\" class=\"attachment-large size-large wp-image-775\" alt=\"\" srcset=\"https:\/\/kreisheimatbund.de\/wp-content\/uploads\/2022\/02\/0702031702_KHB_F_rstenau.jpg 400w, https:\/\/kreisheimatbund.de\/wp-content\/uploads\/2022\/02\/0702031702_KHB_F_rstenau-300x207.jpg 300w, https:\/\/kreisheimatbund.de\/wp-content\/uploads\/2022\/02\/0702031702_KHB_F_rstenau-87x60.jpg 87w\" sizes=\"(max-width: 400px) 100vw, 400px\" \/>\t\t\t\t\t\t\t\t\t\t\t<figcaption class=\"widget-image-caption wp-caption-text\">Nach der feierlichen Enth\u00fcllung, v. li:             M. Dambroth, N. Tegtbuhr, Graf v. Schweinitz, Gr\u00e4fin v. Schweinitz, W. Gehrmann, H.-J. Heinze, H. Winkelmann und R. Holl\u00e4nder.<\/figcaption>\n\t\t\t\t\t\t\t\t\t\t<\/figure>\n\t\t\t\t\t\t\t\t\t<\/div>\n\t\t\t\t<\/div>\n\t\t\t\t\t<\/div>\n\t\t<\/div>\n\t\t\t\t<div class=\"elementor-column elementor-col-50 elementor-inner-column elementor-element elementor-element-158dead\" data-id=\"158dead\" data-element_type=\"column\" data-e-type=\"column\">\n\t\t\t<div class=\"elementor-widget-wrap elementor-element-populated\">\n\t\t\t\t\t\t<div class=\"elementor-element elementor-element-ebee01b elementor-widget elementor-widget-text-editor\" data-id=\"ebee01b\" data-element_type=\"widget\" data-e-type=\"widget\" data-widget_type=\"text-editor.default\">\n\t\t\t\t<div class=\"elementor-widget-container\">\n\t\t\t\t\t\t\t\t\t<p><span style=\"font-family: ZapfHumnst Dm BT;\">Nach l\u00e4ngerer, vergeblicher Sponsorensuche war man froh, als der Kreisheimatbund Peine sich nach Best\u00e4tigung der Denkmaleigenschaft durch die Bezirksdenkmalpflege in Braunschweig bereit erkl\u00e4rte, die Kosten f\u00fcr Restaurierung und Aufstellung zu \u00fcbernehmen.<\/span><\/p>\n<p align=\"JUSTIFY\"><span style=\"font-family: ZapfHumnst Dm BT;\">Das Ergebnis dieser Bem\u00fchungen ist heute auf dem Gel\u00e4nde des ehemaligen Schlosses in F\u00fcrstenau zu sehen.<\/span><\/p>\n<p align=\"JUSTIFY\">\u00a0<\/p>\n<p align=\"JUSTIFY\"><span style=\"font-family: ZapfHumnst Dm BT;\">Graf Hans-Julius von Schweinitz und Krain:<\/span><\/p>\n<p align=\"LEFT\"><span style=\"font-family: ZapfHumnst Dm BT;\">Den Nachforschungen des ehemaligen Kreisarchivars Heinrich Winkelmann im Stadtarchiv Braunschweig zufolge, bekleidete Hans-Julius, geb. 10.04.1729 gest. 27.08.1754, am Braunschweigischen Hofe den Rang eines Kammerherren bei der verwitweten Herzogin Elisabeth Marie Sophie von Braunschweig-Wolfenb\u00fcttel (gest. 1767), die als Witwensitz die Schl\u00f6sser F\u00fcrstenau, Sophiental und Vechelde bewohnte. Der junge Kammerherr verstarb mit 25 Jahren hier in F\u00fcrstenau und wurde auch hier beigesetzt.<\/span><\/p>\t\t\t\t\t\t\t\t<\/div>\n\t\t\t\t<\/div>\n\t\t\t\t\t<\/div>\n\t\t<\/div>\n\t\t\t\t\t<\/div>\n\t\t<\/section>\n\t\t\t\t\t<\/div>\n\t\t<\/div>\n\t\t\t\t\t<\/div>\n\t\t<\/section>\n\t\t\t\t<\/div>\n\t\t","protected":false},"excerpt":{"rendered":"<p>Grabstein des Grafen Hans von Schweinitz und Krain Grabstein des Grafen Hans-Julius von Schweinitz und Krain geb. 10.04.1729 gest. 27.08.1754 \u00a0 Der erste Teil der Inschrift des Steins lautet: Hans-Julius \/ Graf von Schweinitz und Krain \/ Freiherr von Kauder \/ geb. den 10. April 1729 gest. 27.Aug.1754 \/ erhielt unter diesen Steine seinen durch \/ Stein schmerzten von Kindheit an \/ abgematteten Leib eine \/ Ruhestatt \/ &#8230; Der zweite Teil ist leider nur &hellip; <\/p>\n","protected":false},"author":1,"featured_media":0,"parent":0,"menu_order":0,"comment_status":"closed","ping_status":"closed","template":"","meta":{"footnotes":""},"class_list":["post-769","page","type-page","status-publish","hentry","latest_post"],"_links":{"self":[{"href":"https:\/\/kreisheimatbund.de\/index.php?rest_route=\/wp\/v2\/pages\/769","targetHints":{"allow":["GET"]}}],"collection":[{"href":"https:\/\/kreisheimatbund.de\/index.php?rest_route=\/wp\/v2\/pages"}],"about":[{"href":"https:\/\/kreisheimatbund.de\/index.php?rest_route=\/wp\/v2\/types\/page"}],"author":[{"embeddable":true,"href":"https:\/\/kreisheimatbund.de\/index.php?rest_route=\/wp\/v2\/users\/1"}],"replies":[{"embeddable":true,"href":"https:\/\/kreisheimatbund.de\/index.php?rest_route=%2Fwp%2Fv2%2Fcomments&post=769"}],"version-history":[{"count":15,"href":"https:\/\/kreisheimatbund.de\/index.php?rest_route=\/wp\/v2\/pages\/769\/revisions"}],"predecessor-version":[{"id":850,"href":"https:\/\/kreisheimatbund.de\/index.php?rest_route=\/wp\/v2\/pages\/769\/revisions\/850"}],"wp:attachment":[{"href":"https:\/\/kreisheimatbund.de\/index.php?rest_route=%2Fwp%2Fv2%2Fmedia&parent=769"}],"curies":[{"name":"wp","href":"https:\/\/api.w.org\/{rel}","templated":true}]}}