{"id":73,"date":"2021-07-27T14:49:43","date_gmt":"2021-07-27T14:49:43","guid":{"rendered":"http:\/\/kreisheimatbund.de\/?page_id=73"},"modified":"2021-12-27T10:02:22","modified_gmt":"2021-12-27T10:02:22","slug":"heimatvereine","status":"publish","type":"page","link":"https:\/\/kreisheimatbund.de\/?page_id=73","title":{"rendered":"Heimatvereine"},"content":{"rendered":"\t\t<div data-elementor-type=\"wp-page\" data-elementor-id=\"73\" class=\"elementor elementor-73\">\n\t\t\t\t\t\t<section class=\"elementor-section elementor-top-section elementor-element elementor-element-67545d3 elementor-section-boxed elementor-section-height-default elementor-section-height-default\" data-id=\"67545d3\" data-element_type=\"section\" data-e-type=\"section\">\n\t\t\t\t\t\t<div class=\"elementor-container elementor-column-gap-default\">\n\t\t\t\t\t<div class=\"elementor-column elementor-col-100 elementor-top-column elementor-element elementor-element-980944d\" data-id=\"980944d\" data-element_type=\"column\" data-e-type=\"column\">\n\t\t\t<div class=\"elementor-widget-wrap elementor-element-populated\">\n\t\t\t\t\t\t<section class=\"elementor-section elementor-inner-section elementor-element elementor-element-b764689 elementor-section-boxed elementor-section-height-default elementor-section-height-default\" data-id=\"b764689\" data-element_type=\"section\" data-e-type=\"section\">\n\t\t\t\t\t\t<div class=\"elementor-container elementor-column-gap-default\">\n\t\t\t\t\t<div class=\"elementor-column elementor-col-50 elementor-inner-column elementor-element elementor-element-4c6554c\" data-id=\"4c6554c\" data-element_type=\"column\" data-e-type=\"column\">\n\t\t\t<div class=\"elementor-widget-wrap elementor-element-populated\">\n\t\t\t\t\t\t<div class=\"elementor-element elementor-element-9d01158 elementor-widget elementor-widget-image\" data-id=\"9d01158\" data-element_type=\"widget\" data-e-type=\"widget\" data-widget_type=\"image.default\">\n\t\t\t\t<div class=\"elementor-widget-container\">\n\t\t\t\t\t\t\t\t\t\t\t\t\t\t\t<img fetchpriority=\"high\" decoding=\"async\" width=\"390\" height=\"411\" src=\"https:\/\/kreisheimatbund.de\/wp-content\/uploads\/2021\/12\/LKP_200.jpg\" class=\"attachment-large size-large wp-image-663\" alt=\"\" srcset=\"https:\/\/kreisheimatbund.de\/wp-content\/uploads\/2021\/12\/LKP_200.jpg 390w, https:\/\/kreisheimatbund.de\/wp-content\/uploads\/2021\/12\/LKP_200-285x300.jpg 285w\" sizes=\"(max-width: 390px) 100vw, 390px\" \/>\t\t\t\t\t\t\t\t\t\t\t\t\t\t\t<\/div>\n\t\t\t\t<\/div>\n\t\t\t\t<div class=\"elementor-element elementor-element-68af75e elementor-widget elementor-widget-text-editor\" data-id=\"68af75e\" data-element_type=\"widget\" data-e-type=\"widget\" data-widget_type=\"text-editor.default\">\n\t\t\t\t<div class=\"elementor-widget-container\">\n\t\t\t\t\t\t\t\t\t<p><a href=\"http:\/\/www.heimatgeschichte-edemissen.de\/\">Edemissen<\/a><\/p><p>Wendeburg<\/p><p>Kreisheimatbund<\/p><p>Rosenthal<\/p><p>B\u00fclten<\/p><p>Bortfeld M\u00fcnstedt<\/p><p>Wahle<\/p><p>Hohenhameln<\/p><p>Adenstedt<\/p><p>Oberg<\/p><p>Gadenstedt<\/p><p>Gro\u00df Lafferde<\/p><p>Lengende<\/p><p>Heimatvereine<\/p>\t\t\t\t\t\t\t\t<\/div>\n\t\t\t\t<\/div>\n\t\t\t\t\t<\/div>\n\t\t<\/div>\n\t\t\t\t<div class=\"elementor-column elementor-col-50 elementor-inner-column elementor-element elementor-element-1ed1fbc\" data-id=\"1ed1fbc\" data-element_type=\"column\" data-e-type=\"column\">\n\t\t\t<div class=\"elementor-widget-wrap elementor-element-populated\">\n\t\t\t\t\t\t<div class=\"elementor-element elementor-element-453df82 elementor-widget elementor-widget-text-editor\" data-id=\"453df82\" data-element_type=\"widget\" data-e-type=\"widget\" data-widget_type=\"text-editor.default\">\n\t\t\t\t<div class=\"elementor-widget-container\">\n\t\t\t\t\t\t\t\t\t<table border=\"0\" width=\"219\" cellspacing=\"0\" cellpadding=\"0\"><tbody><tr align=\"LEFT\" valign=\"TOP\"><td colspan=\"4\" width=\"207\"><p><b><span style=\"font-size: small;\">Heimatvereine im Landkreis Peine<\/span><\/b><\/p><\/td><\/tr><tr align=\"LEFT\" valign=\"TOP\"><td colspan=\"5\" height=\"21\">\u00a0<\/td><\/tr><tr align=\"LEFT\" valign=\"TOP\"><td colspan=\"2\">\u00a0<\/td><td colspan=\"2\" width=\"194\"><p><span style=\"font-family: Calibri,sans-serif;\">Bitte klicken Sie auf den Namen der Ortschaften, um weitere Informationen und Kontaktdaten zu erhalten.<\/span><\/p><\/td><td>\u00a0<\/td><\/tr><tr align=\"LEFT\" valign=\"TOP\"><td colspan=\"5\" height=\"37\">\u00a0<\/td><\/tr><tr align=\"LEFT\" valign=\"TOP\"><td colspan=\"3\">\u00a0<\/td><td colspan=\"2\" width=\"203\"><p><b><span style=\"font-family: Calibri,sans-serif;\">Hinweis:<br \/><\/span><\/b><span style=\"font-family: Calibri,sans-serif;\">Nutzen Sie die vielf\u00e4ltigen M\u00f6glichkeiten des<br \/><\/span><a href=\"http:\/\/www.niedersaechsischer-heimatbund.de\/heimatnetz.html\"><span style=\"font-family: Calibri,sans-serif;\">HEIMATNETZ<\/span><\/a><span style=\"font-family: Calibri,sans-serif;\">es des\u00a0<b>Nieders\u00e4chsischen Heimatbundes<\/b>.<br \/><br \/>Alle Heimatvereine des Landkreises Peine haben die M\u00f6glichkeit, Ihren Verein dort zu pr\u00e4sentieren. Bitte nehmen sie Kontakt mit dem\u00a0<\/span><a href=\"mailto:heimatnetz@niedersaechsischer-heimatbund.de\"><span style=\"font-family: Calibri,sans-serif;\">NHB<\/span><\/a><span style=\"font-family: Calibri,sans-serif;\">\u00a0oder dem\u00a0<\/span><a href=\"mailto:khb.peine@t-online.de\"><span style=\"font-family: Calibri,sans-serif;\">KHB<\/span><\/a><span style=\"font-family: Calibri,sans-serif;\">\u00a0auf.<\/span><\/p><\/td><\/tr><\/tbody><\/table>\t\t\t\t\t\t\t\t<\/div>\n\t\t\t\t<\/div>\n\t\t\t\t\t<\/div>\n\t\t<\/div>\n\t\t\t\t\t<\/div>\n\t\t<\/section>\n\t\t\t\t\t<\/div>\n\t\t<\/div>\n\t\t\t\t\t<\/div>\n\t\t<\/section>\n\t\t\t\t<\/div>\n\t\t","protected":false},"excerpt":{"rendered":"<p>Edemissen Wendeburg Kreisheimatbund Rosenthal B\u00fclten Bortfeld M\u00fcnstedt Wahle Hohenhameln Adenstedt Oberg Gadenstedt Gro\u00df Lafferde Lengende Heimatvereine Heimatvereine im Landkreis Peine \u00a0 \u00a0 Bitte klicken Sie auf den Namen der Ortschaften, um weitere Informationen und Kontaktdaten zu erhalten. \u00a0 \u00a0 \u00a0 Hinweis:Nutzen Sie die vielf\u00e4ltigen M\u00f6glichkeiten desHEIMATNETZes des\u00a0Nieders\u00e4chsischen Heimatbundes. Alle Heimatvereine des Landkreises Peine haben die M\u00f6glichkeit, Ihren Verein dort zu pr\u00e4sentieren. Bitte nehmen sie Kontakt mit dem\u00a0NHB\u00a0oder dem\u00a0KHB\u00a0auf.<\/p>\n","protected":false},"author":1,"featured_media":0,"parent":0,"menu_order":0,"comment_status":"closed","ping_status":"closed","template":"","meta":{"footnotes":""},"class_list":["post-73","page","type-page","status-publish","hentry","latest_post"],"_links":{"self":[{"href":"https:\/\/kreisheimatbund.de\/index.php?rest_route=\/wp\/v2\/pages\/73","targetHints":{"allow":["GET"]}}],"collection":[{"href":"https:\/\/kreisheimatbund.de\/index.php?rest_route=\/wp\/v2\/pages"}],"about":[{"href":"https:\/\/kreisheimatbund.de\/index.php?rest_route=\/wp\/v2\/types\/page"}],"author":[{"embeddable":true,"href":"https:\/\/kreisheimatbund.de\/index.php?rest_route=\/wp\/v2\/users\/1"}],"replies":[{"embeddable":true,"href":"https:\/\/kreisheimatbund.de\/index.php?rest_route=%2Fwp%2Fv2%2Fcomments&post=73"}],"version-history":[{"count":4,"href":"https:\/\/kreisheimatbund.de\/index.php?rest_route=\/wp\/v2\/pages\/73\/revisions"}],"predecessor-version":[{"id":667,"href":"https:\/\/kreisheimatbund.de\/index.php?rest_route=\/wp\/v2\/pages\/73\/revisions\/667"}],"wp:attachment":[{"href":"https:\/\/kreisheimatbund.de\/index.php?rest_route=%2Fwp%2Fv2%2Fmedia&parent=73"}],"curies":[{"name":"wp","href":"https:\/\/api.w.org\/{rel}","templated":true}]}}