{"id":67,"date":"2021-07-27T14:48:39","date_gmt":"2021-07-27T14:48:39","guid":{"rendered":"http:\/\/kreisheimatbund.de\/?page_id=67"},"modified":"2022-04-25T11:21:24","modified_gmt":"2022-04-25T11:21:24","slug":"ag-stadtgeschichte","status":"publish","type":"page","link":"https:\/\/kreisheimatbund.de\/?page_id=67","title":{"rendered":"AG Stadtgeschichte"},"content":{"rendered":"<p>Ein wichtiger Bestandteil des Kreisheimatbundes ist die AG Stadtgeschichte.<\/p>\n<p>Diese besch\u00e4ftigt sich mit verschiedenen Abschnitten der Stadtgeschichte Peines.&nbsp; Dazu geh\u00f6rt auch vor allem die Zeit der NS-Herrschaft und des 2. Weltkriegs, da Peine gerade daf\u00fcr auch ein wichtiger Indikator war.<\/p>\n<p align=\"JUSTIFY\"><b>AG Stadtgeschichte nimmt T\u00e4tigkeit wieder auf &#8211;<br \/>\nNeue Themen und Schwerpunkte.<\/b><\/p>\n<p align=\"JUSTIFY\">Der AG Stadtgeschichte im Kreisheimatbund Peine e.V. (KHB) sind in der Vergangenheit bedeutende Projekte zur Stadtgeschichte des 20. Jahrhunderts zu verdanken. So gehen etwa die Publikationen zur Zwangsarbeit in Peine und zur Geschichte der j\u00fcdischen Gemeinde wesentlich auf ihre T\u00e4tigkeit zur\u00fcck. Auch die Verlegungen der Stolpersteine wurden von der Gruppe mit vorbereitet. Seit l\u00e4ngerer Zeit war die AG jedoch aus pers\u00f6nlichen Gr\u00fcnden kaum aktiv. Jetzt soll die AG Stadtgeschichte unter neuen Vorzeichen reaktiviert werden.<\/p>\n<p align=\"JUSTIFY\">Bisher stand die Arbeit an gr\u00f6\u00dferen Projekten im Vordergrund. K\u00fcnftig soll verst\u00e4rkt dem Wunsch nach einem Informations- und Diskussionskreis Rechnung getragen werden. Denn historische Stoffe in jeder Form boomen, sei es als Ausstellung, Buch und Film oder auch als Argument im politischen Wettbewerb. Das Interesse vor allem an j\u00fcngerer Geschichte ist also vorhanden, h\u00e4ufig wird sie aber nur oberfl\u00e4chlich konsumiert oder unhinterfragt, im schlimmsten Fall suggestiv, benutzt.<\/p>\n<p align=\"JUSTIFY\">Die AG Stadtgeschichte m\u00f6chte sich als Gespr\u00e4chszirkel etablieren, in dem reflektiert \u00fcber den Umgang mit Geschichte diskutiert werden kann. Vorrangig wird es dabei um Themen mit Bezug zu Peine gehen. Der Schwerpunkt liegt auf der Zeitgeschichte, also der Zeit ab dem Ersten Weltkrieg. Bisher stand der Nationalsozialismus im Vordergrund, k\u00fcnftig soll aber die Zeit ab 1945 st\u00e4rker ber\u00fccksichtigt werden. Je nach den W\u00fcnschen und Kapazit\u00e4ten der Beteiligten k\u00f6nnen aus den Diskussionen auch wieder konkrete Projekte entstehen. So sind etwa die Gr\u00e4ber der Zwangsarbeiter auf den Friedh\u00f6fen im Stadtgebiet noch ohne informativen Kommentar, die Homepage des Kreisheimatbundes k\u00f6nnte verst\u00e4rkt zur Pr\u00e4sentation vertiefender Informationen genutzt werden, die Daten der Stolperstein-Verlegungen k\u00f6nnten in eine bereits existierende \u00fcberregionale App eingepflegt werden usw.<\/p>\n<p align=\"JUSTIFY\">Bei den Treffen sollen sich die Teilnehmer aber vorrangig gegenseitig \u00fcber interessante B\u00fccher, Ausstellungen, Internet-Seiten oder Filme mit historischem Bezug informieren und dar\u00fcber diskutieren. Dar\u00fcber hinaus k\u00f6nnen aktuelle \u201eAufreger\u201c Thema sachlicher Auseinandersetzung sein, wie vor einiger Zeit etwa die Benennung einiger Stra\u00dfen nach Personen mit NS-Vergangenheit.<\/p>\n<p align=\"JUSTIFY\">Geleitet wird die AG Stadtgeschichte von dem Historiker und langj\u00e4hrigen 2. Vorsitzenden des Kreisheimatbundes Peine e.V., Dr. Jens Binner. Alle an Zeitgeschichte im Peiner Raum Interessierten sind dazu herzlich eingeladen. Eine Mitgliedschaft im Kreisheimatbund Peine e.V. ist nicht Voraussetzung. Termine entnehmen Sie bitte den Ank\u00fcndigungen in der Presse oder hier auf&nbsp;<a href=\"http:\/\/khb-peine.de\/AKTUELL\/body_aktuell.html\" target=\"Haupttext\" rel=\"noopener\">Aktuell.<\/a><\/p>\n<p align=\"JUSTIFY\"><b>Fragen k\u00f6nnen an khb.peine@t-online.de gerichtet werden<\/b><\/p>\n<style>\/*! elementor - v3.5.4 - 23-01-2022 *\/<br \/>\n.elementor-widget-image{text-align:center}.elementor-widget-image a{display:inline-block}.elementor-widget-image a img[src$=\".svg\"]{width:48px}.elementor-widget-image img{vertical-align:middle;display:inline-block}<\/style>\n<p>\t\t\t\t\t\t\t\t\t\t\t\t<img loading=\"lazy\" decoding=\"async\" src=\"http:\/\/kreisheimatbund.de\/wp-content\/uploads\/2021\/10\/02_Bahnhofsgebaeude___1950er_Jahre_klein.jpg\" alt=\"\" loading=\"lazy\" width=\"250\" height=\"168\"><\/p>\n<figure>\n\t\t\t\t\t\t\t\t\t\t<img loading=\"lazy\" decoding=\"async\" src=\"http:\/\/kreisheimatbund.de\/wp-content\/uploads\/2021\/10\/Weisser_Schwan_NS-beflaggt_aus_Kreis_Peine_Magdeburg_1933_StA_Peine_klein.jpg\" alt=\"\" loading=\"lazy\" srcset=\"http:\/\/kreisheimatbund.de\/wp-content\/uploads\/2021\/10\/Weisser_Schwan_NS-beflaggt_aus_Kreis_Peine_Magdeburg_1933_StA_Peine_klein.jpg 250w, http:\/\/kreisheimatbund.de\/wp-content\/uploads\/2021\/10\/Weisser_Schwan_NS-beflaggt_aus_Kreis_Peine_Magdeburg_1933_StA_Peine_klein-198x300.jpg 198w\" sizes=\"auto, (max-width: 250px) 100vw, 250px\" width=\"250\" height=\"378\"><figcaption><\/figcaption><\/figure>\n<p><img loading=\"lazy\" decoding=\"async\" src=\"http:\/\/kreisheimatbund.de\/wp-content\/uploads\/2021\/10\/20161126_PAZ_HP_14-768x658.jpg\" alt=\"\" loading=\"lazy\" srcset=\"http:\/\/kreisheimatbund.de\/wp-content\/uploads\/2021\/10\/20161126_PAZ_HP_14-768x658.jpg 768w, http:\/\/kreisheimatbund.de\/wp-content\/uploads\/2021\/10\/20161126_PAZ_HP_14-300x257.jpg 300w, http:\/\/kreisheimatbund.de\/wp-content\/uploads\/2021\/10\/20161126_PAZ_HP_14.jpg 800w\" sizes=\"auto, (max-width: 768px) 100vw, 768px\" width=\"768\" height=\"658\"><\/p>\n<style>\/*! elementor - v3.5.4 - 23-01-2022 *\/<br \/>\n.elementor-widget-image-box .elementor-image-box-content{width:100%}@media (min-width:768px){.elementor-widget-image-box.elementor-position-left .elementor-image-box-wrapper,.elementor-widget-image-box.elementor-position-right .elementor-image-box-wrapper{display:-webkit-box;display:-ms-flexbox;display:flex}.elementor-widget-image-box.elementor-position-right .elementor-image-box-wrapper{text-align:right;-webkit-box-orient:horizontal;-webkit-box-direction:reverse;-ms-flex-direction:row-reverse;flex-direction:row-reverse}.elementor-widget-image-box.elementor-position-left .elementor-image-box-wrapper{text-align:left;-webkit-box-orient:horizontal;-webkit-box-direction:normal;-ms-flex-direction:row;flex-direction:row}.elementor-widget-image-box.elementor-position-top .elementor-image-box-img{margin:auto}.elementor-widget-image-box.elementor-vertical-align-top .elementor-image-box-wrapper{-webkit-box-align:start;-ms-flex-align:start;align-items:flex-start}.elementor-widget-image-box.elementor-vertical-align-middle .elementor-image-box-wrapper{-webkit-box-align:center;-ms-flex-align:center;align-items:center}.elementor-widget-image-box.elementor-vertical-align-bottom .elementor-image-box-wrapper{-webkit-box-align:end;-ms-flex-align:end;align-items:flex-end}}@media (max-width:767px){.elementor-widget-image-box .elementor-image-box-img{margin-left:auto!important;margin-right:auto!important;margin-bottom:15px}}.elementor-widget-image-box .elementor-image-box-img{display:inline-block}.elementor-widget-image-box .elementor-image-box-title a{color:inherit}.elementor-widget-image-box .elementor-image-box-wrapper{text-align:center}.elementor-widget-image-box .elementor-image-box-description{margin:0}<\/style>\n<figure><img loading=\"lazy\" decoding=\"async\" src=\"http:\/\/kreisheimatbund.de\/wp-content\/uploads\/2021\/08\/KHB_Icon_Lupe-768x770.jpg\" alt=\"\" loading=\"lazy\" width=\"768\" height=\"770\"><\/figure>\n<h3>Kontakt<\/h3>\n<p>Jens Binner M.A.<br \/>\nSchmedenstedter Weg 15c<br \/>\n31241 Ilsede<br \/>\nTel.     05172 \/ 944 391<br \/>\nemail  binner-ilsede@t-online.de.<\/p>\n","protected":false},"excerpt":{"rendered":"<p>Ein wichtiger Bestandteil des Kreisheimatbundes ist die AG Stadtgeschichte. Diese besch\u00e4ftigt sich mit verschiedenen Abschnitten der Stadtgeschichte Peines.&nbsp; Dazu geh\u00f6rt auch vor allem die Zeit der NS-Herrschaft und des 2. Weltkriegs, da Peine gerade daf\u00fcr auch ein wichtiger Indikator war. AG Stadtgeschichte nimmt T\u00e4tigkeit wieder auf &#8211; Neue Themen und Schwerpunkte. Der AG Stadtgeschichte im Kreisheimatbund Peine e.V. (KHB) sind in der Vergangenheit bedeutende Projekte zur Stadtgeschichte des 20. Jahrhunderts zu verdanken. So gehen etwa &hellip; <\/p>\n","protected":false},"author":1,"featured_media":0,"parent":0,"menu_order":0,"comment_status":"closed","ping_status":"closed","template":"","meta":{"footnotes":""},"class_list":["post-67","page","type-page","status-publish","hentry","latest_post"],"_links":{"self":[{"href":"https:\/\/kreisheimatbund.de\/index.php?rest_route=\/wp\/v2\/pages\/67","targetHints":{"allow":["GET"]}}],"collection":[{"href":"https:\/\/kreisheimatbund.de\/index.php?rest_route=\/wp\/v2\/pages"}],"about":[{"href":"https:\/\/kreisheimatbund.de\/index.php?rest_route=\/wp\/v2\/types\/page"}],"author":[{"embeddable":true,"href":"https:\/\/kreisheimatbund.de\/index.php?rest_route=\/wp\/v2\/users\/1"}],"replies":[{"embeddable":true,"href":"https:\/\/kreisheimatbund.de\/index.php?rest_route=%2Fwp%2Fv2%2Fcomments&post=67"}],"version-history":[{"count":11,"href":"https:\/\/kreisheimatbund.de\/index.php?rest_route=\/wp\/v2\/pages\/67\/revisions"}],"predecessor-version":[{"id":1004,"href":"https:\/\/kreisheimatbund.de\/index.php?rest_route=\/wp\/v2\/pages\/67\/revisions\/1004"}],"wp:attachment":[{"href":"https:\/\/kreisheimatbund.de\/index.php?rest_route=%2Fwp%2Fv2%2Fmedia&parent=67"}],"curies":[{"name":"wp","href":"https:\/\/api.w.org\/{rel}","templated":true}]}}