{"id":514,"date":"2021-11-15T11:13:03","date_gmt":"2021-11-15T11:13:03","guid":{"rendered":"http:\/\/kreisheimatbund.de\/?page_id=514"},"modified":"2026-01-12T08:42:40","modified_gmt":"2026-01-12T08:42:40","slug":"aktuelles","status":"publish","type":"page","link":"https:\/\/kreisheimatbund.de\/?page_id=514","title":{"rendered":"Aktuelles"},"content":{"rendered":"\t\t<div data-elementor-type=\"wp-page\" data-elementor-id=\"514\" class=\"elementor elementor-514\">\n\t\t\t\t\t\t<section class=\"elementor-section elementor-top-section elementor-element elementor-element-b7c596e elementor-section-boxed elementor-section-height-default elementor-section-height-default\" data-id=\"b7c596e\" data-element_type=\"section\" data-e-type=\"section\">\n\t\t\t\t\t\t<div class=\"elementor-container elementor-column-gap-default\">\n\t\t\t\t\t<div class=\"elementor-column elementor-col-100 elementor-top-column elementor-element elementor-element-8439083\" data-id=\"8439083\" data-element_type=\"column\" data-e-type=\"column\">\n\t\t\t<div class=\"elementor-widget-wrap elementor-element-populated\">\n\t\t\t\t\t\t\t<\/div>\n\t\t<\/div>\n\t\t\t\t\t<\/div>\n\t\t<\/section>\n\t\t\t\t<section class=\"elementor-section elementor-top-section elementor-element elementor-element-6049f4e elementor-section-boxed elementor-section-height-default elementor-section-height-default\" data-id=\"6049f4e\" data-element_type=\"section\" data-e-type=\"section\">\n\t\t\t\t\t\t<div class=\"elementor-container elementor-column-gap-default\">\n\t\t\t\t\t<div class=\"elementor-column elementor-col-100 elementor-top-column elementor-element elementor-element-1eb97dd\" data-id=\"1eb97dd\" data-element_type=\"column\" data-e-type=\"column\">\n\t\t\t<div class=\"elementor-widget-wrap elementor-element-populated\">\n\t\t\t\t\t\t<div class=\"elementor-element elementor-element-95ae2f4 elementor-widget elementor-widget-heading\" data-id=\"95ae2f4\" data-element_type=\"widget\" data-e-type=\"widget\" data-widget_type=\"heading.default\">\n\t\t\t\t<div class=\"elementor-widget-container\">\n\t\t\t\t\t<h2 class=\"elementor-heading-title elementor-size-default\">Auf dieser Seite bleiben Sie immer auf dem Laufenden!<\/h2>\t\t\t\t<\/div>\n\t\t\t\t<\/div>\n\t\t\t\t<div class=\"elementor-element elementor-element-2d8c0ca elementor-widget elementor-widget-text-editor\" data-id=\"2d8c0ca\" data-element_type=\"widget\" data-e-type=\"widget\" data-widget_type=\"text-editor.default\">\n\t\t\t\t<div class=\"elementor-widget-container\">\n\t\t\t\t\t\t\t\t\t<p><span style=\"color: #000000;\">Sie interessieren sich f\u00fcr die Heimatgeschichte des Peiner Landes und dessen vielf\u00e4ltige Themen? Sie suchen spannende Veranstaltungen, interessante Vortr\u00e4ge oder informative F\u00fchrungen zum Thema Heimatgeschichte des Peiner Landes?\u00a0<\/span><\/p><h4><span style=\"color: #000000;\">Hier werden Sie garantiert f\u00fcndig!<\/span><\/h4>\t\t\t\t\t\t\t\t<\/div>\n\t\t\t\t<\/div>\n\t\t\t\t<div class=\"elementor-element elementor-element-04ca46d elementor-widget elementor-widget-image\" data-id=\"04ca46d\" data-element_type=\"widget\" data-e-type=\"widget\" data-widget_type=\"image.default\">\n\t\t\t\t<div class=\"elementor-widget-container\">\n\t\t\t\t\t\t\t\t\t\t\t\t\t\t\t<img fetchpriority=\"high\" decoding=\"async\" width=\"1024\" height=\"722\" src=\"https:\/\/kreisheimatbund.de\/wp-content\/uploads\/2021\/12\/02_13_Marktplatz_Feier_300-1024x722.jpg\" class=\"attachment-large size-large wp-image-595\" alt=\"\" srcset=\"https:\/\/kreisheimatbund.de\/wp-content\/uploads\/2021\/12\/02_13_Marktplatz_Feier_300-1024x722.jpg 1024w, https:\/\/kreisheimatbund.de\/wp-content\/uploads\/2021\/12\/02_13_Marktplatz_Feier_300-300x212.jpg 300w, https:\/\/kreisheimatbund.de\/wp-content\/uploads\/2021\/12\/02_13_Marktplatz_Feier_300-768x542.jpg 768w, https:\/\/kreisheimatbund.de\/wp-content\/uploads\/2021\/12\/02_13_Marktplatz_Feier_300-1536x1084.jpg 1536w, https:\/\/kreisheimatbund.de\/wp-content\/uploads\/2021\/12\/02_13_Marktplatz_Feier_300.jpg 2007w\" sizes=\"(max-width: 1024px) 100vw, 1024px\" \/>\t\t\t\t\t\t\t\t\t\t\t\t\t\t\t<\/div>\n\t\t\t\t<\/div>\n\t\t\t\t<div class=\"elementor-element elementor-element-9f89ddf elementor-widget elementor-widget-text-editor\" data-id=\"9f89ddf\" data-element_type=\"widget\" data-e-type=\"widget\" data-widget_type=\"text-editor.default\">\n\t\t\t\t<div class=\"elementor-widget-container\">\n\t\t\t\t\t\t\t\t\t<h2 style=\"text-align: center;\">Sehen Sie, was es Neues bei uns gibt?<\/h2><h3 style=\"text-align: center;\">Hier unser frisches Jahresprogramm, viel Spa\u00df mit den informativen Vortr\u00e4gen.<\/h3>\t\t\t\t\t\t\t\t<\/div>\n\t\t\t\t<\/div>\n\t\t\t\t<div class=\"elementor-element elementor-element-6c5a031 elementor-widget elementor-widget-spacer\" data-id=\"6c5a031\" data-element_type=\"widget\" data-e-type=\"widget\" data-widget_type=\"spacer.default\">\n\t\t\t\t<div class=\"elementor-widget-container\">\n\t\t\t\t\t\t\t<div class=\"elementor-spacer\">\n\t\t\t<div class=\"elementor-spacer-inner\"><\/div>\n\t\t<\/div>\n\t\t\t\t\t\t<\/div>\n\t\t\t\t<\/div>\n\t\t\t\t<div class=\"elementor-element elementor-element-916b926 elementor-widget elementor-widget-text-editor\" data-id=\"916b926\" data-element_type=\"widget\" data-e-type=\"widget\" data-widget_type=\"text-editor.default\">\n\t\t\t\t<div class=\"elementor-widget-container\">\n\t\t\t\t\t\t\t\t\t<p><\/p>\n<table class=\" aligncenter\" width=\"959\">\n<tbody>\n<tr>\n<td width=\"959\">\n<h1>Programm Kreisheimatbund 2026&nbsp; &nbsp;&nbsp;<\/h1>\n<\/td>\n<\/tr>\n<\/tbody>\n<\/table>\n<h3><strong>12.01.2026&nbsp;&nbsp;&nbsp;&nbsp;&nbsp;&nbsp;&nbsp;&nbsp; Dr. Ralf Holl\u00e4nder&nbsp; &nbsp;<span style=\"color: #ff0000;\">ACHTUNG! Verlegt auf den 19.01. aufgrund der Wetterverh\u00e4ltnisse<\/span><\/strong><\/h3>\n<p><a href=\"https:\/\/kreisheimatbund.de\/?page_id=1286\">&nbsp;\u201eDa ist immer was los\u201c \u2013 <\/a><br>Zeitreise durch Peines Einkaufsstra\u00dfen Teil I<\/p>\n<p><strong>09.02.2026&nbsp;&nbsp;&nbsp;&nbsp;&nbsp;&nbsp;&nbsp;&nbsp; Arne Homann<\/strong><\/p>\n<p><a href=\"https:\/\/kreisheimatbund.de\/?page_id=1292\">Schlacht bei Lutter am Barenberge 1626 \u2013<\/a><br>Ein neues Bild durch arch\u00e4ologische Untersuchungen<\/p>\n<p><strong>10.03.2026&nbsp;&nbsp;&nbsp;&nbsp;&nbsp;&nbsp;&nbsp;&nbsp; Kreisheimatbund Peine<\/strong><\/p>\n<p>Jahresmitgliederversammlung \/ Sch\u00fctzenhaus<\/p>\n<p><strong>13.04.2026 &nbsp;&nbsp;&nbsp;&nbsp;&nbsp;&nbsp; Dr. Ulrich Knufinke, <\/strong><\/p>\n<p><strong>18:00 Uhr, Forum<\/strong><\/p>\n<p>&nbsp;Das Forum Peine &#8211; Einblicke in die Architektur der 1980er Jahre. Ein Rundgang mit Ulrich Knufinke und G\u00e4sten, in Kooperation mit der Initiative &#8222;ACHTUNG postmodern!&#8220; der Braunschweigischen Landschaft e.V.&#8220;<\/p>\n<p><strong>11.05.2026&nbsp;&nbsp;&nbsp;&nbsp;&nbsp;&nbsp;&nbsp;&nbsp; Dr. Ralf Holl\u00e4nder<\/strong><\/p>\n<p><a href=\"https:\/\/kreisheimatbund.de\/?page_id=1286\">\u201eDa ist immer was los\u201c \u2013 <\/a><br>Zeitreise zu Gesch\u00e4ften in der Peiner Innenstadt Teil II<\/p>\n<p><strong>08.06.2026&nbsp;&nbsp;&nbsp;&nbsp;&nbsp;&nbsp;&nbsp;&nbsp; Dr. Anke Habenicht<\/strong><\/p>\n<p>&nbsp;Die Schulbildung gewinnt an Bedeutung \u2013<br>Landwirtschaftliche Fachschulen versus Allgemeinbildung<\/p>\n<p><strong><em>&nbsp;&nbsp;&nbsp;&nbsp;&nbsp;&nbsp;&nbsp;&nbsp;&nbsp;&nbsp;&nbsp;&nbsp;&nbsp;&nbsp; Juli\/August&nbsp;&nbsp;&nbsp;&nbsp;&nbsp;&nbsp;&nbsp;&nbsp; Sommerpause<\/em><\/strong><\/p>\n<p><strong>13.09.2026\/&nbsp;&nbsp;&nbsp;&nbsp;&nbsp;&nbsp; Dr. Ralf Holl\u00e4nder <\/strong>(So oder Mo)<\/p>\n<p><strong>14.09.2026<\/strong>&nbsp;&nbsp;&nbsp;&nbsp;&nbsp;&nbsp;&nbsp;&nbsp;<\/p>\n<p>Veranstaltung zum Tag des Offenen Denkmals<\/p>\n<p><strong>12.10.2026&nbsp;&nbsp;&nbsp;&nbsp;&nbsp;&nbsp;&nbsp;&nbsp; Dr. Jens Binner<\/strong><\/p>\n<p>\u201e\u2026unterbreite ich Anspr\u00fcche auf geraubtes Eigentum in Hitler-Deutschland\u201c \u2013<br>Das Entsch\u00e4digungsverfahren der Erben des j\u00fcdischen Kaufmanns Louis Fels 1947-1951<\/p>\n<p><strong>08.11.2026&nbsp;&nbsp;&nbsp;&nbsp;&nbsp;&nbsp;&nbsp;&nbsp; Dr. Jens Binner<\/strong><\/p>\n<p>&nbsp;14:00 Uhr Marktplatz<\/p>\n<p>&nbsp; Stadtrundgang zur Reichspogromnacht<\/p>\n<p><strong>14.12.2026&nbsp;&nbsp;&nbsp;&nbsp;&nbsp;&nbsp;&nbsp;&nbsp; Thomas Budde MA<\/strong><\/p>\n<p>Arch\u00e4ologische Erkenntnisse \u00fcber die (ehemalige) Peiner Stadtbefestigung und ihre Vorwerke Sundern, Eulenburg und Schleusenteich<\/p>\n<p>Die <strong>Vortr\u00e4ge<\/strong> finden im Kreismuseum Peine statt, Beginn 19:30 Uhr<\/p>\t\t\t\t\t\t\t\t<\/div>\n\t\t\t\t<\/div>\n\t\t\t\t\t<\/div>\n\t\t<\/div>\n\t\t\t\t\t<\/div>\n\t\t<\/section>\n\t\t\t\t<section class=\"elementor-section elementor-top-section elementor-element elementor-element-14d3194 elementor-section-boxed elementor-section-height-default elementor-section-height-default\" data-id=\"14d3194\" data-element_type=\"section\" data-e-type=\"section\">\n\t\t\t\t\t\t<div class=\"elementor-container elementor-column-gap-default\">\n\t\t\t\t\t<div class=\"elementor-column elementor-col-100 elementor-top-column elementor-element elementor-element-352aa5b\" data-id=\"352aa5b\" data-element_type=\"column\" data-e-type=\"column\">\n\t\t\t<div class=\"elementor-widget-wrap elementor-element-populated\">\n\t\t\t\t\t\t<section class=\"elementor-section elementor-inner-section elementor-element elementor-element-da5d1bf elementor-section-boxed elementor-section-height-default elementor-section-height-default\" data-id=\"da5d1bf\" data-element_type=\"section\" data-e-type=\"section\">\n\t\t\t\t\t\t<div class=\"elementor-container elementor-column-gap-default\">\n\t\t\t\t\t<div class=\"elementor-column elementor-col-50 elementor-inner-column elementor-element elementor-element-0cc6cdc\" data-id=\"0cc6cdc\" data-element_type=\"column\" data-e-type=\"column\">\n\t\t\t<div class=\"elementor-widget-wrap elementor-element-populated\">\n\t\t\t\t\t\t<div class=\"elementor-element elementor-element-2e5ec96 elementor-position-top elementor-widget elementor-widget-image-box\" data-id=\"2e5ec96\" data-element_type=\"widget\" data-e-type=\"widget\" data-widget_type=\"image-box.default\">\n\t\t\t\t<div class=\"elementor-widget-container\">\n\t\t\t\t\t<div class=\"elementor-image-box-wrapper\"><figure class=\"elementor-image-box-img\"><a href=\"http:\/\/kreisheimatbund.de\/vortraege\" target=\"_blank\" tabindex=\"-1\"><img decoding=\"async\" width=\"2007\" height=\"1416\" src=\"https:\/\/kreisheimatbund.de\/wp-content\/uploads\/2021\/12\/02_13_Marktplatz_Feier_300.jpg\" class=\"attachment-full size-full wp-image-595\" alt=\"\" srcset=\"https:\/\/kreisheimatbund.de\/wp-content\/uploads\/2021\/12\/02_13_Marktplatz_Feier_300.jpg 2007w, https:\/\/kreisheimatbund.de\/wp-content\/uploads\/2021\/12\/02_13_Marktplatz_Feier_300-300x212.jpg 300w, https:\/\/kreisheimatbund.de\/wp-content\/uploads\/2021\/12\/02_13_Marktplatz_Feier_300-1024x722.jpg 1024w, https:\/\/kreisheimatbund.de\/wp-content\/uploads\/2021\/12\/02_13_Marktplatz_Feier_300-768x542.jpg 768w, https:\/\/kreisheimatbund.de\/wp-content\/uploads\/2021\/12\/02_13_Marktplatz_Feier_300-1536x1084.jpg 1536w\" sizes=\"(max-width: 2007px) 100vw, 2007px\" \/><\/a><\/figure><div class=\"elementor-image-box-content\"><h3 class=\"elementor-image-box-title\"><a href=\"http:\/\/kreisheimatbund.de\/vortraege\" target=\"_blank\">Vortr\u00e4ge<\/a><\/h3><p class=\"elementor-image-box-description\">Haben Sie Interesse an spannenden Vortr\u00e4gen zur Stadt- und Kreisgeschichte, dann sind sie hier genau richtig<\/p><\/div><\/div>\t\t\t\t<\/div>\n\t\t\t\t<\/div>\n\t\t\t\t\t<\/div>\n\t\t<\/div>\n\t\t\t\t<div class=\"elementor-column elementor-col-50 elementor-inner-column elementor-element elementor-element-96cd488\" data-id=\"96cd488\" data-element_type=\"column\" data-e-type=\"column\">\n\t\t\t<div class=\"elementor-widget-wrap elementor-element-populated\">\n\t\t\t\t\t\t<div class=\"elementor-element elementor-element-cc5a5ae elementor-position-top elementor-widget elementor-widget-image-box\" data-id=\"cc5a5ae\" data-element_type=\"widget\" data-e-type=\"widget\" data-widget_type=\"image-box.default\">\n\t\t\t\t<div class=\"elementor-widget-container\">\n\t\t\t\t\t<div class=\"elementor-image-box-wrapper\"><figure class=\"elementor-image-box-img\"><a href=\"http:\/\/kreisheimatbund.de\/veranstaltungen\" tabindex=\"-1\"><img decoding=\"async\" width=\"1996\" height=\"1433\" src=\"https:\/\/kreisheimatbund.de\/wp-content\/uploads\/2021\/12\/13_26_Breite_Str_Groepern_300-2.jpg\" class=\"attachment-full size-full wp-image-634\" alt=\"\" srcset=\"https:\/\/kreisheimatbund.de\/wp-content\/uploads\/2021\/12\/13_26_Breite_Str_Groepern_300-2.jpg 1996w, https:\/\/kreisheimatbund.de\/wp-content\/uploads\/2021\/12\/13_26_Breite_Str_Groepern_300-2-300x215.jpg 300w, https:\/\/kreisheimatbund.de\/wp-content\/uploads\/2021\/12\/13_26_Breite_Str_Groepern_300-2-1024x735.jpg 1024w, https:\/\/kreisheimatbund.de\/wp-content\/uploads\/2021\/12\/13_26_Breite_Str_Groepern_300-2-768x551.jpg 768w, https:\/\/kreisheimatbund.de\/wp-content\/uploads\/2021\/12\/13_26_Breite_Str_Groepern_300-2-1536x1103.jpg 1536w\" sizes=\"(max-width: 1996px) 100vw, 1996px\" \/><\/a><\/figure><div class=\"elementor-image-box-content\"><h3 class=\"elementor-image-box-title\"><a href=\"http:\/\/kreisheimatbund.de\/veranstaltungen\">Veranstaltungen<\/a><\/h3><p class=\"elementor-image-box-description\">Zu unseren zahlreichen Veranstaltungen geht es hier<\/p><\/div><\/div>\t\t\t\t<\/div>\n\t\t\t\t<\/div>\n\t\t\t\t\t<\/div>\n\t\t<\/div>\n\t\t\t\t\t<\/div>\n\t\t<\/section>\n\t\t\t\t\t<\/div>\n\t\t<\/div>\n\t\t\t\t\t<\/div>\n\t\t<\/section>\n\t\t\t\t<\/div>\n\t\t","protected":false},"excerpt":{"rendered":"<p>Auf dieser Seite bleiben Sie immer auf dem Laufenden! Sie interessieren sich f\u00fcr die Heimatgeschichte des Peiner Landes und dessen vielf\u00e4ltige Themen? Sie suchen spannende Veranstaltungen, interessante Vortr\u00e4ge oder informative F\u00fchrungen zum Thema Heimatgeschichte des Peiner Landes?\u00a0 Hier werden Sie garantiert f\u00fcndig! Sehen Sie, was es Neues bei uns gibt? Hier unser frisches Jahresprogramm, viel Spa\u00df mit den informativen Vortr\u00e4gen. Programm Kreisheimatbund 2026&nbsp; &nbsp;&nbsp; 12.01.2026&nbsp;&nbsp;&nbsp;&nbsp;&nbsp;&nbsp;&nbsp;&nbsp; Dr. Ralf Holl\u00e4nder&nbsp; &nbsp;ACHTUNG! Verlegt auf den 19.01. aufgrund der &hellip; <\/p>\n","protected":false},"author":1,"featured_media":0,"parent":0,"menu_order":0,"comment_status":"closed","ping_status":"closed","template":"","meta":{"footnotes":""},"class_list":["post-514","page","type-page","status-publish","hentry","latest_post"],"_links":{"self":[{"href":"https:\/\/kreisheimatbund.de\/index.php?rest_route=\/wp\/v2\/pages\/514","targetHints":{"allow":["GET"]}}],"collection":[{"href":"https:\/\/kreisheimatbund.de\/index.php?rest_route=\/wp\/v2\/pages"}],"about":[{"href":"https:\/\/kreisheimatbund.de\/index.php?rest_route=\/wp\/v2\/types\/page"}],"author":[{"embeddable":true,"href":"https:\/\/kreisheimatbund.de\/index.php?rest_route=\/wp\/v2\/users\/1"}],"replies":[{"embeddable":true,"href":"https:\/\/kreisheimatbund.de\/index.php?rest_route=%2Fwp%2Fv2%2Fcomments&post=514"}],"version-history":[{"count":94,"href":"https:\/\/kreisheimatbund.de\/index.php?rest_route=\/wp\/v2\/pages\/514\/revisions"}],"predecessor-version":[{"id":1312,"href":"https:\/\/kreisheimatbund.de\/index.php?rest_route=\/wp\/v2\/pages\/514\/revisions\/1312"}],"wp:attachment":[{"href":"https:\/\/kreisheimatbund.de\/index.php?rest_route=%2Fwp%2Fv2%2Fmedia&parent=514"}],"curies":[{"name":"wp","href":"https:\/\/api.w.org\/{rel}","templated":true}]}}