{"id":42,"date":"2021-07-27T14:26:19","date_gmt":"2021-07-27T14:26:19","guid":{"rendered":"http:\/\/kreisheimatbund.de\/?page_id=42"},"modified":"2024-06-03T10:25:43","modified_gmt":"2024-06-03T10:25:43","slug":"projekte","status":"publish","type":"page","link":"https:\/\/kreisheimatbund.de\/?page_id=42","title":{"rendered":"Projekte"},"content":{"rendered":"\t\t<div data-elementor-type=\"wp-page\" data-elementor-id=\"42\" class=\"elementor elementor-42\">\n\t\t\t\t\t\t<section class=\"elementor-section elementor-top-section elementor-element elementor-element-9537d6b elementor-section-boxed elementor-section-height-default elementor-section-height-default\" data-id=\"9537d6b\" data-element_type=\"section\" data-e-type=\"section\">\n\t\t\t\t\t\t<div class=\"elementor-container elementor-column-gap-default\">\n\t\t\t\t\t<div class=\"elementor-column elementor-col-100 elementor-top-column elementor-element elementor-element-6a6d8d6\" data-id=\"6a6d8d6\" data-element_type=\"column\" data-e-type=\"column\">\n\t\t\t<div class=\"elementor-widget-wrap elementor-element-populated\">\n\t\t\t\t\t\t<div class=\"elementor-element elementor-element-9b5ec0c elementor-widget elementor-widget-image\" data-id=\"9b5ec0c\" data-element_type=\"widget\" data-e-type=\"widget\" data-widget_type=\"image.default\">\n\t\t\t\t<div class=\"elementor-widget-container\">\n\t\t\t\t\t\t\t\t\t\t\t\t\t\t\t<img fetchpriority=\"high\" decoding=\"async\" width=\"790\" height=\"535\" src=\"https:\/\/kreisheimatbund.de\/wp-content\/uploads\/2021\/08\/Burgberg-1024x693.png\" class=\"attachment-large size-large wp-image-342\" alt=\"\" srcset=\"https:\/\/kreisheimatbund.de\/wp-content\/uploads\/2021\/08\/Burgberg-1024x693.png 1024w, https:\/\/kreisheimatbund.de\/wp-content\/uploads\/2021\/08\/Burgberg-300x203.png 300w, https:\/\/kreisheimatbund.de\/wp-content\/uploads\/2021\/08\/Burgberg-768x520.png 768w, https:\/\/kreisheimatbund.de\/wp-content\/uploads\/2021\/08\/Burgberg-1536x1040.png 1536w, https:\/\/kreisheimatbund.de\/wp-content\/uploads\/2021\/08\/Burgberg-2048x1387.png 2048w\" sizes=\"(max-width: 790px) 100vw, 790px\" \/>\t\t\t\t\t\t\t\t\t\t\t\t\t\t\t<\/div>\n\t\t\t\t<\/div>\n\t\t\t\t\t<\/div>\n\t\t<\/div>\n\t\t\t\t\t<\/div>\n\t\t<\/section>\n\t\t\t\t<section class=\"elementor-section elementor-top-section elementor-element elementor-element-b7265d8 elementor-section-boxed elementor-section-height-default elementor-section-height-default\" data-id=\"b7265d8\" data-element_type=\"section\" data-e-type=\"section\">\n\t\t\t\t\t\t<div class=\"elementor-container elementor-column-gap-default\">\n\t\t\t\t\t<div class=\"elementor-column elementor-col-100 elementor-top-column elementor-element elementor-element-e23c117\" data-id=\"e23c117\" data-element_type=\"column\" data-e-type=\"column\">\n\t\t\t<div class=\"elementor-widget-wrap elementor-element-populated\">\n\t\t\t\t\t\t<div class=\"elementor-element elementor-element-4518f22 elementor-widget elementor-widget-text-editor\" data-id=\"4518f22\" data-element_type=\"widget\" data-e-type=\"widget\" data-widget_type=\"text-editor.default\">\n\t\t\t\t<div class=\"elementor-widget-container\">\n\t\t\t\t\t\t\t\t\t<p>Als engagierter Verein haben wir nat\u00fcrlich auch viele spannende Projekte in der Vergangenheit ins leben gerufen oder tatkr\u00e4ftig unterst\u00fctzt.<\/p><p><a href=\"https:\/\/kreisheimatbund.de\/?page_id=761\"><strong><span style=\"color: #008000;\">F\u00fcrstenau (W\u00fcstung Haslerhof)<\/span><\/strong><\/a><\/p><p><a href=\"https:\/\/kreisheimatbund.de\/?page_id=769\"><strong><span style=\"color: #008000;\">F\u00fcrstenau (Grabstein des Grafen Hans von Schweinitz und Krain)<\/span><\/strong><\/a><\/p><p><a href=\"http:\/\/kreisheimatbund.de\/trentelmoor\"><span style=\"color: #008000;\"><strong>Trentelmoor (Pollenanalytische<\/strong> <strong>Untersuchung)<\/strong><\/span><\/a><\/p><p><a href=\"https:\/\/kreisheimatbund.de\/?page_id=792\"><strong><span style=\"color: #008000;\">khb goes digital (Umstrukturierung der Website und der Coporate Identity)<\/span><\/strong><\/a><\/p><p>Freuen Sie sich auf viele, neue und spannende Projekte f\u00fcr die Zukunft!<\/p>\t\t\t\t\t\t\t\t<\/div>\n\t\t\t\t<\/div>\n\t\t\t\t\t<\/div>\n\t\t<\/div>\n\t\t\t\t\t<\/div>\n\t\t<\/section>\n\t\t\t\t<\/div>\n\t\t","protected":false},"excerpt":{"rendered":"<p>Als engagierter Verein haben wir nat\u00fcrlich auch viele spannende Projekte in der Vergangenheit ins leben gerufen oder tatkr\u00e4ftig unterst\u00fctzt. F\u00fcrstenau (W\u00fcstung Haslerhof) F\u00fcrstenau (Grabstein des Grafen Hans von Schweinitz und Krain) Trentelmoor (Pollenanalytische Untersuchung) khb goes digital (Umstrukturierung der Website und der Coporate Identity) Freuen Sie sich auf viele, neue und spannende Projekte f\u00fcr die Zukunft!<\/p>\n","protected":false},"author":1,"featured_media":0,"parent":0,"menu_order":0,"comment_status":"closed","ping_status":"closed","template":"","meta":{"footnotes":""},"class_list":["post-42","page","type-page","status-publish","hentry","latest_post"],"_links":{"self":[{"href":"https:\/\/kreisheimatbund.de\/index.php?rest_route=\/wp\/v2\/pages\/42","targetHints":{"allow":["GET"]}}],"collection":[{"href":"https:\/\/kreisheimatbund.de\/index.php?rest_route=\/wp\/v2\/pages"}],"about":[{"href":"https:\/\/kreisheimatbund.de\/index.php?rest_route=\/wp\/v2\/types\/page"}],"author":[{"embeddable":true,"href":"https:\/\/kreisheimatbund.de\/index.php?rest_route=\/wp\/v2\/users\/1"}],"replies":[{"embeddable":true,"href":"https:\/\/kreisheimatbund.de\/index.php?rest_route=%2Fwp%2Fv2%2Fcomments&post=42"}],"version-history":[{"count":13,"href":"https:\/\/kreisheimatbund.de\/index.php?rest_route=\/wp\/v2\/pages\/42\/revisions"}],"predecessor-version":[{"id":1239,"href":"https:\/\/kreisheimatbund.de\/index.php?rest_route=\/wp\/v2\/pages\/42\/revisions\/1239"}],"wp:attachment":[{"href":"https:\/\/kreisheimatbund.de\/index.php?rest_route=%2Fwp%2Fv2%2Fmedia&parent=42"}],"curies":[{"name":"wp","href":"https:\/\/api.w.org\/{rel}","templated":true}]}}