{"id":38,"date":"2021-07-27T14:25:20","date_gmt":"2021-07-27T14:25:20","guid":{"rendered":"http:\/\/kreisheimatbund.de\/?page_id=38"},"modified":"2024-06-03T10:22:09","modified_gmt":"2024-06-03T10:22:09","slug":"veranstaltungen","status":"publish","type":"page","link":"https:\/\/kreisheimatbund.de\/?page_id=38","title":{"rendered":"Veranstaltungen"},"content":{"rendered":"\t\t<div data-elementor-type=\"wp-page\" data-elementor-id=\"38\" class=\"elementor elementor-38\">\n\t\t\t\t\t\t<section class=\"elementor-section elementor-top-section elementor-element elementor-element-cf7d215 elementor-section-boxed elementor-section-height-default elementor-section-height-default\" data-id=\"cf7d215\" data-element_type=\"section\" data-e-type=\"section\">\n\t\t\t\t\t\t<div class=\"elementor-container elementor-column-gap-default\">\n\t\t\t\t\t<div class=\"elementor-column elementor-col-100 elementor-top-column elementor-element elementor-element-5e07741\" data-id=\"5e07741\" data-element_type=\"column\" data-e-type=\"column\">\n\t\t\t<div class=\"elementor-widget-wrap elementor-element-populated\">\n\t\t\t\t\t\t<div class=\"elementor-element elementor-element-3b18a27 elementor-widget elementor-widget-spacer\" data-id=\"3b18a27\" data-element_type=\"widget\" data-e-type=\"widget\" data-widget_type=\"spacer.default\">\n\t\t\t\t<div class=\"elementor-widget-container\">\n\t\t\t\t\t\t\t<div class=\"elementor-spacer\">\n\t\t\t<div class=\"elementor-spacer-inner\"><\/div>\n\t\t<\/div>\n\t\t\t\t\t\t<\/div>\n\t\t\t\t<\/div>\n\t\t\t\t\t<\/div>\n\t\t<\/div>\n\t\t\t\t\t<\/div>\n\t\t<\/section>\n\t\t\t\t<section class=\"elementor-section elementor-top-section elementor-element elementor-element-f09545b elementor-section-boxed elementor-section-height-default elementor-section-height-default\" data-id=\"f09545b\" data-element_type=\"section\" data-e-type=\"section\">\n\t\t\t\t\t\t<div class=\"elementor-container elementor-column-gap-default\">\n\t\t\t\t\t<div class=\"elementor-column elementor-col-100 elementor-top-column elementor-element elementor-element-6962add\" data-id=\"6962add\" data-element_type=\"column\" data-e-type=\"column\">\n\t\t\t<div class=\"elementor-widget-wrap elementor-element-populated\">\n\t\t\t\t\t\t<div class=\"elementor-element elementor-element-bae9dc4 elementor-widget elementor-widget-text-editor\" data-id=\"bae9dc4\" data-element_type=\"widget\" data-e-type=\"widget\" data-widget_type=\"text-editor.default\">\n\t\t\t\t<div class=\"elementor-widget-container\">\n\t\t\t\t\t\t\t\t\t<p style=\"text-align: left;\">Hier finden Sie unsere interessanten Veranstaltungen. Da ist garantiert f\u00fcr jeden Geschmack etwas dabei.&nbsp;<\/p>\n<p style=\"text-align: left;\">Mitreissende Vortr\u00e4ge, spannende Exkursionen und interessante F\u00fchrungen.<\/p>\t\t\t\t\t\t\t\t<\/div>\n\t\t\t\t<\/div>\n\t\t\t\t<div class=\"elementor-element elementor-element-822ff24 elementor-shape-rounded elementor-grid-0 e-grid-align-center elementor-widget elementor-widget-social-icons\" data-id=\"822ff24\" data-element_type=\"widget\" data-e-type=\"widget\" data-widget_type=\"social-icons.default\">\n\t\t\t\t<div class=\"elementor-widget-container\">\n\t\t\t\t\t\t\t<div class=\"elementor-social-icons-wrapper elementor-grid\" role=\"list\">\n\t\t\t\t\t\t\t<span class=\"elementor-grid-item\" role=\"listitem\">\n\t\t\t\t\t<a class=\"elementor-icon elementor-social-icon elementor-social-icon-facebook elementor-repeater-item-22ab96e\" target=\"_blank\">\n\t\t\t\t\t\t<span class=\"elementor-screen-only\">Facebook<\/span>\n\t\t\t\t\t\t<i aria-hidden=\"true\" class=\"fab fa-facebook\"><\/i>\t\t\t\t\t<\/a>\n\t\t\t\t<\/span>\n\t\t\t\t\t\t\t<span class=\"elementor-grid-item\" role=\"listitem\">\n\t\t\t\t\t<a class=\"elementor-icon elementor-social-icon elementor-social-icon-twitter elementor-repeater-item-5ee983f\" target=\"_blank\">\n\t\t\t\t\t\t<span class=\"elementor-screen-only\">Twitter<\/span>\n\t\t\t\t\t\t<i aria-hidden=\"true\" class=\"fab fa-twitter\"><\/i>\t\t\t\t\t<\/a>\n\t\t\t\t<\/span>\n\t\t\t\t\t\t\t<span class=\"elementor-grid-item\" role=\"listitem\">\n\t\t\t\t\t<a class=\"elementor-icon elementor-social-icon elementor-social-icon-youtube elementor-repeater-item-4a251e6\" target=\"_blank\">\n\t\t\t\t\t\t<span class=\"elementor-screen-only\">Youtube<\/span>\n\t\t\t\t\t\t<i aria-hidden=\"true\" class=\"fab fa-youtube\"><\/i>\t\t\t\t\t<\/a>\n\t\t\t\t<\/span>\n\t\t\t\t\t<\/div>\n\t\t\t\t\t\t<\/div>\n\t\t\t\t<\/div>\n\t\t\t\t<div class=\"elementor-element elementor-element-6004329 elementor-widget elementor-widget-spacer\" data-id=\"6004329\" data-element_type=\"widget\" data-e-type=\"widget\" data-widget_type=\"spacer.default\">\n\t\t\t\t<div class=\"elementor-widget-container\">\n\t\t\t\t\t\t\t<div class=\"elementor-spacer\">\n\t\t\t<div class=\"elementor-spacer-inner\"><\/div>\n\t\t<\/div>\n\t\t\t\t\t\t<\/div>\n\t\t\t\t<\/div>\n\t\t\t\t\t<\/div>\n\t\t<\/div>\n\t\t\t\t\t<\/div>\n\t\t<\/section>\n\t\t\t\t<section class=\"elementor-section elementor-top-section elementor-element elementor-element-7dd5995 elementor-section-boxed elementor-section-height-default elementor-section-height-default\" data-id=\"7dd5995\" data-element_type=\"section\" data-e-type=\"section\">\n\t\t\t\t\t\t<div class=\"elementor-container elementor-column-gap-no\">\n\t\t\t\t\t<div class=\"elementor-column elementor-col-100 elementor-top-column elementor-element elementor-element-940e8aa\" data-id=\"940e8aa\" data-element_type=\"column\" data-e-type=\"column\">\n\t\t\t<div class=\"elementor-widget-wrap elementor-element-populated\">\n\t\t\t\t\t\t<section class=\"elementor-section elementor-inner-section elementor-element elementor-element-1a0b57e elementor-section-boxed elementor-section-height-default elementor-section-height-default\" data-id=\"1a0b57e\" data-element_type=\"section\" data-e-type=\"section\">\n\t\t\t\t\t\t<div class=\"elementor-container elementor-column-gap-default\">\n\t\t\t\t\t<div class=\"elementor-column elementor-col-50 elementor-inner-column elementor-element elementor-element-17c67d3\" data-id=\"17c67d3\" data-element_type=\"column\" data-e-type=\"column\">\n\t\t\t<div class=\"elementor-widget-wrap elementor-element-populated\">\n\t\t\t\t\t\t<div class=\"elementor-element elementor-element-0f1801c elementor-position-top elementor-widget elementor-widget-image-box\" data-id=\"0f1801c\" data-element_type=\"widget\" data-e-type=\"widget\" data-widget_type=\"image-box.default\">\n\t\t\t\t<div class=\"elementor-widget-container\">\n\t\t\t\t\t<div class=\"elementor-image-box-wrapper\"><figure class=\"elementor-image-box-img\"><a href=\"https:\/\/kreisheimatbund.de\/?page_id=148\" target=\"_blank\" tabindex=\"-1\"><img fetchpriority=\"high\" decoding=\"async\" width=\"1398\" height=\"1915\" src=\"https:\/\/kreisheimatbund.de\/wp-content\/uploads\/2021\/12\/11_05_Breite-Str_Kirche_300-1.jpg\" class=\"elementor-animation-grow attachment-full size-full wp-image-618\" alt=\"\" srcset=\"https:\/\/kreisheimatbund.de\/wp-content\/uploads\/2021\/12\/11_05_Breite-Str_Kirche_300-1.jpg 1398w, https:\/\/kreisheimatbund.de\/wp-content\/uploads\/2021\/12\/11_05_Breite-Str_Kirche_300-1-219x300.jpg 219w, https:\/\/kreisheimatbund.de\/wp-content\/uploads\/2021\/12\/11_05_Breite-Str_Kirche_300-1-748x1024.jpg 748w, https:\/\/kreisheimatbund.de\/wp-content\/uploads\/2021\/12\/11_05_Breite-Str_Kirche_300-1-768x1052.jpg 768w, https:\/\/kreisheimatbund.de\/wp-content\/uploads\/2021\/12\/11_05_Breite-Str_Kirche_300-1-1121x1536.jpg 1121w\" sizes=\"(max-width: 1398px) 100vw, 1398px\" \/><\/a><\/figure><div class=\"elementor-image-box-content\"><h3 class=\"elementor-image-box-title\"><a href=\"https:\/\/kreisheimatbund.de\/?page_id=148\" target=\"_blank\">Vortr\u00e4ge<\/a><\/h3><p class=\"elementor-image-box-description\">Nehmen Sie an einem unserer spannenden Vortr\u00e4ge teil.<\/p><\/div><\/div>\t\t\t\t<\/div>\n\t\t\t\t<\/div>\n\t\t\t\t<div class=\"elementor-element elementor-element-7666b59 elementor-position-top elementor-widget elementor-widget-image-box\" data-id=\"7666b59\" data-element_type=\"widget\" data-e-type=\"widget\" data-widget_type=\"image-box.default\">\n\t\t\t\t<div class=\"elementor-widget-container\">\n\t\t\t\t\t<div class=\"elementor-image-box-wrapper\"><figure class=\"elementor-image-box-img\"><a href=\"https:\/\/kreisheimatbund.de\/?page_id=145\" tabindex=\"-1\"><img decoding=\"async\" width=\"2036\" height=\"1460\" src=\"https:\/\/kreisheimatbund.de\/wp-content\/uploads\/2021\/12\/04_15_Marktplatz_Spinzig_300-1.jpg\" class=\"elementor-animation-grow attachment-full size-full wp-image-622\" alt=\"\" srcset=\"https:\/\/kreisheimatbund.de\/wp-content\/uploads\/2021\/12\/04_15_Marktplatz_Spinzig_300-1.jpg 2036w, https:\/\/kreisheimatbund.de\/wp-content\/uploads\/2021\/12\/04_15_Marktplatz_Spinzig_300-1-300x215.jpg 300w, https:\/\/kreisheimatbund.de\/wp-content\/uploads\/2021\/12\/04_15_Marktplatz_Spinzig_300-1-1024x734.jpg 1024w, https:\/\/kreisheimatbund.de\/wp-content\/uploads\/2021\/12\/04_15_Marktplatz_Spinzig_300-1-768x551.jpg 768w, https:\/\/kreisheimatbund.de\/wp-content\/uploads\/2021\/12\/04_15_Marktplatz_Spinzig_300-1-1536x1101.jpg 1536w\" sizes=\"(max-width: 2036px) 100vw, 2036px\" \/><\/a><\/figure><div class=\"elementor-image-box-content\"><h3 class=\"elementor-image-box-title\"><a href=\"https:\/\/kreisheimatbund.de\/?page_id=145\">F\u00fchrungen<\/a><\/h3><p class=\"elementor-image-box-description\">Hier geht es zu den interessanten F\u00fchrungen des Kreisheimatbundes.<\/p><\/div><\/div>\t\t\t\t<\/div>\n\t\t\t\t<\/div>\n\t\t\t\t\t<\/div>\n\t\t<\/div>\n\t\t\t\t<div class=\"elementor-column elementor-col-50 elementor-inner-column elementor-element elementor-element-fcb2b9e\" data-id=\"fcb2b9e\" data-element_type=\"column\" data-e-type=\"column\">\n\t\t\t<div class=\"elementor-widget-wrap elementor-element-populated\">\n\t\t\t\t\t\t<div class=\"elementor-element elementor-element-e4dba83 elementor-position-top elementor-widget elementor-widget-image-box\" data-id=\"e4dba83\" data-element_type=\"widget\" data-e-type=\"widget\" data-widget_type=\"image-box.default\">\n\t\t\t\t<div class=\"elementor-widget-container\">\n\t\t\t\t\t<div class=\"elementor-image-box-wrapper\"><figure class=\"elementor-image-box-img\"><a href=\"https:\/\/kreisheimatbund.de\/?page_id=42\" tabindex=\"-1\"><img decoding=\"async\" width=\"2518\" height=\"1705\" src=\"https:\/\/kreisheimatbund.de\/wp-content\/uploads\/2021\/08\/Burgberg.png\" class=\"elementor-animation-grow attachment-full size-full wp-image-342\" alt=\"\" srcset=\"https:\/\/kreisheimatbund.de\/wp-content\/uploads\/2021\/08\/Burgberg.png 2518w, https:\/\/kreisheimatbund.de\/wp-content\/uploads\/2021\/08\/Burgberg-300x203.png 300w, https:\/\/kreisheimatbund.de\/wp-content\/uploads\/2021\/08\/Burgberg-1024x693.png 1024w, https:\/\/kreisheimatbund.de\/wp-content\/uploads\/2021\/08\/Burgberg-768x520.png 768w, https:\/\/kreisheimatbund.de\/wp-content\/uploads\/2021\/08\/Burgberg-1536x1040.png 1536w, https:\/\/kreisheimatbund.de\/wp-content\/uploads\/2021\/08\/Burgberg-2048x1387.png 2048w\" sizes=\"(max-width: 2518px) 100vw, 2518px\" \/><\/a><\/figure><div class=\"elementor-image-box-content\"><h3 class=\"elementor-image-box-title\"><a href=\"https:\/\/kreisheimatbund.de\/?page_id=42\">Projekte<\/a><\/h3><p class=\"elementor-image-box-description\">Schauen Sie doch mal bei unseren informativen Projekten nach.<\/p><\/div><\/div>\t\t\t\t<\/div>\n\t\t\t\t<\/div>\n\t\t\t\t<div class=\"elementor-element elementor-element-fa1fe59 elementor-widget elementor-widget-image\" data-id=\"fa1fe59\" data-element_type=\"widget\" data-e-type=\"widget\" data-widget_type=\"image.default\">\n\t\t\t\t<div class=\"elementor-widget-container\">\n\t\t\t\t\t\t\t\t\t\t\t\t\t\t\t<img loading=\"lazy\" decoding=\"async\" width=\"1024\" height=\"735\" src=\"https:\/\/kreisheimatbund.de\/wp-content\/uploads\/2021\/12\/13_26_Breite_Str_Groepern_300-2-1024x735.jpg\" class=\"attachment-large size-large wp-image-634\" alt=\"\" srcset=\"https:\/\/kreisheimatbund.de\/wp-content\/uploads\/2021\/12\/13_26_Breite_Str_Groepern_300-2-1024x735.jpg 1024w, https:\/\/kreisheimatbund.de\/wp-content\/uploads\/2021\/12\/13_26_Breite_Str_Groepern_300-2-300x215.jpg 300w, https:\/\/kreisheimatbund.de\/wp-content\/uploads\/2021\/12\/13_26_Breite_Str_Groepern_300-2-768x551.jpg 768w, https:\/\/kreisheimatbund.de\/wp-content\/uploads\/2021\/12\/13_26_Breite_Str_Groepern_300-2-1536x1103.jpg 1536w, https:\/\/kreisheimatbund.de\/wp-content\/uploads\/2021\/12\/13_26_Breite_Str_Groepern_300-2.jpg 1996w\" sizes=\"(max-width: 1024px) 100vw, 1024px\" \/>\t\t\t\t\t\t\t\t\t\t\t\t\t\t\t<\/div>\n\t\t\t\t<\/div>\n\t\t\t\t\t<\/div>\n\t\t<\/div>\n\t\t\t\t\t<\/div>\n\t\t<\/section>\n\t\t\t\t\t<\/div>\n\t\t<\/div>\n\t\t\t\t\t<\/div>\n\t\t<\/section>\n\t\t\t\t<section class=\"elementor-section elementor-top-section elementor-element elementor-element-9a20e80 elementor-section-boxed elementor-section-height-default elementor-section-height-default\" data-id=\"9a20e80\" data-element_type=\"section\" data-e-type=\"section\">\n\t\t\t\t\t\t<div class=\"elementor-container elementor-column-gap-default\">\n\t\t\t\t\t<div class=\"elementor-column elementor-col-100 elementor-top-column elementor-element elementor-element-144ebf4\" data-id=\"144ebf4\" data-element_type=\"column\" data-e-type=\"column\">\n\t\t\t<div class=\"elementor-widget-wrap elementor-element-populated\">\n\t\t\t\t\t\t<div class=\"elementor-element elementor-element-c1e5cc9 elementor-widget elementor-widget-text-editor\" data-id=\"c1e5cc9\" data-element_type=\"widget\" data-e-type=\"widget\" data-widget_type=\"text-editor.default\">\n\t\t\t\t<div class=\"elementor-widget-container\">\n\t\t\t\t\t\t\t\t\t<p>\u00a0<\/p><p>\u00a0<\/p><p>\u00a0<\/p><p>\u00a0<\/p><p>\u00a0<\/p>\t\t\t\t\t\t\t\t<\/div>\n\t\t\t\t<\/div>\n\t\t\t\t\t<\/div>\n\t\t<\/div>\n\t\t\t\t\t<\/div>\n\t\t<\/section>\n\t\t\t\t<\/div>\n\t\t","protected":false},"excerpt":{"rendered":"<p>Hier finden Sie unsere interessanten Veranstaltungen. Da ist garantiert f\u00fcr jeden Geschmack etwas dabei.&nbsp; Mitreissende Vortr\u00e4ge, spannende Exkursionen und interessante F\u00fchrungen. Facebook Twitter Youtube Vortr\u00e4ge Nehmen Sie an einem unserer spannenden Vortr\u00e4ge teil. F\u00fchrungen Hier geht es zu den interessanten F\u00fchrungen des Kreisheimatbundes. Projekte Schauen Sie doch mal bei unseren informativen Projekten nach. \u00a0 \u00a0 \u00a0 \u00a0 \u00a0<\/p>\n","protected":false},"author":1,"featured_media":0,"parent":0,"menu_order":0,"comment_status":"closed","ping_status":"closed","template":"","meta":{"footnotes":""},"class_list":["post-38","page","type-page","status-publish","hentry","latest_post"],"_links":{"self":[{"href":"https:\/\/kreisheimatbund.de\/index.php?rest_route=\/wp\/v2\/pages\/38","targetHints":{"allow":["GET"]}}],"collection":[{"href":"https:\/\/kreisheimatbund.de\/index.php?rest_route=\/wp\/v2\/pages"}],"about":[{"href":"https:\/\/kreisheimatbund.de\/index.php?rest_route=\/wp\/v2\/types\/page"}],"author":[{"embeddable":true,"href":"https:\/\/kreisheimatbund.de\/index.php?rest_route=\/wp\/v2\/users\/1"}],"replies":[{"embeddable":true,"href":"https:\/\/kreisheimatbund.de\/index.php?rest_route=%2Fwp%2Fv2%2Fcomments&post=38"}],"version-history":[{"count":28,"href":"https:\/\/kreisheimatbund.de\/index.php?rest_route=\/wp\/v2\/pages\/38\/revisions"}],"predecessor-version":[{"id":1236,"href":"https:\/\/kreisheimatbund.de\/index.php?rest_route=\/wp\/v2\/pages\/38\/revisions\/1236"}],"wp:attachment":[{"href":"https:\/\/kreisheimatbund.de\/index.php?rest_route=%2Fwp%2Fv2%2Fmedia&parent=38"}],"curies":[{"name":"wp","href":"https:\/\/api.w.org\/{rel}","templated":true}]}}