{"id":36,"date":"2021-07-27T14:25:02","date_gmt":"2021-07-27T14:25:02","guid":{"rendered":"http:\/\/kreisheimatbund.de\/?page_id=36"},"modified":"2022-02-23T10:33:24","modified_gmt":"2022-02-23T10:33:24","slug":"ueber-den-kreisheimatbund","status":"publish","type":"page","link":"https:\/\/kreisheimatbund.de\/?page_id=36","title":{"rendered":"\u00dcber Uns"},"content":{"rendered":"\t\t<div data-elementor-type=\"wp-page\" data-elementor-id=\"36\" class=\"elementor elementor-36\">\n\t\t\t\t\t\t<section class=\"elementor-section elementor-top-section elementor-element elementor-element-f2b6d3c elementor-section-boxed elementor-section-height-default elementor-section-height-default\" data-id=\"f2b6d3c\" data-element_type=\"section\" data-e-type=\"section\">\n\t\t\t\t\t\t<div class=\"elementor-container elementor-column-gap-default\">\n\t\t\t\t\t<div class=\"elementor-column elementor-col-100 elementor-top-column elementor-element elementor-element-1eb24f2\" data-id=\"1eb24f2\" data-element_type=\"column\" data-e-type=\"column\">\n\t\t\t<div class=\"elementor-widget-wrap elementor-element-populated\">\n\t\t\t\t\t\t<div class=\"elementor-element elementor-element-db71f26 elementor-widget elementor-widget-text-editor\" data-id=\"db71f26\" data-element_type=\"widget\" data-e-type=\"widget\" data-widget_type=\"text-editor.default\">\n\t\t\t\t<div class=\"elementor-widget-container\">\n\t\t\t\t\t\t\t\t\t<p>Der Kreisheimatbund Peine ist ein Zusammenschluss von Interessierten, die sich mit der Stadt und der Regionalgeschichte des Landkreis Peine aus einandersetzen.<\/p>\t\t\t\t\t\t\t\t<\/div>\n\t\t\t\t<\/div>\n\t\t\t\t<div class=\"elementor-element elementor-element-c03c30a elementor-widget elementor-widget-image\" data-id=\"c03c30a\" data-element_type=\"widget\" data-e-type=\"widget\" data-widget_type=\"image.default\">\n\t\t\t\t<div class=\"elementor-widget-container\">\n\t\t\t\t\t\t\t\t\t\t\t\t<figure class=\"wp-caption\">\n\t\t\t\t\t\t\t\t\t\t<img fetchpriority=\"high\" decoding=\"async\" width=\"598\" height=\"291\" src=\"https:\/\/kreisheimatbund.de\/wp-content\/uploads\/2021\/08\/Vorstand_2012.jpg\" class=\"attachment-medium_large size-medium_large wp-image-286\" alt=\"\" srcset=\"https:\/\/kreisheimatbund.de\/wp-content\/uploads\/2021\/08\/Vorstand_2012.jpg 598w, https:\/\/kreisheimatbund.de\/wp-content\/uploads\/2021\/08\/Vorstand_2012-300x146.jpg 300w\" sizes=\"(max-width: 598px) 100vw, 598px\" \/>\t\t\t\t\t\t\t\t\t\t\t<figcaption class=\"widget-image-caption wp-caption-text\">Vorstand des Kreisheimatbundes e.V. , von rechts nach links Dr. Jens Binner, Dr. Ralf Holl\u00e4nder, Katja Schr\u00f6der, Martin Weil<\/figcaption>\n\t\t\t\t\t\t\t\t\t\t<\/figure>\n\t\t\t\t\t\t\t\t\t<\/div>\n\t\t\t\t<\/div>\n\t\t\t\t\t<\/div>\n\t\t<\/div>\n\t\t\t\t\t<\/div>\n\t\t<\/section>\n\t\t\t\t<section class=\"elementor-section elementor-top-section elementor-element elementor-element-3bfb589 elementor-section-boxed elementor-section-height-default elementor-section-height-default\" data-id=\"3bfb589\" data-element_type=\"section\" data-e-type=\"section\">\n\t\t\t\t\t\t<div class=\"elementor-container elementor-column-gap-default\">\n\t\t\t\t\t<div class=\"elementor-column elementor-col-100 elementor-top-column elementor-element elementor-element-b69d661\" data-id=\"b69d661\" data-element_type=\"column\" data-e-type=\"column\">\n\t\t\t<div class=\"elementor-widget-wrap elementor-element-populated\">\n\t\t\t\t\t\t<div class=\"elementor-element elementor-element-ec563a2 elementor-widget elementor-widget-text-editor\" data-id=\"ec563a2\" data-element_type=\"widget\" data-e-type=\"widget\" data-widget_type=\"text-editor.default\">\n\t\t\t\t<div class=\"elementor-widget-container\">\n\t\t\t\t\t\t\t\t\t<p>Sie wollen mehr \u00fcber die Geschichte der Region wissen, in der Sie leben?<br \/>Der Kreisheimatbund Peine e. V. bietet Ihnen seit 1893 kompetente Einblicke in mindestens 10.000 Jahre Peiner Land.<\/p><p>Im\u00a0<a href=\"http:\/\/khb-peine.de\/Kontakt\/kontakt.html\"><strong>Kreisheimatbund Peine e.V<\/strong>.\u00a0<\/a>haben sich Menschen zusammengeschlossen, die an der Geschichte und der Kultur des Kreises und der Stadt Peine interessiert sind.<br \/>Die Vereinsgeschichte l\u00e4\u00dft sich bis in das Jahr 1893, zur Gr\u00fcndung des \u201cPeiner Versch\u00f6nerungsvereins\u201d zur\u00fcck-\u2019<br \/>verfolgen.<br \/><br \/>Der Kreisheimatbund Peine e.V. ist ein gemeinn\u00fctziger Verein, der sich folgenden Aufgaben stellt:<br \/>1.Erforschung von Land und Leuten im Heimatgebiet und gegenwartsbezogene Vermittlung der Erkenntnisse dieser Forschung in\u00a0<a href=\"http:\/\/khb-peine.de\/Veranstaltungen\/Programm\/programm.html\">Vortr\u00e4gen<\/a>\u00a0und Ausstellungen<br \/>2.Sicherung, Erhalt und Schutz aller heimatkundlich und kunstgeschichtlich bedeutsamen Denkm\u00e4ler im Stadt- und Kreisgebiet<br \/>3.Schutz des nat\u00fcrlichen Landschaftsbildes, der Pflanzen und Tierwelt sowie Pflege der alt\u00fcberkommenen, erhaltungsw\u00fcrdigen Kulturlandschaft und des heimatlichen Stadt- und Dorfbildes<br \/>4.Pflege und Belebung alten und neuen heimatgebundenen Brauchtums und der\u00a0<a href=\"http:\/\/khb-peine.de\/Arbeitsgruppen\/Mundart\/mundart.html\">Plattdeutschen Mundart<\/a><br \/>5.Mitarbeit im\u00a0<a href=\"http:\/\/khb-peine.de\/Kreismuseum\/kreismuseum.html\">Kreismuseum<\/a>\u00a0und Sammlung aller erreichbaren Kulturg\u00fcter, Urkunden und Gegenst\u00e4nde, die der Forschung und der lebensnahen Weitergabe der Forschungsergebnisse dienen k\u00f6nnen<br \/>6.F\u00f6rderung der Forschungen und\u00a0<a href=\"http:\/\/khb-peine.de\/Veroffentlichungen\/veroffentlichungen.html\">Ver\u00f6ffentlichung<\/a>\u00a0heimatkundlicher Forschungsergebnisse und Arbeiten<\/p><table width=\"392\"><tbody><tr><td width=\"309\"><p>Wer sich f\u00fcr die Geschichte der Stadt Peine interessiert sollte unbedingt in der\u00a0<a href=\"http:\/\/khb-peine.de\/Arbeitsgruppen\/AG%20Stadtgeschichte\/ag%20stadtgeschichte.html\">Arbeitsgruppe Stadtgeschichte<\/a>\u00a0des Kreisheimatbundes Peine mitmachen.<br \/>Wir werden in Zusammenarbeit mit dem\u00a0<a href=\"http:\/\/khb-peine.de\/Stadtarchiv\/stadtarchiv.html\">Stadtarchiv<\/a>, dem\u00a0<a href=\"http:\/\/khb-peine.de\/Kreismuseum\/kreismuseum.html\">Kreismuseum<\/a>\u00a0\/\u00a0<a href=\"http:\/\/khb-peine.de\/Kreisarchiv\/kreisarchiv.html\">Kreisarchiv<\/a>\u00a0und der arch\u00e4ologischen Denkmalpflege gemeinsam Antworten auf Fragen zur Stadtgeschichte erarbeiten.<\/p><\/td><\/tr><\/tbody><\/table>\t\t\t\t\t\t\t\t<\/div>\n\t\t\t\t<\/div>\n\t\t\t\t\t<\/div>\n\t\t<\/div>\n\t\t\t\t\t<\/div>\n\t\t<\/section>\n\t\t\t\t<section class=\"elementor-section elementor-top-section elementor-element elementor-element-fbf760c elementor-section-boxed elementor-section-height-default elementor-section-height-default\" data-id=\"fbf760c\" data-element_type=\"section\" data-e-type=\"section\">\n\t\t\t\t\t\t<div class=\"elementor-container elementor-column-gap-default\">\n\t\t\t\t\t<div class=\"elementor-column elementor-col-100 elementor-top-column elementor-element elementor-element-9b2912a\" data-id=\"9b2912a\" data-element_type=\"column\" data-e-type=\"column\">\n\t\t\t<div class=\"elementor-widget-wrap elementor-element-populated\">\n\t\t\t\t\t\t<section class=\"elementor-section elementor-inner-section elementor-element elementor-element-a857399 elementor-section-boxed elementor-section-height-default elementor-section-height-default\" data-id=\"a857399\" data-element_type=\"section\" data-e-type=\"section\">\n\t\t\t\t\t\t<div class=\"elementor-container elementor-column-gap-default\">\n\t\t\t\t\t<div class=\"elementor-column elementor-col-50 elementor-inner-column elementor-element elementor-element-1dabc05\" data-id=\"1dabc05\" data-element_type=\"column\" data-e-type=\"column\">\n\t\t\t<div class=\"elementor-widget-wrap elementor-element-populated\">\n\t\t\t\t\t\t<div class=\"elementor-element elementor-element-93f52c8 elementor-position-top elementor-widget elementor-widget-image-box\" data-id=\"93f52c8\" data-element_type=\"widget\" data-e-type=\"widget\" data-widget_type=\"image-box.default\">\n\t\t\t\t<div class=\"elementor-widget-container\">\n\t\t\t\t\t<div class=\"elementor-image-box-wrapper\"><figure class=\"elementor-image-box-img\"><a href=\"http:\/\/kreisheimatbund.de\/veranstaltungen\" tabindex=\"-1\"><img decoding=\"async\" width=\"2007\" height=\"1416\" src=\"https:\/\/kreisheimatbund.de\/wp-content\/uploads\/2021\/12\/02_13_Marktplatz_Feier_300-1.jpg\" class=\"elementor-animation-pulse-grow attachment-full size-full wp-image-611\" alt=\"\" srcset=\"https:\/\/kreisheimatbund.de\/wp-content\/uploads\/2021\/12\/02_13_Marktplatz_Feier_300-1.jpg 2007w, https:\/\/kreisheimatbund.de\/wp-content\/uploads\/2021\/12\/02_13_Marktplatz_Feier_300-1-300x212.jpg 300w, https:\/\/kreisheimatbund.de\/wp-content\/uploads\/2021\/12\/02_13_Marktplatz_Feier_300-1-1024x722.jpg 1024w, https:\/\/kreisheimatbund.de\/wp-content\/uploads\/2021\/12\/02_13_Marktplatz_Feier_300-1-768x542.jpg 768w, https:\/\/kreisheimatbund.de\/wp-content\/uploads\/2021\/12\/02_13_Marktplatz_Feier_300-1-1536x1084.jpg 1536w\" sizes=\"(max-width: 2007px) 100vw, 2007px\" \/><\/a><\/figure><div class=\"elementor-image-box-content\"><h3 class=\"elementor-image-box-title\"><a href=\"http:\/\/kreisheimatbund.de\/veranstaltungen\">Veranstaltungen<\/a><\/h3><p class=\"elementor-image-box-description\">Hier gelangene Sie direkt zu unseren interessanten Veranstaltungen. Tauchen Sie mit uns in die Geschichte Peines mit ein<\/p><\/div><\/div>\t\t\t\t<\/div>\n\t\t\t\t<\/div>\n\t\t\t\t\t<\/div>\n\t\t<\/div>\n\t\t\t\t<div class=\"elementor-column elementor-col-50 elementor-inner-column elementor-element elementor-element-38e1df1\" data-id=\"38e1df1\" data-element_type=\"column\" data-e-type=\"column\">\n\t\t\t<div class=\"elementor-widget-wrap elementor-element-populated\">\n\t\t\t\t\t\t<div class=\"elementor-element elementor-element-e9222bc elementor-position-top elementor-widget elementor-widget-image-box\" data-id=\"e9222bc\" data-element_type=\"widget\" data-e-type=\"widget\" data-widget_type=\"image-box.default\">\n\t\t\t\t<div class=\"elementor-widget-container\">\n\t\t\t\t\t<div class=\"elementor-image-box-wrapper\"><figure class=\"elementor-image-box-img\"><a href=\"http:\/\/kreisheimatbund.de\/projekte\" tabindex=\"-1\"><img decoding=\"async\" width=\"2518\" height=\"1705\" src=\"https:\/\/kreisheimatbund.de\/wp-content\/uploads\/2021\/08\/Burgberg.png\" class=\"elementor-animation-pulse-grow attachment-full size-full wp-image-342\" alt=\"\" srcset=\"https:\/\/kreisheimatbund.de\/wp-content\/uploads\/2021\/08\/Burgberg.png 2518w, https:\/\/kreisheimatbund.de\/wp-content\/uploads\/2021\/08\/Burgberg-300x203.png 300w, https:\/\/kreisheimatbund.de\/wp-content\/uploads\/2021\/08\/Burgberg-1024x693.png 1024w, https:\/\/kreisheimatbund.de\/wp-content\/uploads\/2021\/08\/Burgberg-768x520.png 768w, https:\/\/kreisheimatbund.de\/wp-content\/uploads\/2021\/08\/Burgberg-1536x1040.png 1536w, https:\/\/kreisheimatbund.de\/wp-content\/uploads\/2021\/08\/Burgberg-2048x1387.png 2048w\" sizes=\"(max-width: 2518px) 100vw, 2518px\" \/><\/a><\/figure><div class=\"elementor-image-box-content\"><h3 class=\"elementor-image-box-title\"><a href=\"http:\/\/kreisheimatbund.de\/projekte\">Projekte<\/a><\/h3><p class=\"elementor-image-box-description\">Hier bekommen Sie einen Eindruck in unsere wissenschaftlichen Projekte<br>Welche Projekte laufen gerade bei uns? <br>Welche Proejekte gab es bereits?<\/p><\/div><\/div>\t\t\t\t<\/div>\n\t\t\t\t<\/div>\n\t\t\t\t\t<\/div>\n\t\t<\/div>\n\t\t\t\t\t<\/div>\n\t\t<\/section>\n\t\t\t\t<div class=\"elementor-element elementor-element-182f8d2 elementor-button-info elementor-align-right elementor-widget elementor-widget-button\" data-id=\"182f8d2\" data-element_type=\"widget\" data-e-type=\"widget\" data-widget_type=\"button.default\">\n\t\t\t\t<div class=\"elementor-widget-container\">\n\t\t\t\t\t\t\t\t\t<div class=\"elementor-button-wrapper\">\n\t\t\t\t\t<a class=\"elementor-button elementor-button-link elementor-size-xs\" href=\"http:\/\/kreisheimatbund.de\/satzung\">\n\t\t\t\t\t\t<span class=\"elementor-button-content-wrapper\">\n\t\t\t\t\t\t\t\t\t<span class=\"elementor-button-text\">Satzung<\/span>\n\t\t\t\t\t<\/span>\n\t\t\t\t\t<\/a>\n\t\t\t\t<\/div>\n\t\t\t\t\t\t\t\t<\/div>\n\t\t\t\t<\/div>\n\t\t\t\t\t<\/div>\n\t\t<\/div>\n\t\t\t\t\t<\/div>\n\t\t<\/section>\n\t\t\t\t<\/div>\n\t\t","protected":false},"excerpt":{"rendered":"<p>Der Kreisheimatbund Peine ist ein Zusammenschluss von Interessierten, die sich mit der Stadt und der Regionalgeschichte des Landkreis Peine aus einandersetzen. Vorstand des Kreisheimatbundes e.V. , von rechts nach links Dr. Jens Binner, Dr. Ralf Holl\u00e4nder, Katja Schr\u00f6der, Martin Weil Sie wollen mehr \u00fcber die Geschichte der Region wissen, in der Sie leben?Der Kreisheimatbund Peine e. V. bietet Ihnen seit 1893 kompetente Einblicke in mindestens 10.000 Jahre Peiner Land. Im\u00a0Kreisheimatbund Peine e.V.\u00a0haben sich Menschen zusammengeschlossen, &hellip; <\/p>\n","protected":false},"author":1,"featured_media":0,"parent":0,"menu_order":0,"comment_status":"closed","ping_status":"closed","template":"","meta":{"footnotes":""},"class_list":["post-36","page","type-page","status-publish","hentry","latest_post"],"_links":{"self":[{"href":"https:\/\/kreisheimatbund.de\/index.php?rest_route=\/wp\/v2\/pages\/36","targetHints":{"allow":["GET"]}}],"collection":[{"href":"https:\/\/kreisheimatbund.de\/index.php?rest_route=\/wp\/v2\/pages"}],"about":[{"href":"https:\/\/kreisheimatbund.de\/index.php?rest_route=\/wp\/v2\/types\/page"}],"author":[{"embeddable":true,"href":"https:\/\/kreisheimatbund.de\/index.php?rest_route=\/wp\/v2\/users\/1"}],"replies":[{"embeddable":true,"href":"https:\/\/kreisheimatbund.de\/index.php?rest_route=%2Fwp%2Fv2%2Fcomments&post=36"}],"version-history":[{"count":38,"href":"https:\/\/kreisheimatbund.de\/index.php?rest_route=\/wp\/v2\/pages\/36\/revisions"}],"predecessor-version":[{"id":950,"href":"https:\/\/kreisheimatbund.de\/index.php?rest_route=\/wp\/v2\/pages\/36\/revisions\/950"}],"wp:attachment":[{"href":"https:\/\/kreisheimatbund.de\/index.php?rest_route=%2Fwp%2Fv2%2Fmedia&parent=36"}],"curies":[{"name":"wp","href":"https:\/\/api.w.org\/{rel}","templated":true}]}}