{"id":1292,"date":"2026-01-09T11:33:10","date_gmt":"2026-01-09T11:33:10","guid":{"rendered":"https:\/\/kreisheimatbund.de\/?page_id=1292"},"modified":"2026-01-09T11:34:21","modified_gmt":"2026-01-09T11:34:21","slug":"elementor-seite-1292","status":"publish","type":"page","link":"https:\/\/kreisheimatbund.de\/?page_id=1292","title":{"rendered":"Elementor Seite #1292"},"content":{"rendered":"\t\t<div data-elementor-type=\"wp-page\" data-elementor-id=\"1292\" class=\"elementor elementor-1292\">\n\t\t\t\t\t\t<section class=\"elementor-section elementor-top-section elementor-element elementor-element-9f46df1 elementor-section-boxed elementor-section-height-default elementor-section-height-default\" data-id=\"9f46df1\" data-element_type=\"section\" data-e-type=\"section\">\n\t\t\t\t\t\t<div class=\"elementor-container elementor-column-gap-default\">\n\t\t\t\t\t<div class=\"elementor-column elementor-col-100 elementor-top-column elementor-element elementor-element-02c74a9\" data-id=\"02c74a9\" data-element_type=\"column\" data-e-type=\"column\">\n\t\t\t<div class=\"elementor-widget-wrap elementor-element-populated\">\n\t\t\t\t\t\t<div class=\"elementor-element elementor-element-10546c1 elementor-widget elementor-widget-image\" data-id=\"10546c1\" data-element_type=\"widget\" data-e-type=\"widget\" data-widget_type=\"image.default\">\n\t\t\t\t<div class=\"elementor-widget-container\">\n\t\t\t\t\t\t\t\t\t\t\t\t\t\t\t<img fetchpriority=\"high\" decoding=\"async\" width=\"238\" height=\"300\" src=\"https:\/\/kreisheimatbund.de\/wp-content\/uploads\/2026\/01\/Pressebild-Homann-238x300.jpg\" class=\"attachment-medium size-medium wp-image-1297\" alt=\"\" srcset=\"https:\/\/kreisheimatbund.de\/wp-content\/uploads\/2026\/01\/Pressebild-Homann-238x300.jpg 238w, https:\/\/kreisheimatbund.de\/wp-content\/uploads\/2026\/01\/Pressebild-Homann-814x1024.jpg 814w, https:\/\/kreisheimatbund.de\/wp-content\/uploads\/2026\/01\/Pressebild-Homann-768x966.jpg 768w, https:\/\/kreisheimatbund.de\/wp-content\/uploads\/2026\/01\/Pressebild-Homann-48x60.jpg 48w, https:\/\/kreisheimatbund.de\/wp-content\/uploads\/2026\/01\/Pressebild-Homann.jpg 1100w\" sizes=\"(max-width: 238px) 100vw, 238px\" \/>\t\t\t\t\t\t\t\t\t\t\t\t\t\t\t<\/div>\n\t\t\t\t<\/div>\n\t\t\t\t<div class=\"elementor-element elementor-element-33f7fe3 elementor-widget elementor-widget-text-editor\" data-id=\"33f7fe3\" data-element_type=\"widget\" data-e-type=\"widget\" data-widget_type=\"text-editor.default\">\n\t\t\t\t<div class=\"elementor-widget-container\">\n\t\t\t\t\t\t\t\t\t<p><strong>09.02.2026<\/strong><\/p><p><strong>Schlacht bei Lutter am Barenberge 1626 \u2013<br \/>Ein neues Bild durch arch\u00e4ologische Untersuchungen<\/strong><\/p><p>Vortragender: Arne Homann; Leiter des Museums Schloss Salder (Anlage auch Foto):<\/p><p>Vor bald 400 Jahren erreichte der Drei\u00dfigj\u00e4hrige Krieg (1618-1648) endg\u00fcltig das heutige Niedersachsen: Am 27. August 1626 kulminierte der seit 1624 auch in unserer Region schwelende Konflikt in der Schlacht bei Lutter am Barenberge. Dort trafen die Heere der Katholischen Liga unter Tilly und des Nieders\u00e4chsischen Kreises unter dem D\u00e4nenk\u00f6nig Christian IV. aufeinander. Nur etwa 40 Kilometer s\u00fcdlich von Peine entwickelte sich eine der gr\u00f6\u00dften und verlustreichsten Schlachten des gesamten Krieges. Lange war der konkrete Schauplatz dieses in seinen Auswirkungen auch weltgeschichtlich relevanten Ereignisses vergessen. Dank neuer arch\u00e4ologischer Untersuchungen konnte das Schlachtfeld j\u00fcngst wieder lokalisiert werden. Und auch manches Detail der bisherigen historischen Forschung muss infrage gestellt werden. Der Vortrag stellt die Forschungsergebnisse vor und wirft auch einen kurzen Blick auf den Drei\u00dfigj\u00e4hrigen Krieg im Ganzen sowie in seinen regionalen Auswirkungen.<\/p>\t\t\t\t\t\t\t\t<\/div>\n\t\t\t\t<\/div>\n\t\t\t\t\t<\/div>\n\t\t<\/div>\n\t\t\t\t\t<\/div>\n\t\t<\/section>\n\t\t\t\t<\/div>\n\t\t","protected":false},"excerpt":{"rendered":"<p>09.02.2026 Schlacht bei Lutter am Barenberge 1626 \u2013Ein neues Bild durch arch\u00e4ologische Untersuchungen Vortragender: Arne Homann; Leiter des Museums Schloss Salder (Anlage auch Foto): Vor bald 400 Jahren erreichte der Drei\u00dfigj\u00e4hrige Krieg (1618-1648) endg\u00fcltig das heutige Niedersachsen: Am 27. August 1626 kulminierte der seit 1624 auch in unserer Region schwelende Konflikt in der Schlacht bei Lutter am Barenberge. Dort trafen die Heere der Katholischen Liga unter Tilly und des Nieders\u00e4chsischen Kreises unter dem D\u00e4nenk\u00f6nig Christian &hellip; <\/p>\n","protected":false},"author":1,"featured_media":0,"parent":0,"menu_order":0,"comment_status":"closed","ping_status":"closed","template":"","meta":{"footnotes":""},"class_list":["post-1292","page","type-page","status-publish","hentry","latest_post"],"_links":{"self":[{"href":"https:\/\/kreisheimatbund.de\/index.php?rest_route=\/wp\/v2\/pages\/1292","targetHints":{"allow":["GET"]}}],"collection":[{"href":"https:\/\/kreisheimatbund.de\/index.php?rest_route=\/wp\/v2\/pages"}],"about":[{"href":"https:\/\/kreisheimatbund.de\/index.php?rest_route=\/wp\/v2\/types\/page"}],"author":[{"embeddable":true,"href":"https:\/\/kreisheimatbund.de\/index.php?rest_route=\/wp\/v2\/users\/1"}],"replies":[{"embeddable":true,"href":"https:\/\/kreisheimatbund.de\/index.php?rest_route=%2Fwp%2Fv2%2Fcomments&post=1292"}],"version-history":[{"count":4,"href":"https:\/\/kreisheimatbund.de\/index.php?rest_route=\/wp\/v2\/pages\/1292\/revisions"}],"predecessor-version":[{"id":1300,"href":"https:\/\/kreisheimatbund.de\/index.php?rest_route=\/wp\/v2\/pages\/1292\/revisions\/1300"}],"wp:attachment":[{"href":"https:\/\/kreisheimatbund.de\/index.php?rest_route=%2Fwp%2Fv2%2Fmedia&parent=1292"}],"curies":[{"name":"wp","href":"https:\/\/api.w.org\/{rel}","templated":true}]}}