{"id":1286,"date":"2026-01-09T11:27:19","date_gmt":"2026-01-09T11:27:19","guid":{"rendered":"https:\/\/kreisheimatbund.de\/?page_id=1286"},"modified":"2026-01-09T11:30:23","modified_gmt":"2026-01-09T11:30:23","slug":"elementor-1286","status":"publish","type":"page","link":"https:\/\/kreisheimatbund.de\/?page_id=1286","title":{"rendered":"Peines Einkaufsstra\u00dfe"},"content":{"rendered":"\t\t<div data-elementor-type=\"wp-page\" data-elementor-id=\"1286\" class=\"elementor elementor-1286\">\n\t\t\t\t\t\t<section class=\"elementor-section elementor-top-section elementor-element elementor-element-3cea30e elementor-section-boxed elementor-section-height-default elementor-section-height-default\" data-id=\"3cea30e\" data-element_type=\"section\" data-e-type=\"section\">\n\t\t\t\t\t\t<div class=\"elementor-container elementor-column-gap-default\">\n\t\t\t\t\t<div class=\"elementor-column elementor-col-100 elementor-top-column elementor-element elementor-element-edb303e\" data-id=\"edb303e\" data-element_type=\"column\" data-e-type=\"column\">\n\t\t\t<div class=\"elementor-widget-wrap elementor-element-populated\">\n\t\t\t\t\t\t<div class=\"elementor-element elementor-element-3362c7a elementor-widget elementor-widget-image\" data-id=\"3362c7a\" data-element_type=\"widget\" data-e-type=\"widget\" data-widget_type=\"image.default\">\n\t\t\t\t<div class=\"elementor-widget-container\">\n\t\t\t\t\t\t\t\t\t\t\t\t\t\t\t<img fetchpriority=\"high\" decoding=\"async\" width=\"790\" height=\"574\" src=\"https:\/\/kreisheimatbund.de\/wp-content\/uploads\/2026\/01\/1933_Spinzig.png\" class=\"attachment-large size-large wp-image-1288\" alt=\"\" srcset=\"https:\/\/kreisheimatbund.de\/wp-content\/uploads\/2026\/01\/1933_Spinzig.png 864w, https:\/\/kreisheimatbund.de\/wp-content\/uploads\/2026\/01\/1933_Spinzig-300x218.png 300w, https:\/\/kreisheimatbund.de\/wp-content\/uploads\/2026\/01\/1933_Spinzig-768x558.png 768w, https:\/\/kreisheimatbund.de\/wp-content\/uploads\/2026\/01\/1933_Spinzig-83x60.png 83w\" sizes=\"(max-width: 790px) 100vw, 790px\" \/>\t\t\t\t\t\t\t\t\t\t\t\t\t\t\t<\/div>\n\t\t\t\t<\/div>\n\t\t\t\t<div class=\"elementor-element elementor-element-9868024 elementor-widget elementor-widget-text-editor\" data-id=\"9868024\" data-element_type=\"widget\" data-e-type=\"widget\" data-widget_type=\"text-editor.default\">\n\t\t\t\t<div class=\"elementor-widget-container\">\n\t\t\t\t\t\t\t\t\t<p><strong>12.01.2026 und 11.05.2026:<\/strong><\/p><p><strong>\u201eDa ist immer was los\u201c \u2013 <br \/>Zeitreise durch Peines Einkaufsstra\u00dfen Teil I <\/strong><\/p><p>Vortragender: Dr. Ralf Holl\u00e4nder, 1. Vorsitzender Kreisheimatbund Peine e.V. (Anlage Foto)<\/p><p>Die Stadt Peine war lange eine Ackerb\u00fcrgerstadt, doch Handel und Gewerbe waren vermutlich schon seit der Stadtgr\u00fcndung ein wichtiger Wirtschaftsfaktor. Wenn man auch in Peine keine scharfe Trennung in H\u00e4ndler oder Gewerbeviertel \u2013<\/p><p>abgesehen vom T\u00f6pferviertel Gr\u00f6pern \u2013 ausmachen kann, dominierte entlang der Durchgangsstra\u00dfen, Damm, Breite Stra\u00dfe doch der Handel. Der zweiteilige Vortrag von Dr. Ralf Holl\u00e4nder wird im ersten Teil die Entwicklung der st\u00e4dtischen \u201eEinkaufsstra\u00dfen\u201c bis zur Einrichtung der Fu\u00dfg\u00e4ngerzone und der j\u00fcngsten Gro\u00dfbauprojekte beleuchten. Im zweiten Teil \u201evon Korbmacher bis JOHS. Schmidt\u201c gibt ein Wiedersehen mit ehemaligen Peiner Gesch\u00e4ften und der Kl\u00e4rung der Frage: Wo war eigentlich W\u00fcrstchen-Meier? Diese Frage ist f\u00fcr viele leicht zu beantworten aber auch weniger bekannte Gesch\u00e4fte und deren Werbeanzeigen vom Anfang des letzten Jahrhunderts bieten faszinierende Erinnerungen an die ehemals sehr vielseitige Einkaufsstadt Peine.<\/p><p><strong>Teil 1: Montag 12.01.2026<\/strong><\/p><p><strong>Teil 2: Montag 11.05.2026<\/strong><\/p>\t\t\t\t\t\t\t\t<\/div>\n\t\t\t\t<\/div>\n\t\t\t\t\t<\/div>\n\t\t<\/div>\n\t\t\t\t\t<\/div>\n\t\t<\/section>\n\t\t\t\t<\/div>\n\t\t","protected":false},"excerpt":{"rendered":"<p>12.01.2026 und 11.05.2026: \u201eDa ist immer was los\u201c \u2013 Zeitreise durch Peines Einkaufsstra\u00dfen Teil I Vortragender: Dr. Ralf Holl\u00e4nder, 1. Vorsitzender Kreisheimatbund Peine e.V. (Anlage Foto) Die Stadt Peine war lange eine Ackerb\u00fcrgerstadt, doch Handel und Gewerbe waren vermutlich schon seit der Stadtgr\u00fcndung ein wichtiger Wirtschaftsfaktor. Wenn man auch in Peine keine scharfe Trennung in H\u00e4ndler oder Gewerbeviertel \u2013 abgesehen vom T\u00f6pferviertel Gr\u00f6pern \u2013 ausmachen kann, dominierte entlang der Durchgangsstra\u00dfen, Damm, Breite Stra\u00dfe doch der &hellip; <\/p>\n","protected":false},"author":1,"featured_media":0,"parent":0,"menu_order":0,"comment_status":"closed","ping_status":"closed","template":"","meta":{"footnotes":""},"class_list":["post-1286","page","type-page","status-publish","hentry","latest_post"],"_links":{"self":[{"href":"https:\/\/kreisheimatbund.de\/index.php?rest_route=\/wp\/v2\/pages\/1286","targetHints":{"allow":["GET"]}}],"collection":[{"href":"https:\/\/kreisheimatbund.de\/index.php?rest_route=\/wp\/v2\/pages"}],"about":[{"href":"https:\/\/kreisheimatbund.de\/index.php?rest_route=\/wp\/v2\/types\/page"}],"author":[{"embeddable":true,"href":"https:\/\/kreisheimatbund.de\/index.php?rest_route=\/wp\/v2\/users\/1"}],"replies":[{"embeddable":true,"href":"https:\/\/kreisheimatbund.de\/index.php?rest_route=%2Fwp%2Fv2%2Fcomments&post=1286"}],"version-history":[{"count":7,"href":"https:\/\/kreisheimatbund.de\/index.php?rest_route=\/wp\/v2\/pages\/1286\/revisions"}],"predecessor-version":[{"id":1296,"href":"https:\/\/kreisheimatbund.de\/index.php?rest_route=\/wp\/v2\/pages\/1286\/revisions\/1296"}],"wp:attachment":[{"href":"https:\/\/kreisheimatbund.de\/index.php?rest_route=%2Fwp%2Fv2%2Fmedia&parent=1286"}],"curies":[{"name":"wp","href":"https:\/\/api.w.org\/{rel}","templated":true}]}}