{"id":1022,"date":"2022-05-21T07:12:42","date_gmt":"2022-05-21T07:12:42","guid":{"rendered":"http:\/\/kreisheimatbund.de\/?page_id=1022"},"modified":"2022-05-21T07:16:57","modified_gmt":"2022-05-21T07:16:57","slug":"das-juedische-leben-in-peine","status":"publish","type":"page","link":"https:\/\/kreisheimatbund.de\/?page_id=1022","title":{"rendered":"Das j\u00fcdische Leben in Peine"},"content":{"rendered":"\t\t<div data-elementor-type=\"wp-page\" data-elementor-id=\"1022\" class=\"elementor elementor-1022\">\n\t\t\t\t\t\t<section class=\"elementor-section elementor-top-section elementor-element elementor-element-da7c52b elementor-section-boxed elementor-section-height-default elementor-section-height-default\" data-id=\"da7c52b\" data-element_type=\"section\" data-e-type=\"section\">\n\t\t\t\t\t\t<div class=\"elementor-container elementor-column-gap-default\">\n\t\t\t\t\t<div class=\"elementor-column elementor-col-100 elementor-top-column elementor-element elementor-element-63826bc\" data-id=\"63826bc\" data-element_type=\"column\" data-e-type=\"column\">\n\t\t\t<div class=\"elementor-widget-wrap elementor-element-populated\">\n\t\t\t\t\t\t<div class=\"elementor-element elementor-element-5470b3d elementor-widget elementor-widget-text-editor\" data-id=\"5470b3d\" data-element_type=\"widget\" data-e-type=\"widget\" data-widget_type=\"text-editor.default\">\n\t\t\t\t<div class=\"elementor-widget-container\">\n\t\t\t\t\t\t\t\t\t<h1><b>Die Geschichte der j\u00fcdischen Gemeinde<\/b><\/h1><div><b>\u00a0<\/b><\/div><p>Die Vermittlung von Informationen zur Geschichte der j\u00fcdischen Gemeinde in Peine bildet einen besonderen Schwerpunkt der T\u00e4tigkeiten des Kreisheimatbundes Peine e.V. Dabei geht es um die Verfolgung im Nationalsozialismus, die im Jahr 1942 mit der Deportation und Ermordung der noch in Peine lebenden J\u00fcdinnen und Juden endete. Ebenso steht aber die jahrhundertelange Geschichte seit dem Mittelalter im Mittelpunkt, um zu verdeutlichen, wie sich die Mitglieder der j\u00fcdischen Gemeinde m\u00fchsam einen anerkannten Platz in der st\u00e4dtischen Gesellschaft erk\u00e4mpft haben. Seit der Mitte des 19. Jahrhunderts pr\u00e4gten j\u00fcdische Kaufleute, \u00c4rzte und Bankiers das Leben der Stadt. Den H\u00f6hepunkt dieser Entwicklung bildete die Einweihung der neuen Synagoge in der heutigen Hans-Marburger-Stra\u00dfe im Jahr 1907. Ab 1933 wurde auch in Peine die antisemitische Politik der Nationalsozialisten umgesetzt. Im Novemberpogrom 1938 wurde die neue Synagoge zerst\u00f6rt, der 17j\u00e4hrige Hans Marburger wurde ermordet. In den Folgejahren gelang noch zahlreichen J\u00fcdinnen und Juden die Flucht ins Ausland, die sie meist mittellos antreten mussten. Die Deportationen des Jahres 1942 bedeuteten das Ende der j\u00fcdischen Gemeinde in Peine.<\/p><p>Der Kreisheimatbund stellt in einer umfangreichen Publikation s\u00e4mtliche Aspekte j\u00fcdischen Lebens in Peine dar. F\u00fcr die ermordeten J\u00fcdinnen und Juden wurden in den letzten Jahren Stolpersteine verlegt. Regelm\u00e4\u00dfig veranstaltet der Kreisheimatbund Stadtf\u00fchrungen zu verschiedenen Aspekten j\u00fcdischen Lebens in Peine. F\u00fcr den j\u00fcdischen Friedhof und den Platz, an dem bis 1938 die Synagoge stand, hat der Kreisheimatbund Informationstafeln entwickelt. Bei diesen Aktivit\u00e4ten arbeitet der Kreisheimatbund mit verschiedenen Partnern wie dem Peiner B\u00fcndnis f\u00fcr Zivilcourage und Toleranz, dem VVN, den Gewerkschaften und politischen Parteien sowie der Stadt Peine zusammen. \u00dcberregional bestehen Kooperationen mit dem Israel Jacobson Netzwerk und dem Arbeitskreis Andere Geschichte e.V. aus Braunschweig.<\/p><p>\u00a0 \u00a0 \u00a0 \u00a0 \u00a0 \u00a0 \u00a0 \u00a0 \u00a0 \u00a0 \u00a0 \u00a0 \u00a0 \u00a0 \u00a0 \u00a0 \u00a0 \u00a0 \u00a0 \u00a0 \u00a0 \u00a0 \u00a0 \u00a0 \u00a0 \u00a0 \u00a0 \u00a0 \u00a0 \u00a0 \u00a0 \u00a0 \u00a0 \u00a0 \u00a0 \u00a0 \u00a0 \u00a0 \u00a0 \u00a0 \u00a0 \u00a0 \u00a0 \u00a0 \u00a0 \u00a0 \u00a0 \u00a0 \u00a0 \u00a0 \u00a0 \u00a0 \u00a0 \u00a0 \u00a0 \u00a0 \u00a0 \u00a0 \u00a0 \u00a0 \u00a0 \u00a0 \u00a0 \u00a0 \u00a0 \u00a0 \u00a0 \u00a0 \u00a0 \u00a0 \u00a0 \u00a0 \u00a0 \u00a0 \u00a0 \u00a0 \u00a0 \u00a0 \u00a0 \u00a0 \u00a0 \u00a0 \u00a0 \u00a0 \u00a0 \u00a0 \u00a0 \u00a0 \u00a0 \u00a0 \u00a0 \u00a0 \u00a0 \u00a0 \u00a0 \u00a0 \u00a0 \u00a0 \u00a0 \u00a0 \u00a0 \u00a0 \u00a0 \u00a0 \u00a0 \u00a0 \u00a0 \u00a0 \u00a0 \u00a0 \u00a0 Dr. Jens Binner<\/p>\t\t\t\t\t\t\t\t<\/div>\n\t\t\t\t<\/div>\n\t\t\t\t\t<\/div>\n\t\t<\/div>\n\t\t\t\t\t<\/div>\n\t\t<\/section>\n\t\t\t\t<section class=\"elementor-section elementor-top-section elementor-element elementor-element-f50ee3e elementor-section-boxed elementor-section-height-default elementor-section-height-default\" data-id=\"f50ee3e\" data-element_type=\"section\" data-e-type=\"section\">\n\t\t\t\t\t\t<div class=\"elementor-container elementor-column-gap-default\">\n\t\t\t\t\t<div class=\"elementor-column elementor-col-100 elementor-top-column elementor-element elementor-element-08ef135\" data-id=\"08ef135\" data-element_type=\"column\" data-e-type=\"column\">\n\t\t\t<div class=\"elementor-widget-wrap elementor-element-populated\">\n\t\t\t\t\t\t<div class=\"elementor-element elementor-element-9e064ec elementor-widget elementor-widget-image\" data-id=\"9e064ec\" data-element_type=\"widget\" data-e-type=\"widget\" data-widget_type=\"image.default\">\n\t\t\t\t<div class=\"elementor-widget-container\">\n\t\t\t\t\t\t\t\t\t\t\t\t\t\t\t<img fetchpriority=\"high\" decoding=\"async\" width=\"1024\" height=\"694\" src=\"https:\/\/kreisheimatbund.de\/wp-content\/uploads\/2021\/08\/Synagoge-1024x694.png\" class=\"attachment-large size-large wp-image-347\" alt=\"\" srcset=\"https:\/\/kreisheimatbund.de\/wp-content\/uploads\/2021\/08\/Synagoge-1024x694.png 1024w, https:\/\/kreisheimatbund.de\/wp-content\/uploads\/2021\/08\/Synagoge-300x203.png 300w, https:\/\/kreisheimatbund.de\/wp-content\/uploads\/2021\/08\/Synagoge-768x521.png 768w, https:\/\/kreisheimatbund.de\/wp-content\/uploads\/2021\/08\/Synagoge-1536x1042.png 1536w, https:\/\/kreisheimatbund.de\/wp-content\/uploads\/2021\/08\/Synagoge.png 1995w\" sizes=\"(max-width: 1024px) 100vw, 1024px\" \/>\t\t\t\t\t\t\t\t\t\t\t\t\t\t\t<\/div>\n\t\t\t\t<\/div>\n\t\t\t\t\t<\/div>\n\t\t<\/div>\n\t\t\t\t\t<\/div>\n\t\t<\/section>\n\t\t\t\t<section class=\"elementor-section elementor-top-section elementor-element elementor-element-ac4bd7d elementor-section-boxed elementor-section-height-default elementor-section-height-default\" data-id=\"ac4bd7d\" data-element_type=\"section\" data-e-type=\"section\">\n\t\t\t\t\t\t<div class=\"elementor-container elementor-column-gap-default\">\n\t\t\t\t\t<div class=\"elementor-column elementor-col-100 elementor-top-column elementor-element elementor-element-7df3df3\" data-id=\"7df3df3\" data-element_type=\"column\" data-e-type=\"column\">\n\t\t\t<div class=\"elementor-widget-wrap elementor-element-populated\">\n\t\t\t\t\t\t<div class=\"elementor-element elementor-element-8f0a9cb elementor-widget elementor-widget-text-editor\" data-id=\"8f0a9cb\" data-element_type=\"widget\" data-e-type=\"widget\" data-widget_type=\"text-editor.default\">\n\t\t\t\t<div class=\"elementor-widget-container\">\n\t\t\t\t\t\t\t\t\t<h2>Dazu erschienen ist auch eine Publikation des Vereins, welche Sie hier finden.<\/h2><h2><br \/><a href=\"http:\/\/kreisheimatbund.de\/publikationen-und-presse\">Publikationen und Presse<\/a><\/h2>\t\t\t\t\t\t\t\t<\/div>\n\t\t\t\t<\/div>\n\t\t\t\t\t<\/div>\n\t\t<\/div>\n\t\t\t\t\t<\/div>\n\t\t<\/section>\n\t\t\t\t<\/div>\n\t\t","protected":false},"excerpt":{"rendered":"<p>Die Geschichte der j\u00fcdischen Gemeinde \u00a0 Die Vermittlung von Informationen zur Geschichte der j\u00fcdischen Gemeinde in Peine bildet einen besonderen Schwerpunkt der T\u00e4tigkeiten des Kreisheimatbundes Peine e.V. Dabei geht es um die Verfolgung im Nationalsozialismus, die im Jahr 1942 mit der Deportation und Ermordung der noch in Peine lebenden J\u00fcdinnen und Juden endete. Ebenso steht aber die jahrhundertelange Geschichte seit dem Mittelalter im Mittelpunkt, um zu verdeutlichen, wie sich die Mitglieder der j\u00fcdischen Gemeinde m\u00fchsam &hellip; <\/p>\n","protected":false},"author":1,"featured_media":0,"parent":0,"menu_order":0,"comment_status":"closed","ping_status":"closed","template":"","meta":{"footnotes":""},"class_list":["post-1022","page","type-page","status-publish","hentry","latest_post"],"_links":{"self":[{"href":"https:\/\/kreisheimatbund.de\/index.php?rest_route=\/wp\/v2\/pages\/1022","targetHints":{"allow":["GET"]}}],"collection":[{"href":"https:\/\/kreisheimatbund.de\/index.php?rest_route=\/wp\/v2\/pages"}],"about":[{"href":"https:\/\/kreisheimatbund.de\/index.php?rest_route=\/wp\/v2\/types\/page"}],"author":[{"embeddable":true,"href":"https:\/\/kreisheimatbund.de\/index.php?rest_route=\/wp\/v2\/users\/1"}],"replies":[{"embeddable":true,"href":"https:\/\/kreisheimatbund.de\/index.php?rest_route=%2Fwp%2Fv2%2Fcomments&post=1022"}],"version-history":[{"count":4,"href":"https:\/\/kreisheimatbund.de\/index.php?rest_route=\/wp\/v2\/pages\/1022\/revisions"}],"predecessor-version":[{"id":1027,"href":"https:\/\/kreisheimatbund.de\/index.php?rest_route=\/wp\/v2\/pages\/1022\/revisions\/1027"}],"wp:attachment":[{"href":"https:\/\/kreisheimatbund.de\/index.php?rest_route=%2Fwp%2Fv2%2Fmedia&parent=1022"}],"curies":[{"name":"wp","href":"https:\/\/api.w.org\/{rel}","templated":true}]}}